{"id":6635,"date":"2019-05-10T14:40:15","date_gmt":"2019-05-10T14:40:15","guid":{"rendered":"http:\/\/impreza.us-themes.com\/?page_id=6635"},"modified":"2025-06-29T13:38:05","modified_gmt":"2025-06-29T10:38:05","slug":"home","status":"publish","type":"page","link":"https:\/\/emtelectronics.com\/tr\/","title":{"rendered":"Anasayfa"},"content":{"rendered":"<section class=\"l-section wpb_row height_auto width_full\"><div class=\"l-section-h i-cf\"><div class=\"g-cols vc_row via_flex valign_top type_default stacking_default\"><div class=\"vc_col-sm-12 wpb_column vc_column_container\"><div class=\"vc_column-inner\"><div class=\"wpb_wrapper\">\n\t\t\t<!-- START Slider 1 REVOLUTION SLIDER 6.6.5 --><p class=\"rs-p-wp-fix\"><\/p>\n\t\t\t<rs-module-wrap id=\"rev_slider_1_1_wrapper\" data-source=\"gallery\" style=\"visibility:hidden;background:transparent;padding:0;margin:0px auto;margin-top:0;margin-bottom:0;\">\n\t\t\t\t<rs-module id=\"rev_slider_1_1\" style=\"\" data-version=\"6.6.5\">\n\t\t\t\t\t<rs-slides style=\"overflow: hidden; position: absolute;\">\n\t\t\t\t\t\t<rs-slide style=\"position: absolute;\" data-key=\"rs-3\" data-title=\"Slide\" data-thumb=\"\/\/emtelectronics.com\/wp-content\/uploads\/2022\/06\/slider-y-01-50x100.jpg\" data-duration=\"6000ms\" data-anim=\"adpr:false;\" data-in=\"o:0;\" data-out=\"a:false;\">\n\t\t\t\t\t\t\t<img decoding=\"async\" src=\"\/\/emtelectronics.com\/wp-content\/plugins\/revslider\/public\/assets\/assets\/dummy.png\" alt=\"\" title=\"slider-y-01\" width=\"1920\" height=\"840\" class=\"rev-slidebg tp-rs-img rs-lazyload\" data-lazyload=\"\/\/emtelectronics.com\/wp-content\/uploads\/2022\/06\/slider-y-01.jpg\" data-no-retina>\n<!--\n\t\t\t\t\t\t\t--><rs-layer\n\t\t\t\t\t\t\t\tid=\"slider-1-slide-3-layer-0\" \n\t\t\t\t\t\t\t\tdata-type=\"text\"\n\t\t\t\t\t\t\t\tdata-color=\"#ffffff\"\n\t\t\t\t\t\t\t\tdata-rsp_ch=\"on\"\n\t\t\t\t\t\t\t\tdata-xy=\"x:52px;y:147px;\"\n\t\t\t\t\t\t\t\tdata-text=\"w:normal;s:26;l:30;fw:700;\"\n\t\t\t\t\t\t\t\tdata-frame_0=\"sX:0.9;sY:0.9;\"\n\t\t\t\t\t\t\t\tdata-frame_1=\"st:250;sp:1000;sR:250;\"\n\t\t\t\t\t\t\t\tdata-frame_999=\"o:0;st:w;sR:4750;\"\n\t\t\t\t\t\t\t\tstyle=\"z-index:9;font-family:'Roboto';\"\n\t\t\t\t\t\t\t>Adli \u0130nceleme \u00c7\u00f6z\u00fcmleri \n\t\t\t\t\t\t\t<\/rs-layer><!--\n\n\t\t\t\t\t\t\t--><rs-layer\n\t\t\t\t\t\t\t\tid=\"slider-1-slide-3-layer-1\" \n\t\t\t\t\t\t\t\tdata-type=\"text\"\n\t\t\t\t\t\t\t\tdata-color=\"#ffffff\"\n\t\t\t\t\t\t\t\tdata-rsp_ch=\"on\"\n\t\t\t\t\t\t\t\tdata-xy=\"x:52px;y:192px;\"\n\t\t\t\t\t\t\t\tdata-text=\"w:normal;s:17;l:24;\"\n\t\t\t\t\t\t\t\tdata-dim=\"w:550px;\"\n\t\t\t\t\t\t\t\tdata-frame_0=\"sX:0.8;sY:0.8;\"\n\t\t\t\t\t\t\t\tdata-frame_1=\"e:power4.out;st:510;sp:1000;sR:510;\"\n\t\t\t\t\t\t\t\tdata-frame_999=\"o:0;st:w;sR:4490;\"\n\t\t\t\t\t\t\t\tstyle=\"z-index:8;font-family:'Roboto';\"\n\t\t\t\t\t\t\t>Kolluk kuvvetleri ve adli t\u0131p birimlerinin kritik ihtiya\u00e7lar\u0131n\u0131 kar\u015f\u0131lamak i\u00e7in olay yeri incelemede, parmak izi tespiti ve balistik analiz laboratuvarlar\u0131nda kullan\u0131lmak \u00fczere tasarlanm\u0131\u015f ileri teknoloji \u00fcr\u00fcn ve \u00e7\u00f6z\u00fcmler sunuyoruz.  \n\t\t\t\t\t\t\t<\/rs-layer><!--\n-->\t\t\t\t\t\t<\/rs-slide>\n\t\t\t\t\t\t<rs-slide style=\"position: absolute;\" data-key=\"rs-1\" data-title=\"Slide\" data-duration=\"6000ms\" data-anim=\"ms:10;\" data-in=\"o:1;\" data-out=\"a:false;\">\n\t\t\t\t\t\t\t<img decoding=\"async\" src=\"\/\/emtelectronics.com\/wp-content\/plugins\/revslider\/public\/assets\/assets\/dummy.png\" alt=\"\" title=\"fts-rts-background\" width=\"1920\" height=\"1080\" class=\"rev-slidebg tp-rs-img rs-lazyload\" data-lazyload=\"\/\/emtelectronics.com\/wp-content\/uploads\/2025\/03\/fts-rts-background.webp\" data-no-retina>\n<!--\n\t\t\t\t\t\t\t--><rs-layer\n\t\t\t\t\t\t\t\tid=\"slider-1-slide-1-layer-0\" \n\t\t\t\t\t\t\t\tdata-type=\"text\"\n\t\t\t\t\t\t\t\tdata-color=\"#282828\"\n\t\t\t\t\t\t\t\tdata-rsp_ch=\"on\"\n\t\t\t\t\t\t\t\tdata-xy=\"x:52px;y:147px;\"\n\t\t\t\t\t\t\t\tdata-text=\"w:normal;s:26;l:30;fw:700;\"\n\t\t\t\t\t\t\t\tdata-frame_0=\"sX:0.9;sY:0.9;\"\n\t\t\t\t\t\t\t\tdata-frame_1=\"st:250;sp:1000;sR:250;\"\n\t\t\t\t\t\t\t\tdata-frame_999=\"o:0;st:w;sR:4750;\"\n\t\t\t\t\t\t\t\tstyle=\"z-index:7;font-family:'Roboto';\"\n\t\t\t\t\t\t\t>Balistik Test \u00c7\u00f6z\u00fcmleri  \n\t\t\t\t\t\t\t<\/rs-layer><!--\n\n\t\t\t\t\t\t\t--><rs-layer\n\t\t\t\t\t\t\t\tid=\"slider-1-slide-1-layer-1\" \n\t\t\t\t\t\t\t\tdata-type=\"text\"\n\t\t\t\t\t\t\t\tdata-color=\"#282828\"\n\t\t\t\t\t\t\t\tdata-rsp_ch=\"on\"\n\t\t\t\t\t\t\t\tdata-xy=\"x:52px;y:192px;\"\n\t\t\t\t\t\t\t\tdata-text=\"w:normal;s:17;l:24;\"\n\t\t\t\t\t\t\t\tdata-dim=\"w:550px;\"\n\t\t\t\t\t\t\t\tdata-frame_0=\"sX:0.8;sY:0.8;\"\n\t\t\t\t\t\t\t\tdata-frame_1=\"e:power4.out;st:510;sp:1000;sR:510;\"\n\t\t\t\t\t\t\t\tdata-frame_999=\"o:0;st:w;sR:4490;\"\n\t\t\t\t\t\t\t\tstyle=\"z-index:6;font-family:'Roboto';\"\n\t\t\t\t\t\t\t>Kolluk kuvvetlerinin yan\u0131 s\u0131ra yerli ve yabanc\u0131 silah ile m\u00fchimmat sekt\u00f6r\u00fcne, performans ve fonksiyon testlerinde kullan\u0131lmak \u00fczere g\u00fcvenli ve \u00fcst\u00fcn bir \u00e7\u00f6z\u00fcm olarak Ate\u015fli Silah ve M\u00fchimmat Test Sistemleri ile Uzaktan Tetikleme \u0130stasyonu \u00e7\u00f6z\u00fcmleri sunuyoruz. \n\t\t\t\t\t\t\t<\/rs-layer><!--\n\n\t\t\t\t\t\t\t--><rs-layer\n\t\t\t\t\t\t\t\tid=\"slider-1-slide-1-layer-7\" \n\t\t\t\t\t\t\t\tdata-type=\"image\"\n\t\t\t\t\t\t\t\tdata-rsp_ch=\"on\"\n\t\t\t\t\t\t\t\tdata-xy=\"x:815px;y:72px;\"\n\t\t\t\t\t\t\t\tdata-text=\"w:normal;\"\n\t\t\t\t\t\t\t\tdata-dim=\"w:398px;h:224px;\"\n\t\t\t\t\t\t\t\tdata-frame_1=\"y:-1px;e:power4.out;st:510;sp:1000;sR:250;\"\n\t\t\t\t\t\t\t\tdata-frame_999=\"o:0;st:w;sR:5450;\"\n\t\t\t\t\t\t\t\tstyle=\"z-index:8;\"\n\t\t\t\t\t\t\t><img decoding=\"async\" src=\"\/\/emtelectronics.com\/wp-content\/plugins\/revslider\/public\/assets\/assets\/dummy.png\" alt=\"\" class=\"tp-rs-img rs-lazyload\" width=\"1500\" height=\"844\" data-lazyload=\"\/\/emtelectronics.com\/wp-content\/uploads\/2025\/03\/rts_300_04-a.webp\" data-no-retina> \n\t\t\t\t\t\t\t<\/rs-layer><!--\n\n\t\t\t\t\t\t\t--><rs-layer\n\t\t\t\t\t\t\t\tid=\"slider-1-slide-1-layer-8\" \n\t\t\t\t\t\t\t\tdata-type=\"image\"\n\t\t\t\t\t\t\t\tdata-rsp_ch=\"on\"\n\t\t\t\t\t\t\t\tdata-xy=\"x:565px;y:203px;\"\n\t\t\t\t\t\t\t\tdata-text=\"w:normal;\"\n\t\t\t\t\t\t\t\tdata-dim=\"w:533px;h:300px;\"\n\t\t\t\t\t\t\t\tdata-frame_1=\"y:-1px;e:power4.out;st:510;sp:1000;sR:250;\"\n\t\t\t\t\t\t\t\tdata-frame_999=\"o:0;st:w;sR:5450;\"\n\t\t\t\t\t\t\t\tstyle=\"z-index:9;\"\n\t\t\t\t\t\t\t><img decoding=\"async\" src=\"\/\/emtelectronics.com\/wp-content\/plugins\/revslider\/public\/assets\/assets\/dummy.png\" alt=\"\" class=\"tp-rs-img rs-lazyload\" width=\"1500\" height=\"844\" data-lazyload=\"\/\/emtelectronics.com\/wp-content\/uploads\/2025\/03\/fts300m-1.webp\" data-no-retina> \n\t\t\t\t\t\t\t<\/rs-layer><!--\n-->\t\t\t\t\t\t<\/rs-slide>\n\t\t\t\t\t\t<rs-slide style=\"position: absolute;\" data-key=\"rs-4\" data-title=\"Slide\" data-duration=\"6000ms\" data-anim=\"adpr:false;\" data-in=\"o:0;\" data-out=\"a:false;\">\n\t\t\t\t\t\t\t<img decoding=\"async\" src=\"\/\/emtelectronics.com\/wp-content\/plugins\/revslider\/public\/assets\/assets\/dummy.png\" alt=\"\" title=\"kabinler\" width=\"1920\" height=\"1080\" class=\"rev-slidebg tp-rs-img rs-lazyload\" data-lazyload=\"\/\/emtelectronics.com\/wp-content\/uploads\/2025\/03\/kabinler-1.webp\" data-no-retina>\n<!--\n\t\t\t\t\t\t\t--><rs-layer\n\t\t\t\t\t\t\t\tid=\"slider-1-slide-4-layer-0\" \n\t\t\t\t\t\t\t\tdata-type=\"text\"\n\t\t\t\t\t\t\t\tdata-color=\"#282828\"\n\t\t\t\t\t\t\t\tdata-rsp_ch=\"on\"\n\t\t\t\t\t\t\t\tdata-xy=\"x:52px;y:147px;\"\n\t\t\t\t\t\t\t\tdata-text=\"w:normal;s:26;l:30;fw:700;\"\n\t\t\t\t\t\t\t\tdata-frame_0=\"sX:0.9;sY:0.9;\"\n\t\t\t\t\t\t\t\tdata-frame_1=\"st:250;sp:1000;sR:250;\"\n\t\t\t\t\t\t\t\tdata-frame_999=\"o:0;st:w;sR:4750;\"\n\t\t\t\t\t\t\t\tstyle=\"z-index:9;font-family:'Roboto';\"\n\t\t\t\t\t\t\t>Kontroll\u00fc Depolama ve Takip Sistemleri \n\t\t\t\t\t\t\t<\/rs-layer><!--\n\n\t\t\t\t\t\t\t--><rs-layer\n\t\t\t\t\t\t\t\tid=\"slider-1-slide-4-layer-1\" \n\t\t\t\t\t\t\t\tdata-type=\"text\"\n\t\t\t\t\t\t\t\tdata-color=\"#282828\"\n\t\t\t\t\t\t\t\tdata-rsp_ch=\"on\"\n\t\t\t\t\t\t\t\tdata-xy=\"x:51px;y:192px;\"\n\t\t\t\t\t\t\t\tdata-text=\"w:normal;s:17;l:24;\"\n\t\t\t\t\t\t\t\tdata-dim=\"w:550px;\"\n\t\t\t\t\t\t\t\tdata-frame_0=\"sX:0.8;sY:0.8;\"\n\t\t\t\t\t\t\t\tdata-frame_1=\"e:power4.out;st:510;sp:1000;sR:510;\"\n\t\t\t\t\t\t\t\tdata-frame_999=\"o:0;st:w;sR:4490;\"\n\t\t\t\t\t\t\t\tstyle=\"z-index:8;font-family:'Roboto';\"\n\t\t\t\t\t\t\t>Ulusal ve uluslararas\u0131 pazarlarda, elektronik \u00fcretim ve savunma sanayii gibi hassasiyet ve dayan\u0131kl\u0131l\u0131\u011f\u0131n kritik \u00f6nem ta\u015f\u0131d\u0131\u011f\u0131 sekt\u00f6rler i\u00e7in d\u00fcnyan\u0131n en h\u0131zl\u0131 nem alma ve kurutma kabinlerini \u00fcretiyor; ayr\u0131ca yenilik\u00e7i depolama kontrol sistem yaz\u0131l\u0131m \u00e7\u00f6z\u00fcmleri sunuyoruz.  \n\t\t\t\t\t\t\t<\/rs-layer><!--\n-->\t\t\t\t\t\t<\/rs-slide>\n\t\t\t\t\t<\/rs-slides>\n\t\t\t\t<\/rs-module>\n\t\t\t\t<script>\n\t\t\t\t\tsetREVStartSize({c: 'rev_slider_1_1',rl:[1240,1024,778,480],el:[600],gw:[1240],gh:[600],type:'standard',justify:'',layout:'fullwidth',mh:\"0\"});if (window.RS_MODULES!==undefined && window.RS_MODULES.modules!==undefined && window.RS_MODULES.modules[\"revslider11\"]!==undefined) {window.RS_MODULES.modules[\"revslider11\"].once = false;window.revapi1 = undefined;if (window.RS_MODULES.checkMinimal!==undefined) window.RS_MODULES.checkMinimal()}\n\t\t\t\t<\/script>\n\t\t\t<\/rs-module-wrap>\n\t\t\t<!-- END REVOLUTION SLIDER -->\n<\/div><\/div><\/div><\/div><\/div><\/section><section class=\"l-section wpb_row us_custom_72b187a6 height_auto\"><div class=\"l-section-h i-cf\"><div class=\"g-cols vc_row via_flex valign_top type_default stacking_default\"><div class=\"vc_col-sm-12 wpb_column vc_column_container\"><div class=\"vc_column-inner\"><div class=\"wpb_wrapper\"><div class=\"w-hwrapper hide_on_mobiles align_none valign_top\" id=\"tabMenu\"><div class=\"w-iconbox us_custom_c8b6bd81 tabBtn endustriyel iconpos_top style_default color_custom align_left no_text icontype_img\"><div class=\"w-iconbox-icon\" style=\"font-size:3rem;color:var(--color-header-middle-text-hover);\"><img loading=\"lazy\" decoding=\"async\" width=\"500\" height=\"254\" src=\"https:\/\/emtelectronics.com\/wp-content\/uploads\/2025\/06\/emt-bos.png\" class=\"attachment-full size-full\" alt=\"\" srcset=\"https:\/\/emtelectronics.com\/wp-content\/uploads\/2025\/06\/emt-bos.png 500w, https:\/\/emtelectronics.com\/wp-content\/uploads\/2025\/06\/emt-bos-300x152.png 300w\" sizes=\"auto, (max-width: 500px) 100vw, 500px\" \/><\/div><div class=\"w-iconbox-meta\"><p class=\"w-iconbox-title\" style=\"font-size:14px;\">Adli \u0130nceleme \u00c7\u00f6z\u00fcmleri<\/p><\/div><\/div><div class=\"w-iconbox us_custom_c8b6bd81 tabBtn endustriyel iconpos_top style_default color_primary align_left no_text icontype_img\"><div class=\"w-iconbox-icon\" style=\"font-size:4rem;\"><img loading=\"lazy\" decoding=\"async\" width=\"500\" height=\"254\" src=\"https:\/\/emtelectronics.com\/wp-content\/uploads\/2025\/06\/emt-bos.png\" class=\"attachment-full size-full\" alt=\"\" srcset=\"https:\/\/emtelectronics.com\/wp-content\/uploads\/2025\/06\/emt-bos.png 500w, https:\/\/emtelectronics.com\/wp-content\/uploads\/2025\/06\/emt-bos-300x152.png 300w\" sizes=\"auto, (max-width: 500px) 100vw, 500px\" \/><\/div><div class=\"w-iconbox-meta\"><div class=\"w-iconbox-title\" style=\"font-size:14px;\">Balistik Test \u00c7\u00f6z\u00fcmleri<\/div><\/div><\/div><div class=\"w-iconbox us_custom_c8b6bd81 tabBtn endustriyel iconpos_top style_default color_primary align_left no_text icontype_img\"><div class=\"w-iconbox-icon\" style=\"font-size:4rem;\"><img loading=\"lazy\" decoding=\"async\" width=\"500\" height=\"254\" src=\"https:\/\/emtelectronics.com\/wp-content\/uploads\/2025\/02\/x-treme-kirmizi.png\" class=\"attachment-full size-full\" alt=\"\" srcset=\"https:\/\/emtelectronics.com\/wp-content\/uploads\/2025\/02\/x-treme-kirmizi.png 500w, https:\/\/emtelectronics.com\/wp-content\/uploads\/2025\/02\/x-treme-kirmizi-300x152.png 300w\" sizes=\"auto, (max-width: 500px) 100vw, 500px\" \/><\/div><div class=\"w-iconbox-meta\"><div class=\"w-iconbox-title\" style=\"font-size:14px;\">Kontroll\u00fc Depolama ve Takip Sistemleri<\/div><\/div><\/div><\/div><div class=\"w-hwrapper hide_on_default hide_on_laptops hide_on_tablets align_none valign_top wrap\" id=\"tabMenumbl\"><div class=\"w-iconbox us_custom_a48f891f tabBtn endustriyel iconpos_top style_default color_custom align_left no_text icontype_img\"><div class=\"w-iconbox-icon\" style=\"font-size:3rem;color:var(--color-header-middle-text-hover);\"><img loading=\"lazy\" decoding=\"async\" width=\"500\" height=\"254\" src=\"https:\/\/emtelectronics.com\/wp-content\/uploads\/2025\/06\/emt-bos.png\" class=\"attachment-full size-full\" alt=\"\" srcset=\"https:\/\/emtelectronics.com\/wp-content\/uploads\/2025\/06\/emt-bos.png 500w, https:\/\/emtelectronics.com\/wp-content\/uploads\/2025\/06\/emt-bos-300x152.png 300w\" sizes=\"auto, (max-width: 500px) 100vw, 500px\" \/><\/div><div class=\"w-iconbox-meta\"><p class=\"w-iconbox-title\" style=\"font-size:14px;\">Adli \u0130nceleme \u00c7\u00f6z\u00fcmleri<\/p><\/div><\/div><div class=\"w-iconbox us_custom_a48f891f tabBtn tabaktifmbl endustriyel iconpos_top style_default color_primary align_left no_text icontype_img\"><div class=\"w-iconbox-icon\" style=\"font-size:4rem;\"><img loading=\"lazy\" decoding=\"async\" width=\"500\" height=\"254\" src=\"https:\/\/emtelectronics.com\/wp-content\/uploads\/2025\/06\/emt-bos.png\" class=\"attachment-full size-full\" alt=\"\" srcset=\"https:\/\/emtelectronics.com\/wp-content\/uploads\/2025\/06\/emt-bos.png 500w, https:\/\/emtelectronics.com\/wp-content\/uploads\/2025\/06\/emt-bos-300x152.png 300w\" sizes=\"auto, (max-width: 500px) 100vw, 500px\" \/><\/div><div class=\"w-iconbox-meta\"><div class=\"w-iconbox-title\" style=\"font-size:14px;\">Balistik Test \u00c7\u00f6z\u00fcmleri<\/div><\/div><\/div><div class=\"w-iconbox us_custom_a48f891f tabBtn tabaktifmbl endustriyel iconpos_top style_default color_primary align_left no_text icontype_img\"><div class=\"w-iconbox-icon\" style=\"font-size:4rem;\"><img loading=\"lazy\" decoding=\"async\" width=\"500\" height=\"254\" src=\"https:\/\/emtelectronics.com\/wp-content\/uploads\/2025\/02\/x-treme-kirmizi.png\" class=\"attachment-full size-full\" alt=\"\" srcset=\"https:\/\/emtelectronics.com\/wp-content\/uploads\/2025\/02\/x-treme-kirmizi.png 500w, https:\/\/emtelectronics.com\/wp-content\/uploads\/2025\/02\/x-treme-kirmizi-300x152.png 300w\" sizes=\"auto, (max-width: 500px) 100vw, 500px\" \/><\/div><div class=\"w-iconbox-meta\"><div class=\"w-iconbox-title\" style=\"font-size:14px;\">Kontroll\u00fc Depolama ve Takip Sistemleri<\/div><\/div><\/div><\/div><div class=\"w-html\"><!--<script>\nvar header = document.getElementById(\"tabMenu\");\nvar btns = header.getElementsByClassName(\"tabBtn\");\nfor (var i = 0; i < btns.length; i++) {\n  btns[i].addEventListener(\"click\", function() {\n  var current = document.getElementsByClassName(\"tabaktif\");\n  current[0].className = current[0].className.replace(\" tabaktif\", \"\");\n  this.className += \" tabaktif\";\n  });\n}\n<\/script>--><\/div><div class=\"w-tabs anasayfatab hide_on_default hide_on_laptops hide_on_tablets hide_on_mobiles layout_hor style_trendy switch_click has_scrolling\" style=\"--sections-title-size:max( 1rem, 1vw )\" data-accordion-at-width=\"100\"><div class=\"w-tabs-list items_4 align_none\" style=\"font-family:var(--font-h1);text-transform:uppercase;\"><div class=\"w-tabs-list-h\"><button class=\"w-tabs-item active\" aria-controls=\"content-tab2\" aria-expanded=\"false\"><span class=\"w-tabs-item-title\">adli bili\u015fim<\/span><\/button><button class=\"w-tabs-item\" aria-controls=\"content-tab1\" aria-expanded=\"false\"><span class=\"w-tabs-item-title\">kriminal<\/span><\/button><button class=\"w-tabs-item\" aria-controls=\"content-tab3\" aria-expanded=\"false\"><span class=\"w-tabs-item-title\">end\u00fcstriyel<\/span><\/button><button class=\"w-tabs-item\" aria-controls=\"content-tab4\" aria-expanded=\"false\"><span class=\"w-tabs-item-title\">savunma<\/span><\/button><\/div><\/div><div class=\"w-tabs-sections titles-align_none icon_chevron cpos_right\"><div class=\"w-tabs-section active\" id=\"tab2\"><button class=\"w-tabs-section-header active\" aria-controls=\"content-tab2\" aria-expanded=\"true\"><div class=\"w-tabs-section-title\">adli bili\u015fim<\/div><div class=\"w-tabs-section-control\"><\/div><\/button><div  class=\"w-tabs-section-content\" id=\"content-tab2\"><div class=\"w-tabs-section-content-h i-cf\"><div class=\"g-cols wpb_row via_flex valign_top type_default stacking_default\"><div class=\"vc_col-sm-12 wpb_column vc_column_container\"><div class=\"vc_column-inner\"><div class=\"wpb_wrapper\"><div class=\"w-hwrapper align_center valign_middle wrap\"><div class=\"wpb_text_column\"><div class=\"wpb_wrapper\"><p><a href=\"https:\/\/emtelectronics.com\/siber\/\"><img loading=\"lazy\" decoding=\"async\" class=\"alignnone wp-image-8146\" src=\"https:\/\/emtelectronics.com\/wp-content\/uploads\/2022\/05\/logo-01.jpg\" alt=\"\" width=\"200\" height=\"71\" srcset=\"https:\/\/emtelectronics.com\/wp-content\/uploads\/2022\/05\/logo-01.jpg 678w, https:\/\/emtelectronics.com\/wp-content\/uploads\/2022\/05\/logo-01-300x106.jpg 300w\" sizes=\"auto, (max-width: 200px) 100vw, 200px\" \/><\/a><\/p>\n<\/div><\/div><div class=\"wpb_text_column\"><div class=\"wpb_wrapper\"><p><img loading=\"lazy\" decoding=\"async\" class=\"alignnone wp-image-8147\" src=\"https:\/\/emtelectronics.com\/wp-content\/uploads\/2022\/05\/logo-02.jpg\" alt=\"\" width=\"200\" height=\"71\" srcset=\"https:\/\/emtelectronics.com\/wp-content\/uploads\/2022\/05\/logo-02.jpg 677w, https:\/\/emtelectronics.com\/wp-content\/uploads\/2022\/05\/logo-02-300x106.jpg 300w\" sizes=\"auto, (max-width: 200px) 100vw, 200px\" \/><\/p>\n<\/div><\/div><\/div><\/div><\/div><\/div><\/div><\/div><\/div><\/div><div class=\"w-tabs-section\" id=\"tab1\"><button class=\"w-tabs-section-header\" aria-controls=\"content-tab1\" aria-expanded=\"false\"><div class=\"w-tabs-section-title\">kriminal<\/div><div class=\"w-tabs-section-control\"><\/div><\/button><div  class=\"w-tabs-section-content\" id=\"content-tab1\"><div class=\"w-tabs-section-content-h i-cf\"><div class=\"g-cols wpb_row via_flex valign_top type_default stacking_default\"><div class=\"vc_col-sm-12 wpb_column vc_column_container\"><div class=\"vc_column-inner\"><div class=\"wpb_wrapper\"><div class=\"w-hwrapper align_center valign_middle wrap\"><div class=\"wpb_text_column\"><div class=\"wpb_wrapper\"><p><img loading=\"lazy\" decoding=\"async\" class=\"alignnone wp-image-8146\" src=\"https:\/\/emtelectronics.com\/wp-content\/uploads\/2022\/05\/logo-03.jpg\" alt=\"\" width=\"200\" height=\"71\" \/><\/p>\n<\/div><\/div><div class=\"wpb_text_column\"><div class=\"wpb_wrapper\"><p><img loading=\"lazy\" decoding=\"async\" class=\"alignnone wp-image-8147\" src=\"https:\/\/emtelectronics.com\/wp-content\/uploads\/2022\/05\/logo-04.jpg\" alt=\"\" width=\"200\" height=\"71\" \/><\/p>\n<\/div><\/div><\/div><\/div><\/div><\/div><\/div><\/div><\/div><\/div><div class=\"w-tabs-section\" id=\"tab3\"><button class=\"w-tabs-section-header\" aria-controls=\"content-tab3\" aria-expanded=\"false\"><div class=\"w-tabs-section-title\">end\u00fcstriyel<\/div><div class=\"w-tabs-section-control\"><\/div><\/button><div  class=\"w-tabs-section-content\" id=\"content-tab3\"><div class=\"w-tabs-section-content-h i-cf\"><div class=\"g-cols wpb_row via_flex valign_top type_default stacking_default\"><div class=\"vc_col-sm-12 wpb_column vc_column_container\"><div class=\"vc_column-inner\"><div class=\"wpb_wrapper\"><div class=\"w-hwrapper align_center valign_middle wrap\"><div class=\"wpb_text_column\"><div class=\"wpb_wrapper\"><p><a href=\"https:\/\/emtelectronics.com\/endustriyel-cozumler\/\"><img loading=\"lazy\" decoding=\"async\" class=\"alignnone wp-image-8146\" src=\"https:\/\/emtelectronics.com\/wp-content\/uploads\/2022\/05\/logo-05.jpg\" alt=\"\" width=\"200\" height=\"71\" \/><\/a><\/p>\n<\/div><\/div><div class=\"wpb_text_column\"><div class=\"wpb_wrapper\"><p><img loading=\"lazy\" decoding=\"async\" class=\"alignnone wp-image-8147\" src=\"https:\/\/emtelectronics.com\/wp-content\/uploads\/2022\/05\/logo-06.jpg\" alt=\"\" width=\"200\" height=\"71\" \/><\/p>\n<\/div><\/div><\/div><\/div><\/div><\/div><\/div><\/div><\/div><\/div><div class=\"w-tabs-section\" id=\"tab4\"><button class=\"w-tabs-section-header\" aria-controls=\"content-tab4\" aria-expanded=\"false\"><div class=\"w-tabs-section-title\">savunma<\/div><div class=\"w-tabs-section-control\"><\/div><\/button><div  class=\"w-tabs-section-content\" id=\"content-tab4\"><div class=\"w-tabs-section-content-h i-cf\"><div class=\"g-cols wpb_row via_flex valign_top type_default stacking_default\"><div class=\"vc_col-sm-12 wpb_column vc_column_container\"><div class=\"vc_column-inner\"><div class=\"wpb_wrapper\"><div class=\"w-hwrapper align_center valign_middle wrap\"><div class=\"wpb_text_column\"><div class=\"wpb_wrapper\"><p><a href=\"https:\/\/emtelectronics.com\/savunma-ve-havacilik\/\"><img loading=\"lazy\" decoding=\"async\" class=\"alignnone wp-image-8146\" src=\"https:\/\/emtelectronics.com\/wp-content\/uploads\/2022\/05\/logo-07.jpg\" alt=\"\" width=\"200\" height=\"71\" \/><\/a><\/p>\n<\/div><\/div><div class=\"wpb_text_column\"><div class=\"wpb_wrapper\"><p><a href=\"https:\/\/emtelectronics.com\/savunma-ve-havacilik\/\"><img loading=\"lazy\" decoding=\"async\" class=\"alignnone wp-image-8147\" src=\"https:\/\/emtelectronics.com\/wp-content\/uploads\/2022\/05\/logo-10.jpg\" alt=\"\" width=\"200\" height=\"71\" \/><\/a><\/p>\n<\/div><\/div><div class=\"wpb_text_column\"><div class=\"wpb_wrapper\"><p><a href=\"https:\/\/emtelectronics.com\/savunma-ve-havacilik\/\"><img loading=\"lazy\" decoding=\"async\" class=\"alignnone wp-image-8147\" src=\"https:\/\/emtelectronics.com\/wp-content\/uploads\/2022\/05\/logo-09.jpg\" alt=\"\" width=\"200\" height=\"71\" \/><\/a><\/p>\n<\/div><\/div><div class=\"wpb_text_column\"><div class=\"wpb_wrapper\"><p><a href=\"https:\/\/emtelectronics.com\/savunma-ve-havacilik\/\"><img loading=\"lazy\" decoding=\"async\" class=\"alignnone wp-image-8147\" src=\"https:\/\/emtelectronics.com\/wp-content\/uploads\/2022\/05\/logo-08.jpg\" alt=\"\" width=\"200\" height=\"71\" \/><\/a><\/p>\n<\/div><\/div><div class=\"wpb_text_column\"><div class=\"wpb_wrapper\"><p><a href=\"https:\/\/emtelectronics.com\/savunma-ve-havacilik\/\"><img loading=\"lazy\" decoding=\"async\" class=\"alignnone wp-image-8147\" src=\"https:\/\/emtelectronics.com\/wp-content\/uploads\/2022\/05\/logo-11.jpg\" alt=\"\" width=\"200\" height=\"71\" \/><\/a><\/p>\n<\/div><\/div><\/div><\/div><\/div><\/div><\/div><\/div><\/div><\/div><\/div><\/div><\/div><\/div><\/div><\/div><\/div><\/section>\n","protected":false},"excerpt":{"rendered":"Adli \u0130nceleme \u00c7\u00f6z\u00fcmleri Kolluk kuvvetleri ve adli t\u0131p birimlerinin kritik ihtiya\u00e7lar\u0131n\u0131 kar\u015f\u0131lamak i\u00e7in olay yeri incelemede, parmak izi tespiti ve balistik analiz laboratuvarlar\u0131nda kullan\u0131lmak \u00fczere tasarlanm\u0131\u015f ileri teknoloji \u00fcr\u00fcn ve \u00e7\u00f6z\u00fcmler sunuyoruz. Balistik Test \u00c7\u00f6z\u00fcmleri Kolluk kuvvetlerinin yan\u0131 s\u0131ra yerli ve yabanc\u0131 silah ile m\u00fchimmat sekt\u00f6r\u00fcne, performans ve fonksiyon testlerinde kullan\u0131lmak \u00fczere g\u00fcvenli ve \u00fcst\u00fcn...","protected":false},"author":1,"featured_media":0,"parent":0,"menu_order":0,"comment_status":"closed","ping_status":"closed","template":"","meta":{"footnotes":""},"class_list":["post-6635","page","type-page","status-publish","hentry"],"_links":{"self":[{"href":"https:\/\/emtelectronics.com\/tr\/wp-json\/wp\/v2\/pages\/6635","targetHints":{"allow":["GET"]}}],"collection":[{"href":"https:\/\/emtelectronics.com\/tr\/wp-json\/wp\/v2\/pages"}],"about":[{"href":"https:\/\/emtelectronics.com\/tr\/wp-json\/wp\/v2\/types\/page"}],"author":[{"embeddable":true,"href":"https:\/\/emtelectronics.com\/tr\/wp-json\/wp\/v2\/users\/1"}],"replies":[{"embeddable":true,"href":"https:\/\/emtelectronics.com\/tr\/wp-json\/wp\/v2\/comments?post=6635"}],"version-history":[{"count":52,"href":"https:\/\/emtelectronics.com\/tr\/wp-json\/wp\/v2\/pages\/6635\/revisions"}],"predecessor-version":[{"id":10600,"href":"https:\/\/emtelectronics.com\/tr\/wp-json\/wp\/v2\/pages\/6635\/revisions\/10600"}],"wp:attachment":[{"href":"https:\/\/emtelectronics.com\/tr\/wp-json\/wp\/v2\/media?parent=6635"}],"curies":[{"name":"wp","href":"https:\/\/api.w.org\/{rel}","templated":true}]}}