{"id":8001,"date":"2022-05-30T18:06:14","date_gmt":"2022-05-30T15:06:14","guid":{"rendered":"https:\/\/emtelectronics.com\/?page_id=8001"},"modified":"2025-05-07T09:59:24","modified_gmt":"2025-05-07T06:59:24","slug":"basin","status":"publish","type":"page","link":"https:\/\/emtelectronics.com\/tr\/basin\/","title":{"rendered":"Bas\u0131n"},"content":{"rendered":"<section class=\"l-section wpb_row height_custom\"><div class=\"l-section-h i-cf\"><div class=\"g-cols vc_row via_flex valign_top type_default stacking_default\"><div class=\"vc_col-sm-12 wpb_column vc_column_container\"><div class=\"vc_column-inner\"><div class=\"wpb_wrapper\"><div class=\"w-grid type_grid layout_8015 overflow_hidden\" id=\"us_grid_1\" data-filterable=\"true\"><style>#us_grid_1 .w-grid-item:not(:last-child){margin-bottom:1.5rem}#us_grid_1 .g-loadmore{margin-top:1.5rem}.layout_8015 .w-grid-item-h{}.layout_8015 .usg_hwrapper_1{transition-duration:0.3s;transform-origin:50% 50%;transform:scale(1) translate(0%,0%)}.layout_8015 .w-grid-item-h:hover .usg_hwrapper_1{transform:scale(1) translate(0%,0%);opacity:1;border-color:var(--color-content-primary)!important}@media(max-width:599px){.layout_8015 .usg_post_date_1{display:none!important}}@media(max-width:599px){.layout_8015 .usg_post_content_1{display:none!important}}.layout_8015 .usg_hwrapper_1{padding:40px!important;border:2px solid #e8e8e8!important}.layout_8015 .usg_post_image_1{width:50%!important}.layout_8015 .usg_vwrapper_1{width:50%!important}.layout_8015 .usg_post_date_1{color:var(--color-content-faded)!important;font-size:14px!important;line-height:1.4!important}.layout_8015 .usg_post_title_1{font-size:1.8rem!important;line-height:1.2!important}.layout_8015 .usg_post_content_1{font-size:0.9rem!important;line-height:1.6!important;padding-right:1.5rem!important}@media (max-width:600px){.layout_8015 .usg_post_title_1{font-size:1.2rem!important}}<\/style><div class=\"w-grid-list\">\t<article class=\"w-grid-item size_1x1 post-10618 post type-post status-publish format-standard has-post-thumbnail hentry category-haberler\" data-id=\"10618\">\r\n\t\t<div class=\"w-grid-item-h\">\r\n\t\t\t\t\t\t<div class=\"w-hwrapper usg_hwrapper_1 align_none valign_top\" style=\"--hwrapper-gap:1.20rem\"><div class=\"w-vwrapper usg_vwrapper_1 align_none valign_top\"><time class=\"w-post-elm post_date usg_post_date_1 has_text_color entry-date published\" datetime=\"2025-09-03T11:23:30+03:00\"><i class=\"fal fa-calendar\"><\/i>09\/03\/2025<\/time><h2 class=\"w-post-elm post_title usg_post_title_1 entry-title color_link_inherit\"><a href=\"https:\/\/emtelectronics.com\/tr\/5-elektronik-uretim-gunleri-eug2025-basliyor\/\">5. Elektronik \u00dcretim G\u00fcnleri (#EUG2025) Ba\u015fl\u0131yor!<\/a><\/h2><div class=\"w-post-elm post_content usg_post_content_1\">EMT Electronics, ANKATEK ve ER-SA i\u015f birli\u011fiyle d\u00fczenlenen Elektronik \u00dcretim G\u00fcnleri, sekt\u00f6r profesyonellerini bir araya getiriyor. Yenilik\u00e7i teknolojiler, \u00fcr\u00fcn demo alanlar\u0131 ve ulusal-uluslararas\u0131 i\u015f&hellip;<\/div><\/div><div class=\"w-post-elm post_image usg_post_image_1 has_width has_ratio\"><div style=\"padding-bottom:66.6667%\"><\/div><a href=\"https:\/\/emtelectronics.com\/tr\/5-elektronik-uretim-gunleri-eug2025-basliyor\/\" aria-label=\"5. Elektronik \u00dcretim G\u00fcnleri (#EUG2025) Ba\u015fl\u0131yor!\"><img loading=\"lazy\" decoding=\"async\" width=\"1080\" height=\"1252\" src=\"https:\/\/emtelectronics.com\/wp-content\/uploads\/2025\/09\/EMT-ELEKTRONIK-URETIM-GUNLERI-davetiye.jpg\" class=\"attachment-full size-full wp-post-image\" alt=\"\" srcset=\"https:\/\/emtelectronics.com\/wp-content\/uploads\/2025\/09\/EMT-ELEKTRONIK-URETIM-GUNLERI-davetiye.jpg 1080w, https:\/\/emtelectronics.com\/wp-content\/uploads\/2025\/09\/EMT-ELEKTRONIK-URETIM-GUNLERI-davetiye-259x300.jpg 259w, https:\/\/emtelectronics.com\/wp-content\/uploads\/2025\/09\/EMT-ELEKTRONIK-URETIM-GUNLERI-davetiye-883x1024.jpg 883w\" sizes=\"auto, (max-width: 1080px) 100vw, 1080px\" \/><\/a><\/div><\/div>\t\t<\/div>\r\n\t<\/article>\r\n\t<article class=\"w-grid-item size_1x1 post-10011 post type-post status-publish format-standard has-post-thumbnail hentry category-haberler\" data-id=\"10011\">\r\n\t\t<div class=\"w-grid-item-h\">\r\n\t\t\t\t\t\t<div class=\"w-hwrapper usg_hwrapper_1 align_none valign_top\" style=\"--hwrapper-gap:1.20rem\"><div class=\"w-vwrapper usg_vwrapper_1 align_none valign_top\"><time class=\"w-post-elm post_date usg_post_date_1 has_text_color entry-date published\" datetime=\"2025-05-07T09:54:02+03:00\"><i class=\"fal fa-calendar\"><\/i>05\/07\/2025<\/time><h2 class=\"w-post-elm post_title usg_post_title_1 entry-title color_link_inherit\"><a href=\"https:\/\/emtelectronics.com\/tr\/elektronikmassan-2025\/\">Elektronikm\u00e4ssan 2025<\/a><\/h2><div class=\"w-post-elm post_content usg_post_content_1\">De\u011ferli distrib\u00fct\u00f6r\u00fcm\u00fcz EUROSTAT GROUP ile birlikte \u0130sve\u00e7, Stockholm\u2019deki Elektronikm\u00e4ssan 2025\u2019te heyecan verici iki g\u00fcn ge\u00e7irdik. G\u00fc\u00e7l\u00fc ortakl\u0131klar\u0131 i\u00e7in Eurostat Group\u2019a ve stand\u0131m\u0131z\u0131 ziyaret edip&hellip;<\/div><\/div><div class=\"w-post-elm post_image usg_post_image_1 has_width has_ratio\"><div style=\"padding-bottom:66.6667%\"><\/div><a href=\"https:\/\/emtelectronics.com\/tr\/elektronikmassan-2025\/\" aria-label=\"Elektronikm\u00e4ssan 2025\"><img loading=\"lazy\" decoding=\"async\" width=\"800\" height=\"847\" src=\"https:\/\/emtelectronics.com\/wp-content\/uploads\/2025\/05\/Elektronikmassan-2025-1.jpg\" class=\"attachment-full size-full wp-post-image\" alt=\"\" srcset=\"https:\/\/emtelectronics.com\/wp-content\/uploads\/2025\/05\/Elektronikmassan-2025-1.jpg 800w, https:\/\/emtelectronics.com\/wp-content\/uploads\/2025\/05\/Elektronikmassan-2025-1-283x300.jpg 283w\" sizes=\"auto, (max-width: 800px) 100vw, 800px\" \/><\/a><\/div><\/div>\t\t<\/div>\r\n\t<\/article>\r\n\t<article class=\"w-grid-item size_1x1 post-10007 post type-post status-publish format-standard has-post-thumbnail hentry category-haberler\" data-id=\"10007\">\r\n\t\t<div class=\"w-grid-item-h\">\r\n\t\t\t\t\t\t<div class=\"w-hwrapper usg_hwrapper_1 align_none valign_top\" style=\"--hwrapper-gap:1.20rem\"><div class=\"w-vwrapper usg_vwrapper_1 align_none valign_top\"><time class=\"w-post-elm post_date usg_post_date_1 has_text_color entry-date published\" datetime=\"2025-05-07T09:53:37+03:00\"><i class=\"fal fa-calendar\"><\/i>05\/07\/2025<\/time><h2 class=\"w-post-elm post_title usg_post_title_1 entry-title color_link_inherit\"><a href=\"https:\/\/emtelectronics.com\/tr\/ipc-apex-2025\/\">IPC APEX 2025<\/a><\/h2><div class=\"w-post-elm post_content usg_post_content_1\">EMT Electronics\u2019in en son yenili\u011fi olan X-Smart Light \u2013 Ak\u0131ll\u0131 Depolama \u00c7\u00f6z\u00fcmlerimiz IPC APEX 2025\u2019te 1614 No\u2019lu stantta yer ald\u0131. Verimlilik i\u00e7in Pick by&hellip;<\/div><\/div><div class=\"w-post-elm post_image usg_post_image_1 has_width has_ratio\"><div style=\"padding-bottom:66.6667%\"><\/div><a href=\"https:\/\/emtelectronics.com\/tr\/ipc-apex-2025\/\" aria-label=\"IPC APEX 2025\"><img loading=\"lazy\" decoding=\"async\" width=\"1024\" height=\"768\" src=\"https:\/\/emtelectronics.com\/wp-content\/uploads\/2025\/05\/IPC-APEX-2025-3-1024x768-2.jpg\" class=\"attachment-full size-full wp-post-image\" alt=\"\" srcset=\"https:\/\/emtelectronics.com\/wp-content\/uploads\/2025\/05\/IPC-APEX-2025-3-1024x768-2.jpg 1024w, https:\/\/emtelectronics.com\/wp-content\/uploads\/2025\/05\/IPC-APEX-2025-3-1024x768-2-300x225.jpg 300w\" sizes=\"auto, (max-width: 1024px) 100vw, 1024px\" \/><\/a><\/div><\/div>\t\t<\/div>\r\n\t<\/article>\r\n\t<article class=\"w-grid-item size_1x1 post-10004 post type-post status-publish format-standard has-post-thumbnail hentry category-haberler\" data-id=\"10004\">\r\n\t\t<div class=\"w-grid-item-h\">\r\n\t\t\t\t\t\t<div class=\"w-hwrapper usg_hwrapper_1 align_none valign_top\" style=\"--hwrapper-gap:1.20rem\"><div class=\"w-vwrapper usg_vwrapper_1 align_none valign_top\"><time class=\"w-post-elm post_date usg_post_date_1 has_text_color entry-date published\" datetime=\"2025-05-07T09:49:38+03:00\"><i class=\"fal fa-calendar\"><\/i>05\/07\/2025<\/time><h2 class=\"w-post-elm post_title usg_post_title_1 entry-title color_link_inherit\"><a href=\"https:\/\/emtelectronics.com\/tr\/x-treme-connect-international-2024\/\">X-Treme Connect International 2024<\/a><\/h2><div class=\"w-post-elm post_content usg_post_content_1\">X-Treme Series Nem Alma Kabinleri ekibi olarak, \u00fcr\u00fcn yeniliklerini sergilemek, sekt\u00f6r trendlerini tart\u0131\u015fmak ve i\u015f birliklerini g\u00fc\u00e7lendirmek i\u00e7in \u201cX-Treme Connect International 2024 Etkinli\u011fimizde\u201d de\u011ferli&hellip;<\/div><\/div><div class=\"w-post-elm post_image usg_post_image_1 has_width has_ratio\"><div style=\"padding-bottom:66.6667%\"><\/div><a href=\"https:\/\/emtelectronics.com\/tr\/x-treme-connect-international-2024\/\" aria-label=\"X-Treme Connect International 2024\"><img loading=\"lazy\" decoding=\"async\" width=\"800\" height=\"587\" src=\"https:\/\/emtelectronics.com\/wp-content\/uploads\/2025\/05\/x-treme-connect-1.jpg\" class=\"attachment-full size-full wp-post-image\" alt=\"\" srcset=\"https:\/\/emtelectronics.com\/wp-content\/uploads\/2025\/05\/x-treme-connect-1.jpg 800w, https:\/\/emtelectronics.com\/wp-content\/uploads\/2025\/05\/x-treme-connect-1-300x220.jpg 300w\" sizes=\"auto, (max-width: 800px) 100vw, 800px\" \/><\/a><\/div><\/div>\t\t<\/div>\r\n\t<\/article>\r\n\t<article class=\"w-grid-item size_1x1 post-9166 post type-post status-publish format-standard has-post-thumbnail hentry category-haberler\" data-id=\"9166\">\r\n\t\t<div class=\"w-grid-item-h\">\r\n\t\t\t\t\t\t<div class=\"w-hwrapper usg_hwrapper_1 align_none valign_top\" style=\"--hwrapper-gap:1.20rem\"><div class=\"w-vwrapper usg_vwrapper_1 align_none valign_top\"><time class=\"w-post-elm post_date usg_post_date_1 has_text_color entry-date published\" datetime=\"2024-10-22T11:05:29+03:00\"><i class=\"fal fa-calendar\"><\/i>10\/22\/2024<\/time><h2 class=\"w-post-elm post_title usg_post_title_1 entry-title color_link_inherit\"><a href=\"https:\/\/emtelectronics.com\/tr\/saha-expo-2024\/\">SAHA EXPO 2024<\/a><\/h2><div class=\"w-post-elm post_content usg_post_content_1\">Savunma, g\u00fcvenlik ve teknoloji sekt\u00f6rlerinin en \u00f6nemli bulu\u015fma noktas\u0131 olan SAHA EXPO 2024&#8217;te, \u200b\u200bziyaret\u00e7ilerimize, uzman ekibimiz, dijital adli t\u0131p, siber g\u00fcvenlik, ceza soru\u015fturmalar\u0131, ate\u015fli&hellip;<\/div><\/div><div class=\"w-post-elm post_image usg_post_image_1 has_width has_ratio\"><div style=\"padding-bottom:66.6667%\"><\/div><a href=\"https:\/\/emtelectronics.com\/tr\/saha-expo-2024\/\" aria-label=\"SAHA EXPO 2024\"><img loading=\"lazy\" decoding=\"async\" width=\"2560\" height=\"1920\" src=\"https:\/\/emtelectronics.com\/wp-content\/uploads\/2024\/11\/IMG_4591-scaled.jpeg\" class=\"attachment-full size-full wp-post-image\" alt=\"\" srcset=\"https:\/\/emtelectronics.com\/wp-content\/uploads\/2024\/11\/IMG_4591-scaled.jpeg 2560w, https:\/\/emtelectronics.com\/wp-content\/uploads\/2024\/11\/IMG_4591-300x225.jpeg 300w, https:\/\/emtelectronics.com\/wp-content\/uploads\/2024\/11\/IMG_4591-1024x768.jpeg 1024w, https:\/\/emtelectronics.com\/wp-content\/uploads\/2024\/11\/IMG_4591-1536x1152.jpeg 1536w\" sizes=\"auto, (max-width: 2560px) 100vw, 2560px\" \/><\/a><\/div><\/div>\t\t<\/div>\r\n\t<\/article>\r\n\t<article class=\"w-grid-item size_1x1 post-9154 post type-post status-publish format-standard has-post-thumbnail hentry category-haberler\" data-id=\"9154\">\r\n\t\t<div class=\"w-grid-item-h\">\r\n\t\t\t\t\t\t<div class=\"w-hwrapper usg_hwrapper_1 align_none valign_top\" style=\"--hwrapper-gap:1.20rem\"><div class=\"w-vwrapper usg_vwrapper_1 align_none valign_top\"><time class=\"w-post-elm post_date usg_post_date_1 has_text_color entry-date published\" datetime=\"2024-10-08T18:00:07+03:00\"><i class=\"fal fa-calendar\"><\/i>10\/08\/2024<\/time><h2 class=\"w-post-elm post_title usg_post_title_1 entry-title color_link_inherit\"><a href=\"https:\/\/emtelectronics.com\/tr\/4-elektronik-uretim-gunleri\/\">4. ELEKTRON\u0130K \u00dcRET\u0130M G\u00dcNLER\u0130<\/a><\/h2><div class=\"w-post-elm post_content usg_post_content_1\">EMT Elektronik, X-Treme Series\u00a0markas\u0131 olarak bu y\u0131l d\u00f6rd\u00fcnc\u00fcs\u00fc d\u00fczenlenen \u201cElektronik \u00dcretim G\u00fcnleri\u201d Y\u0131ld\u0131r\u0131m Elektronik\u00a0 i\u015f birli\u011fi ile 8 Ekim 2024 Sal\u0131 g\u00fcn\u00fc, Marriott Hotel&hellip;<\/div><\/div><div class=\"w-post-elm post_image usg_post_image_1 has_width has_ratio\"><div style=\"padding-bottom:66.6667%\"><\/div><a href=\"https:\/\/emtelectronics.com\/tr\/4-elektronik-uretim-gunleri\/\" aria-label=\"4. ELEKTRON\u0130K \u00dcRET\u0130M G\u00dcNLER\u0130\"><img loading=\"lazy\" decoding=\"async\" width=\"1200\" height=\"627\" src=\"https:\/\/emtelectronics.com\/wp-content\/uploads\/2024\/11\/1728477057864.jpeg\" class=\"attachment-full size-full wp-post-image\" alt=\"\" srcset=\"https:\/\/emtelectronics.com\/wp-content\/uploads\/2024\/11\/1728477057864.jpeg 1200w, https:\/\/emtelectronics.com\/wp-content\/uploads\/2024\/11\/1728477057864-300x157.jpeg 300w, https:\/\/emtelectronics.com\/wp-content\/uploads\/2024\/11\/1728477057864-1024x535.jpeg 1024w\" sizes=\"auto, (max-width: 1200px) 100vw, 1200px\" \/><\/a><\/div><\/div>\t\t<\/div>\r\n\t<\/article>\r\n\t<article class=\"w-grid-item size_1x1 post-9162 post type-post status-publish format-standard has-post-thumbnail hentry category-haberler\" data-id=\"9162\">\r\n\t\t<div class=\"w-grid-item-h\">\r\n\t\t\t\t\t\t<div class=\"w-hwrapper usg_hwrapper_1 align_none valign_top\" style=\"--hwrapper-gap:1.20rem\"><div class=\"w-vwrapper usg_vwrapper_1 align_none valign_top\"><time class=\"w-post-elm post_date usg_post_date_1 has_text_color entry-date published\" datetime=\"2024-09-27T11:03:33+03:00\"><i class=\"fal fa-calendar\"><\/i>09\/27\/2024<\/time><h2 class=\"w-post-elm post_title usg_post_title_1 entry-title color_link_inherit\"><a href=\"https:\/\/emtelectronics.com\/tr\/tek-day-2024\/\">TEK Day 2024<\/a><\/h2><div class=\"w-post-elm post_content usg_post_content_1\">\u00c7\u00f6z\u00fcm orta\u011f\u0131m\u0131z Amtest Group ve ziyaret\u00e7ilerimiz sayesinde TEK Day 2024 fuar\u0131n\u0131 \u00e7ok verimli ge\u00e7irdik, ziyaret\u00e7ilerimizi X-Treme Series Nem Alma Kabinleri hakk\u0131nda bilgilendirdik ve markam\u0131z\u0131&hellip;<\/div><\/div><div class=\"w-post-elm post_image usg_post_image_1 has_width has_ratio\"><div style=\"padding-bottom:66.6667%\"><\/div><a href=\"https:\/\/emtelectronics.com\/tr\/tek-day-2024\/\" aria-label=\"TEK Day 2024\"><img loading=\"lazy\" decoding=\"async\" width=\"1600\" height=\"1200\" src=\"https:\/\/emtelectronics.com\/wp-content\/uploads\/2024\/11\/1727361655522.jpeg\" class=\"attachment-full size-full wp-post-image\" alt=\"\" srcset=\"https:\/\/emtelectronics.com\/wp-content\/uploads\/2024\/11\/1727361655522.jpeg 1600w, https:\/\/emtelectronics.com\/wp-content\/uploads\/2024\/11\/1727361655522-300x225.jpeg 300w, https:\/\/emtelectronics.com\/wp-content\/uploads\/2024\/11\/1727361655522-1024x768.jpeg 1024w, https:\/\/emtelectronics.com\/wp-content\/uploads\/2024\/11\/1727361655522-1536x1152.jpeg 1536w\" sizes=\"auto, (max-width: 1600px) 100vw, 1600px\" \/><\/a><\/div><\/div>\t\t<\/div>\r\n\t<\/article>\r\n\t<article class=\"w-grid-item size_1x1 post-9144 post type-post status-publish format-standard has-post-thumbnail hentry category-haberler\" data-id=\"9144\">\r\n\t\t<div class=\"w-grid-item-h\">\r\n\t\t\t\t\t\t<div class=\"w-hwrapper usg_hwrapper_1 align_none valign_top\" style=\"--hwrapper-gap:1.20rem\"><div class=\"w-vwrapper usg_vwrapper_1 align_none valign_top\"><time class=\"w-post-elm post_date usg_post_date_1 has_text_color entry-date published\" datetime=\"2024-09-23T17:37:19+03:00\"><i class=\"fal fa-calendar\"><\/i>09\/23\/2024<\/time><h2 class=\"w-post-elm post_title usg_post_title_1 entry-title color_link_inherit\"><a href=\"https:\/\/emtelectronics.com\/tr\/enfsi-2024\/\">ENFSI 2024<\/a><\/h2><div class=\"w-post-elm post_content usg_post_content_1\">ENFSI EWG Ate\u015fli Silahlar ve GSR Toplant\u0131s\u0131 2024 V\u0130YANA&#8217;da, &#8216;Olay Yeri \u0130ncelemesi&#8217; ve &#8216;Parmak \u0130zi Geli\u015ftirme&#8217; alan\u0131ndaki uzmanl\u0131\u011f\u0131m\u0131z\u0131 ve \u00fcr\u00fcnlerimizi payla\u015ft\u0131k ve balistik alanda&hellip;<\/div><\/div><div class=\"w-post-elm post_image usg_post_image_1 has_width has_ratio\"><div style=\"padding-bottom:66.6667%\"><\/div><a href=\"https:\/\/emtelectronics.com\/tr\/enfsi-2024\/\" aria-label=\"ENFSI 2024\"><img loading=\"lazy\" decoding=\"async\" width=\"768\" height=\"628\" src=\"https:\/\/emtelectronics.com\/wp-content\/uploads\/2024\/11\/1727100397471-e1731508742745.jpeg\" class=\"attachment-full size-full wp-post-image\" alt=\"\" srcset=\"https:\/\/emtelectronics.com\/wp-content\/uploads\/2024\/11\/1727100397471-e1731508742745.jpeg 768w, https:\/\/emtelectronics.com\/wp-content\/uploads\/2024\/11\/1727100397471-e1731508742745-300x245.jpeg 300w\" sizes=\"auto, (max-width: 768px) 100vw, 768px\" \/><\/a><\/div><\/div>\t\t<\/div>\r\n\t<\/article>\r\n\t<article class=\"w-grid-item size_1x1 post-9140 post type-post status-publish format-standard has-post-thumbnail hentry category-haberler\" data-id=\"9140\">\r\n\t\t<div class=\"w-grid-item-h\">\r\n\t\t\t\t\t\t<div class=\"w-hwrapper usg_hwrapper_1 align_none valign_top\" style=\"--hwrapper-gap:1.20rem\"><div class=\"w-vwrapper usg_vwrapper_1 align_none valign_top\"><time class=\"w-post-elm post_date usg_post_date_1 has_text_color entry-date published\" datetime=\"2024-09-19T17:34:01+03:00\"><i class=\"fal fa-calendar\"><\/i>09\/19\/2024<\/time><h2 class=\"w-post-elm post_title usg_post_title_1 entry-title color_link_inherit\"><a href=\"https:\/\/emtelectronics.com\/tr\/igef-2024\/\">\u0130GEF 2024<\/a><\/h2><div class=\"w-post-elm post_content usg_post_content_1\">Sekt\u00f6rdeki en son yenilikleri ve geli\u015fmeleri profesyonellere tan\u0131tan \u0130\u00e7 G\u00fcvenlik ve Ekipmanlar\u0131 Fuar\u2019\u0131nda adli bili\u015fim yaz\u0131l\u0131m donan\u0131m \u00e7\u00f6z\u00fcmlerimizi, delil kurutma kabinlerimizi, parmak izi geli\u015ftirme&hellip;<\/div><\/div><div class=\"w-post-elm post_image usg_post_image_1 has_width has_ratio\"><div style=\"padding-bottom:66.6667%\"><\/div><a href=\"https:\/\/emtelectronics.com\/tr\/igef-2024\/\" aria-label=\"\u0130GEF 2024\"><img loading=\"lazy\" decoding=\"async\" width=\"2048\" height=\"1536\" src=\"https:\/\/emtelectronics.com\/wp-content\/uploads\/2024\/11\/1726757862869.jpeg\" class=\"attachment-full size-full wp-post-image\" alt=\"\" srcset=\"https:\/\/emtelectronics.com\/wp-content\/uploads\/2024\/11\/1726757862869.jpeg 2048w, https:\/\/emtelectronics.com\/wp-content\/uploads\/2024\/11\/1726757862869-300x225.jpeg 300w, https:\/\/emtelectronics.com\/wp-content\/uploads\/2024\/11\/1726757862869-1024x768.jpeg 1024w, https:\/\/emtelectronics.com\/wp-content\/uploads\/2024\/11\/1726757862869-1536x1152.jpeg 1536w\" sizes=\"auto, (max-width: 2048px) 100vw, 2048px\" \/><\/a><\/div><\/div>\t\t<\/div>\r\n\t<\/article>\r\n\t<article class=\"w-grid-item size_1x1 post-9131 post type-post status-publish format-standard has-post-thumbnail hentry category-haberler\" data-id=\"9131\">\r\n\t\t<div class=\"w-grid-item-h\">\r\n\t\t\t\t\t\t<div class=\"w-hwrapper usg_hwrapper_1 align_none valign_top\" style=\"--hwrapper-gap:1.20rem\"><div class=\"w-vwrapper usg_vwrapper_1 align_none valign_top\"><time class=\"w-post-elm post_date usg_post_date_1 has_text_color entry-date published\" datetime=\"2024-06-10T17:29:48+03:00\"><i class=\"fal fa-calendar\"><\/i>06\/10\/2024<\/time><h2 class=\"w-post-elm post_title usg_post_title_1 entry-title color_link_inherit\"><a href=\"https:\/\/emtelectronics.com\/tr\/smt-connect-2024\/\">SMT CONNECT 2024<\/a><\/h2><div class=\"w-post-elm post_content usg_post_content_1\">11-13 Haziran tarihlerinde ger\u00e7ekle\u015fen elektronik \u00fcretim s\u00fcre\u00e7lerinin t\u00fcm a\u015famalar\u0131n\u0131 kapsayan SMT Connect Fuar\u0131&#8217;nda \u00e7e\u015fitli end\u00fcstrilere y\u00f6nelik birinci s\u0131n\u0131f nem alma \u00e7\u00f6z\u00fcmleri i\u00e7in y\u00fcksek teknolojili&hellip;<\/div><\/div><div class=\"w-post-elm post_image usg_post_image_1 has_width has_ratio\"><div style=\"padding-bottom:66.6667%\"><\/div><a href=\"https:\/\/emtelectronics.com\/tr\/smt-connect-2024\/\" aria-label=\"SMT CONNECT 2024\"><img loading=\"lazy\" decoding=\"async\" width=\"800\" height=\"600\" src=\"https:\/\/emtelectronics.com\/wp-content\/uploads\/2024\/11\/1719043941135.jpeg\" class=\"attachment-full size-full wp-post-image\" alt=\"\" srcset=\"https:\/\/emtelectronics.com\/wp-content\/uploads\/2024\/11\/1719043941135.jpeg 800w, https:\/\/emtelectronics.com\/wp-content\/uploads\/2024\/11\/1719043941135-300x225.jpeg 300w\" sizes=\"auto, (max-width: 800px) 100vw, 800px\" \/><\/a><\/div><\/div>\t\t<\/div>\r\n\t<\/article>\r\n<\/div><div class=\"w-grid-preloader\"><div class=\"g-preloader type_1\">\r\n\t<div><\/div>\r\n<\/div>\r\n<\/div>\t\t<div class=\"g-loadmore \">\r\n\t\t\t<div class=\"g-preloader type_1\">\r\n\t\t\t\t<div><\/div>\r\n\t\t\t<\/div>\r\n\t\t\t<button class=\"w-btn us-btn-style_1\">\r\n\t\t\t\t<span class=\"w-btn-label\">Daha fazla<\/span>\r\n\t\t\t<\/button>\r\n\t\t<\/div>\r\n\t\t\t<div class=\"w-grid-json hidden\" onclick='return {&quot;action&quot;:&quot;us_ajax_grid&quot;,&quot;ajax_url&quot;:&quot;https:\\\/\\\/emtelectronics.com\\\/wp-admin\\\/admin-ajax.php&quot;,&quot;infinite_scroll&quot;:true,&quot;max_num_pages&quot;:7,&quot;pagination&quot;:&quot;ajax&quot;,&quot;permalink_url&quot;:&quot;https:\\\/\\\/emtelectronics.com\\\/tr\\\/wp-json\\\/wp\\\/v2\\\/pages\\\/8001\\\/&quot;,&quot;template_vars&quot;:{&quot;columns&quot;:&quot;1&quot;,&quot;exclude_items&quot;:&quot;none&quot;,&quot;img_size&quot;:&quot;default&quot;,&quot;ignore_items_size&quot;:0,&quot;items_layout&quot;:&quot;8015&quot;,&quot;items_offset&quot;:&quot;1&quot;,&quot;load_animation&quot;:&quot;none&quot;,&quot;overriding_link&quot;:&quot;none&quot;,&quot;post_id&quot;:8001,&quot;query_args&quot;:{&quot;post_type&quot;:[&quot;post&quot;],&quot;post_status&quot;:[&quot;publish&quot;],&quot;posts_per_page&quot;:&quot;10&quot;},&quot;orderby_query_args&quot;:{&quot;orderby&quot;:{&quot;date&quot;:&quot;DESC&quot;}},&quot;type&quot;:&quot;grid&quot;,&quot;us_grid_ajax_index&quot;:1,&quot;us_grid_filter_params&quot;:null,&quot;us_grid_index&quot;:1,&quot;_us_grid_post_type&quot;:&quot;post&quot;,&quot;lang&quot;:&quot;tr&quot;}}'><\/div>\r\n\t<\/div><\/div><\/div><\/div><\/div><\/div><\/section>\n","protected":false},"excerpt":{"rendered":"11-13 Haziran tarihlerinde ger\u00e7ekle\u015fen elektronik \u00fcretim s\u00fcre\u00e7lerinin t\u00fcm a\u015famalar\u0131n\u0131 kapsayan SMT Connect Fuar\u0131'nda \u00e7e\u015fitli end\u00fcstrilere y\u00f6nelik birinci s\u0131n\u0131f nem alma \u00e7\u00f6z\u00fcmleri i\u00e7in y\u00fcksek teknolojili kurutma kabinleri tasarlama ve \u00fcretme konusunda uzman olan X-Treme Series markam\u0131z\u0131n Otomatik Kurutma Kabinlerini ziyaret\u00e7ilerimizle bulu\u015fturduk.","protected":false},"author":1,"featured_media":0,"parent":0,"menu_order":0,"comment_status":"closed","ping_status":"closed","template":"","meta":{"footnotes":""},"class_list":["post-8001","page","type-page","status-publish","hentry"],"_links":{"self":[{"href":"https:\/\/emtelectronics.com\/tr\/wp-json\/wp\/v2\/pages\/8001","targetHints":{"allow":["GET"]}}],"collection":[{"href":"https:\/\/emtelectronics.com\/tr\/wp-json\/wp\/v2\/pages"}],"about":[{"href":"https:\/\/emtelectronics.com\/tr\/wp-json\/wp\/v2\/types\/page"}],"author":[{"embeddable":true,"href":"https:\/\/emtelectronics.com\/tr\/wp-json\/wp\/v2\/users\/1"}],"replies":[{"embeddable":true,"href":"https:\/\/emtelectronics.com\/tr\/wp-json\/wp\/v2\/comments?post=8001"}],"version-history":[{"count":3,"href":"https:\/\/emtelectronics.com\/tr\/wp-json\/wp\/v2\/pages\/8001\/revisions"}],"predecessor-version":[{"id":10014,"href":"https:\/\/emtelectronics.com\/tr\/wp-json\/wp\/v2\/pages\/8001\/revisions\/10014"}],"wp:attachment":[{"href":"https:\/\/emtelectronics.com\/tr\/wp-json\/wp\/v2\/media?parent=8001"}],"curies":[{"name":"wp","href":"https:\/\/api.w.org\/{rel}","templated":true}]}}