{"id":8028,"date":"2022-05-31T13:05:05","date_gmt":"2022-05-31T10:05:05","guid":{"rendered":"https:\/\/emtelectronics.com\/?page_id=8028"},"modified":"2024-12-05T17:06:19","modified_gmt":"2024-12-05T14:06:19","slug":"adli-bilisim-ve-bilgi-guvenligi","status":"publish","type":"page","link":"https:\/\/emtelectronics.com\/tr\/adli-bilisim-ve-bilgi-guvenligi\/","title":{"rendered":"Adli Bili\u015fim ve Bilgi G\u00fcvenli\u011fi"},"content":{"rendered":"<section class=\"l-section wpb_row us_custom_619d8aa9 height_auto with_img\"><div class=\"l-section-img\" style=\"background-image: url(https:\/\/emtelectronics.com\/wp-content\/uploads\/2022\/05\/header-01.jpg);background-repeat: no-repeat;\" data-img-width=\"1923\" data-img-height=\"478\"><\/div><div class=\"l-section-h i-cf\"><div class=\"g-cols vc_row via_flex valign_top type_default stacking_default\"><div class=\"vc_col-sm-12 wpb_column vc_column_container\"><div class=\"vc_column-inner\"><div class=\"wpb_wrapper\"><div class=\"w-separator size_custom\" style=\"height:400px\" id=\"w6ba\"><style>@media(max-width:1024px){ #w6ba{height:140px!important}}@media(max-width:600px){ #w6ba{height:40px!important}}<\/style><\/div><\/div><\/div><\/div><\/div><\/div><\/section><section class=\"l-section wpb_row height_custom\"><div class=\"l-section-h i-cf\"><div class=\"g-cols vc_row via_flex valign_top type_default stacking_default\"><div class=\"vc_col-sm-6 wpb_column vc_column_container\"><div class=\"vc_column-inner\"><div class=\"wpb_wrapper\"><div class=\"w-separator us_custom_1f92799d has_text_color size_small with_line width_default thick_5 style_solid color_border align_center\"><div class=\"w-separator-h\"><\/div><\/div><h2 class=\"w-post-elm post_title align_left entry-title color_link_inherit\">Adli Bili\u015fim ve Bilgi G\u00fcvenli\u011fi<\/h2><div class=\"w-separator size_custom\" style=\"height:10px\"><\/div><div class=\"wpb_text_column\"><div class=\"wpb_wrapper\"><p style=\"text-align: justify;\">Adli bili\u015fim ve bili\u015fim g\u00fcvenli\u011fi konular\u0131nda T\u00fcrkiye&#8217;nin ilk ve en geni\u015f \u00fcr\u00fcn portf\u00f6y\u00fcne sahip firmas\u0131 olarak; bu alanda \u00f6zel kurumlar ve kolluk kuvvetlerine konusunda d\u00fcnyan\u0131n lider markalar\u0131 olan \u00e7\u00f6z\u00fcm ortaklar\u0131m\u0131zla yaz\u0131l\u0131m, donan\u0131m, e\u011fitim ve dan\u0131\u015fmanl\u0131k hizmetleri veriyoruz.<\/p>\n<\/div><\/div><div class=\"w-separator size_medium\"><\/div><div class=\"w-btn-wrapper align_none\"><a class=\"w-btn us-btn-style_1\" target=\"_blank\" href=\"http:\/\/www.emt.com.tr\/siber\" rel=\"noopener\"><span class=\"w-btn-label\">www.emt.com.tr\/siber<\/span><\/a><\/div><div class=\"w-btn-wrapper align_none\"><a class=\"w-btn us-btn-style_3\" target=\"_blank\" href=\"http:\/\/www.emtakademi.com\" rel=\"noopener\"><span class=\"w-btn-label\">www.emtakademi.com<\/span><\/a><\/div><\/div><\/div><\/div><div class=\"vc_col-sm-6 wpb_column vc_column_container\"><div class=\"vc_column-inner\"><div class=\"wpb_wrapper\"><div class=\"w-image align_none\"><div class=\"w-image-h\"><img loading=\"lazy\" decoding=\"async\" width=\"882\" height=\"1024\" src=\"https:\/\/emtelectronics.com\/wp-content\/uploads\/2022\/06\/01-emt-882x1024.jpg\" class=\"attachment-large size-large\" alt=\"\" srcset=\"https:\/\/emtelectronics.com\/wp-content\/uploads\/2022\/06\/01-emt-882x1024.jpg 882w, https:\/\/emtelectronics.com\/wp-content\/uploads\/2022\/06\/01-emt-258x300.jpg 258w, https:\/\/emtelectronics.com\/wp-content\/uploads\/2022\/06\/01-emt-1323x1536.jpg 1323w, https:\/\/emtelectronics.com\/wp-content\/uploads\/2022\/06\/01-emt.jpg 1688w\" sizes=\"auto, (max-width: 882px) 100vw, 882px\" \/><\/div><\/div><\/div><\/div><\/div><\/div><\/div><\/section>\n","protected":false},"excerpt":{"rendered":"Adli Bili\u015fim ve Bilgi G\u00fcvenli\u011fiAdli bili\u015fim ve bili\u015fim g\u00fcvenli\u011fi konular\u0131nda T\u00fcrkiye&#8217;nin ilk ve en geni\u015f \u00fcr\u00fcn portf\u00f6y\u00fcne sahip firmas\u0131 olarak; bu alanda \u00f6zel kurumlar ve kolluk kuvvetlerine konusunda d\u00fcnyan\u0131n lider markalar\u0131 olan \u00e7\u00f6z\u00fcm ortaklar\u0131m\u0131zla yaz\u0131l\u0131m, donan\u0131m, e\u011fitim ve dan\u0131\u015fmanl\u0131k hizmetleri veriyoruz. www.emt.com.tr\/siberwww.emtakademi.com","protected":false},"author":1,"featured_media":0,"parent":0,"menu_order":0,"comment_status":"closed","ping_status":"closed","template":"","meta":{"footnotes":""},"class_list":["post-8028","page","type-page","status-publish","hentry"],"_links":{"self":[{"href":"https:\/\/emtelectronics.com\/tr\/wp-json\/wp\/v2\/pages\/8028","targetHints":{"allow":["GET"]}}],"collection":[{"href":"https:\/\/emtelectronics.com\/tr\/wp-json\/wp\/v2\/pages"}],"about":[{"href":"https:\/\/emtelectronics.com\/tr\/wp-json\/wp\/v2\/types\/page"}],"author":[{"embeddable":true,"href":"https:\/\/emtelectronics.com\/tr\/wp-json\/wp\/v2\/users\/1"}],"replies":[{"embeddable":true,"href":"https:\/\/emtelectronics.com\/tr\/wp-json\/wp\/v2\/comments?post=8028"}],"version-history":[{"count":14,"href":"https:\/\/emtelectronics.com\/tr\/wp-json\/wp\/v2\/pages\/8028\/revisions"}],"predecessor-version":[{"id":9260,"href":"https:\/\/emtelectronics.com\/tr\/wp-json\/wp\/v2\/pages\/8028\/revisions\/9260"}],"wp:attachment":[{"href":"https:\/\/emtelectronics.com\/tr\/wp-json\/wp\/v2\/media?parent=8028"}],"curies":[{"name":"wp","href":"https:\/\/api.w.org\/{rel}","templated":true}]}}