{"id":8051,"date":"2022-05-31T13:51:23","date_gmt":"2022-05-31T10:51:23","guid":{"rendered":"https:\/\/emtelectronics.com\/?page_id=8051"},"modified":"2022-06-15T17:21:52","modified_gmt":"2022-06-15T14:21:52","slug":"endustriyel-cozumler","status":"publish","type":"page","link":"https:\/\/emtelectronics.com\/tr\/endustriyel-cozumler\/","title":{"rendered":"End\u00fcstriyel \u00c7\u00f6z\u00fcmler"},"content":{"rendered":"<section class=\"l-section wpb_row us_custom_619d8aa9 height_auto with_img\"><div class=\"l-section-img\" style=\"background-image: url(https:\/\/emtelectronics.com\/wp-content\/uploads\/2022\/05\/header-02.jpg);background-repeat: no-repeat;\" data-img-width=\"1923\" data-img-height=\"478\"><\/div><div class=\"l-section-h i-cf\"><div class=\"g-cols vc_row via_flex valign_top type_default stacking_default\"><div class=\"vc_col-sm-12 wpb_column vc_column_container\"><div class=\"vc_column-inner\"><div class=\"wpb_wrapper\"><div class=\"w-separator size_custom\" style=\"height:400px\" id=\"ge15\"><style>@media(max-width:1024px){ #ge15{height:140px!important}}@media(max-width:600px){ #ge15{height:40px!important}}<\/style><\/div><\/div><\/div><\/div><\/div><\/div><\/section><section class=\"l-section wpb_row height_custom\"><div class=\"l-section-h i-cf\"><div class=\"g-cols vc_row via_flex valign_top type_default stacking_default\"><div class=\"vc_col-sm-6 wpb_column vc_column_container\"><div class=\"vc_column-inner\"><div class=\"wpb_wrapper\"><div class=\"w-separator us_custom_1f92799d has_text_color size_small with_line width_default thick_5 style_solid color_border align_center\"><div class=\"w-separator-h\"><\/div><\/div><h2 class=\"w-post-elm post_title align_left entry-title color_link_inherit\">End\u00fcstriyel \u00c7\u00f6z\u00fcmler<\/h2><div class=\"w-separator size_custom\" style=\"height:10px\"><\/div><div class=\"wpb_text_column\"><div class=\"wpb_wrapper\"><p style=\"text-align: justify;\">Ulusal ve Uluslararas\u0131 pazarda elektronik \u00fcretim yapan \u015firketler ve savunma sanayii gibi en hassas ve sa\u011flam \u00e7\u00f6z\u00fcmlere ihtiya\u00e7 duyulan alanlar i\u00e7in d\u00fcnyan\u0131n en h\u0131zl\u0131 nem alma ve kurutma kabinlerini \u00fcretiyor, depolama kontrol sistem yaz\u0131l\u0131mlar\u0131 geli\u015ftiriyoruz.<\/p>\n<\/div><\/div><div class=\"w-separator size_medium\"><\/div><div class=\"w-btn-wrapper align_none\"><a class=\"w-btn us-btn-style_1\" target=\"_blank\" href=\"http:\/\/www.x-tremeseries.com\" rel=\"noopener\"><span class=\"w-btn-label\">www.x-tremeseries.com<\/span><\/a><\/div><\/div><\/div><\/div><div class=\"vc_col-sm-6 wpb_column vc_column_container\"><div class=\"vc_column-inner\"><div class=\"wpb_wrapper\"><div class=\"w-image align_none\"><div class=\"w-image-h\"><img loading=\"lazy\" decoding=\"async\" width=\"882\" height=\"1024\" src=\"https:\/\/emtelectronics.com\/wp-content\/uploads\/2022\/06\/endustriyel-cozum-882x1024.jpg\" class=\"attachment-large size-large\" alt=\"\" srcset=\"https:\/\/emtelectronics.com\/wp-content\/uploads\/2022\/06\/endustriyel-cozum-882x1024.jpg 882w, https:\/\/emtelectronics.com\/wp-content\/uploads\/2022\/06\/endustriyel-cozum-258x300.jpg 258w, https:\/\/emtelectronics.com\/wp-content\/uploads\/2022\/06\/endustriyel-cozum-1323x1536.jpg 1323w, https:\/\/emtelectronics.com\/wp-content\/uploads\/2022\/06\/endustriyel-cozum.jpg 1688w\" sizes=\"auto, (max-width: 882px) 100vw, 882px\" \/><\/div><\/div><\/div><\/div><\/div><\/div><\/div><\/section>\n","protected":false},"excerpt":{"rendered":"End\u00fcstriyel \u00c7\u00f6z\u00fcmlerUlusal ve Uluslararas\u0131 pazarda elektronik \u00fcretim yapan \u015firketler ve savunma sanayii gibi en hassas ve sa\u011flam \u00e7\u00f6z\u00fcmlere ihtiya\u00e7 duyulan alanlar i\u00e7in d\u00fcnyan\u0131n en h\u0131zl\u0131 nem alma ve kurutma kabinlerini \u00fcretiyor, depolama kontrol sistem yaz\u0131l\u0131mlar\u0131 geli\u015ftiriyoruz. www.x-tremeseries.com","protected":false},"author":1,"featured_media":0,"parent":0,"menu_order":0,"comment_status":"closed","ping_status":"closed","template":"","meta":{"footnotes":""},"class_list":["post-8051","page","type-page","status-publish","hentry"],"_links":{"self":[{"href":"https:\/\/emtelectronics.com\/tr\/wp-json\/wp\/v2\/pages\/8051","targetHints":{"allow":["GET"]}}],"collection":[{"href":"https:\/\/emtelectronics.com\/tr\/wp-json\/wp\/v2\/pages"}],"about":[{"href":"https:\/\/emtelectronics.com\/tr\/wp-json\/wp\/v2\/types\/page"}],"author":[{"embeddable":true,"href":"https:\/\/emtelectronics.com\/tr\/wp-json\/wp\/v2\/users\/1"}],"replies":[{"embeddable":true,"href":"https:\/\/emtelectronics.com\/tr\/wp-json\/wp\/v2\/comments?post=8051"}],"version-history":[{"count":3,"href":"https:\/\/emtelectronics.com\/tr\/wp-json\/wp\/v2\/pages\/8051\/revisions"}],"predecessor-version":[{"id":8187,"href":"https:\/\/emtelectronics.com\/tr\/wp-json\/wp\/v2\/pages\/8051\/revisions\/8187"}],"wp:attachment":[{"href":"https:\/\/emtelectronics.com\/tr\/wp-json\/wp\/v2\/media?parent=8051"}],"curies":[{"name":"wp","href":"https:\/\/api.w.org\/{rel}","templated":true}]}}