{"id":8165,"date":"2022-06-15T15:32:21","date_gmt":"2022-06-15T12:32:21","guid":{"rendered":"https:\/\/emtelectronics.com\/?page_id=8165"},"modified":"2025-05-07T11:33:28","modified_gmt":"2025-05-07T08:33:28","slug":"kariyer","status":"publish","type":"page","link":"https:\/\/emtelectronics.com\/tr\/kariyer\/","title":{"rendered":"Kariyer"},"content":{"rendered":"<section class=\"l-section wpb_row height_custom\"><div class=\"l-section-h i-cf\"><div class=\"g-cols vc_row via_flex valign_top type_default stacking_default\"><div class=\"vc_col-sm-12 wpb_column vc_column_container\"><div class=\"vc_column-inner\"><div class=\"wpb_wrapper\"><div class=\"w-separator us_custom_1f92799d has_text_color size_small with_line width_default thick_5 style_solid color_border align_center\"><div class=\"w-separator-h\"><\/div><\/div><h2 class=\"w-post-elm post_title align_left entry-title color_link_inherit\">Kariyer<\/h2><div class=\"w-separator size_custom\" style=\"height:10px\"><\/div><div class=\"wpb_text_column\"><div class=\"wpb_wrapper\"><p>\u00dcretim ve y\u00f6netim merkezini kendi b\u00fcnyesinde bar\u0131nd\u0131ran EMT Electronics, alan\u0131nda \u00f6nc\u00fc ve k\u00f6kl\u00fc bir kurulu\u015f olarak \u00e7al\u0131\u015fanlar\u0131na son derece dinamik ve kendilerini geli\u015ftirmeye a\u00e7\u0131k bir \u00e7al\u0131\u015fma ortam\u0131 sunmaktad\u0131r. Ar-ge, tasar\u0131m ve m\u00fchendislik, \u00fcretim, ihracat, ithalat, e\u011fitim gibi farkl\u0131 i\u015f kollar\u0131n\u0131 tek bir \u00e7at\u0131 alt\u0131nda toplayan EMT Electronics, \u00fclkemizde oldu\u011fu kadar uluslararas\u0131 sahada da yerli \u00fcretim g\u00fcc\u00fcyle marka de\u011ferini kan\u0131tlam\u0131\u015ft\u0131r. Amerika, Avrupa ve Asya k\u0131talar\u0131nda alan\u0131nda \u00f6nc\u00fc 40&#8217;\u0131n \u00fcst\u00fcnde \u00fcr\u00fcn sa\u011flay\u0131c\u0131s\u0131yla i\u015f birli\u011fi halinde olan EMT Electronics, her ge\u00e7en g\u00fcn \u00fcr\u00fcn skalas\u0131n\u0131, \u00e7\u00f6z\u00fcm orta\u011f\u0131 a\u011f\u0131n\u0131 ve Avrupa, Kuzey Afrika ve Orta Do\u011fu&#8217;ya yay\u0131lan m\u00fc\u015fteri yelpazesini geni\u015fletmektedir. Her biri alan\u0131nda uzman m\u00fchendislerin ve stratejistlerin yer ald\u0131\u011f\u0131 ekibimize yarat\u0131c\u0131, \u00fcretkenli\u011fi destekleyici bir \u00e7al\u0131\u015fma ortam\u0131 sa\u011flamak birinci \u00f6nceli\u011fimizdir. \u015eirketin vizyon ve ilkelerinden hareketle, t\u00fcm departmanlar i\u00e7in i\u015fe al\u0131mda \u00f6ncelikle aday\u0131n sahip olmas\u0131 beklenen temel yetkinlikler \u015f\u00f6yledir:<\/p>\n<ul class=\"corprate_ul\">\n<li>Tak\u0131m\u0131n bir par\u00e7as\u0131 olan ileti\u015fimi g\u00fc\u00e7l\u00fc<\/li>\n<li>Y\u00f6n belirleyebilen ve i\u015f birli\u011fi geli\u015ftirebilen<\/li>\n<li>Yarat\u0131c\u0131, giri\u015fimci, geli\u015fime ve yenili\u011fe a\u00e7\u0131k<\/li>\n<li>Sonu\u00e7 ve m\u00fc\u015fteri memnuniyeti odakl\u0131<\/li>\n<\/ul>\n<p>\u0130nsan kaynaklar\u0131 s\u00fcrecindeki t\u00fcm de\u011ferlendirmelerin amac\u0131, uygun bulunan adaylar\u0131m\u0131z\u0131n bilgi, beceri ve yetkinliklerini sorgulayarak, niteliklerine uygun bir departmana yerle\u015ftirilmelerini sa\u011flamakt\u0131r.<\/p>\n<p>\u0130\u015f ba\u015fvurular\u0131n\u0131z i\u00e7in <a href=\"mailto:hr@emtelectronics.com\">hr@emtelectronics.com<\/a> e-posta adresine g\u00fcncel CV&#8217;nizi g\u00f6nderebilirsiniz.<\/p>\n<\/div><\/div><\/div><\/div><\/div><\/div><\/div><\/section>\n","protected":false},"excerpt":{"rendered":"Kariyer\u00dcretim ve y\u00f6netim merkezini kendi b\u00fcnyesinde bar\u0131nd\u0131ran EMT Electronics, alan\u0131nda \u00f6nc\u00fc ve k\u00f6kl\u00fc bir kurulu\u015f olarak \u00e7al\u0131\u015fanlar\u0131na son derece dinamik ve kendilerini geli\u015ftirmeye a\u00e7\u0131k bir \u00e7al\u0131\u015fma ortam\u0131 sunmaktad\u0131r. Ar-ge, tasar\u0131m ve m\u00fchendislik, \u00fcretim, ihracat, ithalat, e\u011fitim gibi farkl\u0131 i\u015f kollar\u0131n\u0131 tek bir \u00e7at\u0131 alt\u0131nda toplayan EMT Electronics, \u00fclkemizde oldu\u011fu kadar uluslararas\u0131 sahada da yerli \u00fcretim...","protected":false},"author":1,"featured_media":0,"parent":0,"menu_order":0,"comment_status":"closed","ping_status":"closed","template":"","meta":{"footnotes":""},"class_list":["post-8165","page","type-page","status-publish","hentry"],"_links":{"self":[{"href":"https:\/\/emtelectronics.com\/tr\/wp-json\/wp\/v2\/pages\/8165","targetHints":{"allow":["GET"]}}],"collection":[{"href":"https:\/\/emtelectronics.com\/tr\/wp-json\/wp\/v2\/pages"}],"about":[{"href":"https:\/\/emtelectronics.com\/tr\/wp-json\/wp\/v2\/types\/page"}],"author":[{"embeddable":true,"href":"https:\/\/emtelectronics.com\/tr\/wp-json\/wp\/v2\/users\/1"}],"replies":[{"embeddable":true,"href":"https:\/\/emtelectronics.com\/tr\/wp-json\/wp\/v2\/comments?post=8165"}],"version-history":[{"count":4,"href":"https:\/\/emtelectronics.com\/tr\/wp-json\/wp\/v2\/pages\/8165\/revisions"}],"predecessor-version":[{"id":10032,"href":"https:\/\/emtelectronics.com\/tr\/wp-json\/wp\/v2\/pages\/8165\/revisions\/10032"}],"wp:attachment":[{"href":"https:\/\/emtelectronics.com\/tr\/wp-json\/wp\/v2\/media?parent=8165"}],"curies":[{"name":"wp","href":"https:\/\/api.w.org\/{rel}","templated":true}]}}