{"id":9289,"date":"2025-01-29T15:14:13","date_gmt":"2025-01-29T12:14:13","guid":{"rendered":"https:\/\/emtelectronics.com\/?page_id=9289"},"modified":"2025-05-14T19:19:56","modified_gmt":"2025-05-14T16:19:56","slug":"delil-kurutma-kabinleri","status":"publish","type":"page","link":"https:\/\/emtelectronics.com\/tr\/delil-kurutma-kabinleri\/","title":{"rendered":"Delil Kurutma Kabinleri"},"content":{"rendered":"<section class=\"l-section wpb_row us_custom_619d8aa9 height_auto with_img\"><div class=\"l-section-img\" style=\"background-image: url(https:\/\/emtelectronics.com\/wp-content\/uploads\/2022\/05\/header-01.jpg);background-repeat: no-repeat;\" data-img-width=\"1923\" data-img-height=\"478\"><\/div><div class=\"l-section-h i-cf\"><div class=\"g-cols vc_row via_flex valign_top type_default stacking_default\"><div class=\"vc_col-sm-12 wpb_column vc_column_container\"><div class=\"vc_column-inner\"><div class=\"wpb_wrapper\"><div class=\"w-separator size_custom\" style=\"height:200px\" id=\"afec\"><style>@media(max-width:1024px){ #afec{height:140px!important}}@media(max-width:600px){ #afec{height:40px!important}}<\/style><\/div><\/div><\/div><\/div><\/div><\/div><\/section><section class=\"l-section wpb_row height_small\"><div class=\"l-section-h i-cf\"><div class=\"g-cols vc_row via_flex valign_top type_default stacking_default\"><div class=\"vc_col-sm-12 wpb_column vc_column_container\"><div class=\"vc_column-inner\"><div class=\"wpb_wrapper\"><div class=\"w-separator us_custom_1f92799d has_text_color size_small with_line width_default thick_5 style_solid color_border align_center\"><div class=\"w-separator-h\"><\/div><\/div><h2 class=\"w-post-elm post_title align_left entry-title color_link_inherit\">Delil Kurutma Kabinleri<\/h2><h3 class=\"w-text us_custom_1f257949\"><span class=\"w-text-h\"><span class=\"w-text-value\">Delil B\u00fct\u00fcnl\u00fc\u011f\u00fc Burada Ba\u015flar<\/span><\/span><\/h3><div class=\"w-separator us_custom_a574d586 has_text_color size_small\"><\/div><div class=\"wpb_text_column\"><div class=\"wpb_wrapper\"><p>Kritik \u00f6neme sahip delillerin b\u00fct\u00fcnl\u00fc\u011f\u00fcn\u00fc korumak s\u00f6z konusu oldu\u011funda, <b>EMT Electronics<\/b> sekt\u00f6rdeki standartlar\u0131 belirlemektedir. Delil Kurutma Kabinlerimiz, \u0131slak veya nemli delillerin adli de\u011ferini riske atmadan g\u00fcvenli bir \u015fekilde kurutulmas\u0131 i\u00e7in titizlikle tasarlanm\u0131\u015ft\u0131r.<\/p>\n<p>Geli\u015fmi\u015f <b>HEPA<\/b> ve <b>Karbon filtreleme sistemleri<\/b> ile donat\u0131lan kabinlerimiz; biyolojik tehlikeler, vir\u00fcsler ve zararl\u0131 bakterileri etkin bir \u015fekilde ortadan kald\u0131rarak hem delilleri hem de kullan\u0131c\u0131y\u0131 korur. Ayr\u0131ca, entegre filtreleme sistemi toplanan materyallerden yay\u0131lan k\u00f6t\u00fc kokular\u0131 n\u00f6tralize ederek daha g\u00fcvenli ve konforlu bir \u00e7al\u0131\u015fma ortam\u0131 sa\u011flar.<\/p>\n<p>\u00dc\u00e7 farkl\u0131 boyut se\u00e7ene\u011fiyle (<b>XTC-1200-DK, XSC-800-DK ve XSC-400-DK<\/b>) sunulan kabinlerimiz, biriminizin i\u015fledi\u011fi delil hacmine uygun \u00f6l\u00e7eklenebilir \u00e7\u00f6z\u00fcmler sunar. \u0130ster y\u00fcksek kapasiteli bir kriminal laboratuvarda, ister yerel bir olay yeri inceleme biriminde \u00e7al\u0131\u015f\u0131yor olun, <b>EMT Electronics<\/b> ihtiya\u00e7lar\u0131n\u0131za uygun esneklik ve \u00fcst\u00fcn performans sa\u011flar.<\/p>\n<\/div><\/div><\/div><\/div><\/div><\/div><\/div><\/section><section class=\"l-section wpb_row height_custom\"><div class=\"l-section-h i-cf\"><div class=\"g-cols vc_row via_flex valign_top type_default stacking_default\"><div class=\"vc_col-sm-12 wpb_column vc_column_container\"><div class=\"vc_column-inner\"><div class=\"wpb_wrapper\"><div class=\"wpb_text_column\"><div class=\"wpb_wrapper\"><h2 style=\"text-align: center;\">\u00d6ne \u00c7\u0131kan \u00d6zellikler<\/h2>\n<\/div><\/div><div class=\"w-separator size_small with_line width_30 thick_2 style_solid color_primary align_center\"><div class=\"w-separator-h\"><\/div><\/div><div class=\"g-cols wpb_row via_flex valign_top type_default stacking_default\"><div class=\"vc_col-sm-3 wpb_column vc_column_container\"><div class=\"vc_column-inner\"><div class=\"wpb_wrapper\"><div class=\"w-iconbox us_custom_4076faf9 has_text_color iconpos_top style_default color_primary align_center\"><div class=\"w-iconbox-icon\" style=\"font-size:5rem;\"><i class=\"material-icons\">security<\/i><\/div><div class=\"w-iconbox-meta\"><h6 class=\"w-iconbox-title\">G\u00fcvenli Filtre Eri\u015fimi<\/h6><div class=\"w-iconbox-text\"><p>Filtre Kap\u0131s\u0131 Anahtar Korumas\u0131<\/p>\n<\/div><\/div><\/div><\/div><\/div><\/div><div class=\"vc_col-sm-3 wpb_column vc_column_container\"><div class=\"vc_column-inner\"><div class=\"wpb_wrapper\"><div class=\"w-iconbox us_custom_4076faf9 has_text_color iconpos_top style_default color_primary align_center\"><div class=\"w-iconbox-icon\" style=\"font-size:4rem;\"><i class=\"material-icons\">hourglass_top<\/i><\/div><div class=\"w-iconbox-meta\"><h6 class=\"w-iconbox-title\">Kurutma S\u00fcresi Takibi<\/h6><div class=\"w-iconbox-text\"><p>Saat Sayac\u0131<\/p>\n<\/div><\/div><\/div><\/div><\/div><\/div><div class=\"vc_col-sm-3 wpb_column vc_column_container\"><div class=\"vc_column-inner\"><div class=\"wpb_wrapper\"><div class=\"w-iconbox us_custom_4076faf9 has_text_color iconpos_top style_default color_primary align_center\"><div class=\"w-iconbox-icon\" style=\"font-size:4rem;\"><i class=\"material-icons\">air<\/i><\/div><div class=\"w-iconbox-meta\"><h6 class=\"w-iconbox-title\">Ayarlanabilir Hava Ak\u0131\u015f\u0131<\/h6><div class=\"w-iconbox-text\"><p>Dahili Manuel H\u0131z Kontrol\u00fc<\/p>\n<\/div><\/div><\/div><\/div><\/div><\/div><div class=\"vc_col-sm-3 wpb_column vc_column_container\"><div class=\"vc_column-inner\"><div class=\"wpb_wrapper\"><div class=\"w-iconbox us_custom_4076faf9 has_text_color iconpos_top style_default color_primary align_center no_text\"><div class=\"w-iconbox-icon\" style=\"font-size:5rem;\"><i class=\"material-icons\">notification_important<\/i><\/div><div class=\"w-iconbox-meta\"><h6 class=\"w-iconbox-title\">Filtre T\u0131kan\u0131kl\u0131k Alarm\u0131<\/h6><\/div><\/div><\/div><\/div><\/div><\/div><div class=\"w-separator us_custom_a574d586 has_text_color size_medium\"><\/div><div class=\"g-cols wpb_row via_flex valign_top type_default stacking_default\"><div class=\"vc_col-sm-3 wpb_column vc_column_container\"><div class=\"vc_column-inner\"><div class=\"wpb_wrapper\"><div class=\"w-iconbox us_custom_4076faf9 has_text_color iconpos_top style_default color_primary align_center\"><div class=\"w-iconbox-icon\" style=\"font-size:5rem;\"><i class=\"material-icons\">compost<\/i><\/div><div class=\"w-iconbox-meta\"><h6 class=\"w-iconbox-title\">Hijyenik At\u0131k Y\u00f6netimi<\/h6><div class=\"w-iconbox-text\"><p>Merkezi Drenaj Sistemi<\/p>\n<\/div><\/div><\/div><\/div><\/div><\/div><div class=\"vc_col-sm-3 wpb_column vc_column_container\"><div class=\"vc_column-inner\"><div class=\"wpb_wrapper\"><div class=\"w-iconbox us_custom_4076faf9 has_text_color iconpos_top style_default color_primary align_center no_text\"><div class=\"w-iconbox-icon\" style=\"font-size:5rem;\"><i class=\"material-icons\">door_sliding<\/i><\/div><div class=\"w-iconbox-meta\"><h6 class=\"w-iconbox-title\">Dayan\u0131kl\u0131 ve G\u00fcvenli Kap\u0131lar<\/h6><\/div><\/div><\/div><\/div><\/div><div class=\"vc_col-sm-3 wpb_column vc_column_container\"><div class=\"vc_column-inner\"><div class=\"wpb_wrapper\"><\/div><\/div><\/div><div class=\"vc_col-sm-3 wpb_column vc_column_container\"><div class=\"vc_column-inner\"><div class=\"wpb_wrapper\"><\/div><\/div><\/div><\/div><div class=\"w-separator us_custom_a574d586 has_text_color size_large\"><\/div><\/div><\/div><\/div><\/div><\/div><\/section><section class=\"l-section wpb_row height_custom\"><div class=\"l-section-h i-cf\"><div class=\"g-cols vc_row via_flex valign_top type_default stacking_default\"><div class=\"vc_col-sm-4 wpb_column vc_column_container\"><div class=\"vc_column-inner\"><div class=\"wpb_wrapper\"><div class=\"w-image align_none\"><a href=\"https:\/\/emtelectronics.com\/tr\/xt-1500-dk\/\" aria-label=\"Ba\u011flant\u0131\" class=\"w-image-h\"><img loading=\"lazy\" decoding=\"async\" width=\"543\" height=\"1024\" src=\"https:\/\/emtelectronics.com\/wp-content\/uploads\/2025\/01\/XTC_1200_DK-Evidence-Drying-Cabinet-543x1024.png\" class=\"attachment-large size-large\" alt=\"\" srcset=\"https:\/\/emtelectronics.com\/wp-content\/uploads\/2025\/01\/XTC_1200_DK-Evidence-Drying-Cabinet-543x1024.png 543w, https:\/\/emtelectronics.com\/wp-content\/uploads\/2025\/01\/XTC_1200_DK-Evidence-Drying-Cabinet-159x300.png 159w, https:\/\/emtelectronics.com\/wp-content\/uploads\/2025\/01\/XTC_1200_DK-Evidence-Drying-Cabinet.png 573w\" sizes=\"auto, (max-width: 543px) 100vw, 543px\" \/><\/a><\/div><h3 class=\"w-text us_custom_eb849559\"><a href=\"https:\/\/emtelectronics.com\/tr\/xt-1500-dk\/\" class=\"w-text-h\"><span class=\"w-text-value\">XT-1500-DK<\/span><\/a><\/h3><div class=\"wpb_text_column\"><div class=\"wpb_wrapper\"><p style=\"text-align: center;\">Delil Kurutma Kabinleri<\/p>\n<\/div><\/div><\/div><\/div><\/div><div class=\"vc_col-sm-4 wpb_column vc_column_container\"><div class=\"vc_column-inner\"><div class=\"wpb_wrapper\"><div class=\"w-image align_none\"><a href=\"https:\/\/emtelectronics.com\/tr\/xs-800-dk\" aria-label=\"Ba\u011flant\u0131\" class=\"w-image-h\"><img loading=\"lazy\" decoding=\"async\" width=\"543\" height=\"1024\" src=\"https:\/\/emtelectronics.com\/wp-content\/uploads\/2025\/01\/XSC_800_DK-Evidence-Drying-Cabinet-543x1024.png\" class=\"attachment-large size-large\" alt=\"\" srcset=\"https:\/\/emtelectronics.com\/wp-content\/uploads\/2025\/01\/XSC_800_DK-Evidence-Drying-Cabinet-543x1024.png 543w, https:\/\/emtelectronics.com\/wp-content\/uploads\/2025\/01\/XSC_800_DK-Evidence-Drying-Cabinet-159x300.png 159w, https:\/\/emtelectronics.com\/wp-content\/uploads\/2025\/01\/XSC_800_DK-Evidence-Drying-Cabinet.png 573w\" sizes=\"auto, (max-width: 543px) 100vw, 543px\" \/><\/a><\/div><h3 class=\"w-text us_custom_eb849559\"><a href=\"https:\/\/emtelectronics.com\/tr\/xs-800-dk\" class=\"w-text-h\"><span class=\"w-text-value\">XS-800-DK<\/span><\/a><\/h3><div class=\"wpb_text_column\"><div class=\"wpb_wrapper\"><p style=\"text-align: center;\">Delil Kurutma Kabinleri<\/p>\n<\/div><\/div><\/div><\/div><\/div><div class=\"vc_col-sm-4 wpb_column vc_column_container\"><div class=\"vc_column-inner\"><div class=\"wpb_wrapper\"><div class=\"w-image align_none\"><a href=\"https:\/\/emtelectronics.com\/tr\/xs-400-dk\" aria-label=\"Ba\u011flant\u0131\" class=\"w-image-h\"><img loading=\"lazy\" decoding=\"async\" width=\"543\" height=\"1024\" src=\"https:\/\/emtelectronics.com\/wp-content\/uploads\/2025\/01\/XSC_400_DK-Evidence-Drying-Cabinet-543x1024.png\" class=\"attachment-large size-large\" alt=\"\" srcset=\"https:\/\/emtelectronics.com\/wp-content\/uploads\/2025\/01\/XSC_400_DK-Evidence-Drying-Cabinet-543x1024.png 543w, https:\/\/emtelectronics.com\/wp-content\/uploads\/2025\/01\/XSC_400_DK-Evidence-Drying-Cabinet-159x300.png 159w, https:\/\/emtelectronics.com\/wp-content\/uploads\/2025\/01\/XSC_400_DK-Evidence-Drying-Cabinet.png 573w\" sizes=\"auto, (max-width: 543px) 100vw, 543px\" \/><\/a><\/div><h3 class=\"w-text us_custom_eb849559\"><a href=\"https:\/\/emtelectronics.com\/tr\/xs-400-dk\" class=\"w-text-h\"><span class=\"w-text-value\">XS-400-DK<\/span><\/a><\/h3><div class=\"wpb_text_column\"><div class=\"wpb_wrapper\"><p style=\"text-align: center;\">Delil Kurutma Kabinleri<\/p>\n<\/div><\/div><\/div><\/div><\/div><\/div><\/div><\/section>\n","protected":false},"excerpt":{"rendered":"Delil Kurutma KabinleriDelil B\u00fct\u00fcnl\u00fc\u011f\u00fc Burada Ba\u015flarKritik \u00f6neme sahip delillerin b\u00fct\u00fcnl\u00fc\u011f\u00fcn\u00fc korumak s\u00f6z konusu oldu\u011funda, EMT Electronics sekt\u00f6rdeki standartlar\u0131 belirlemektedir. Delil Kurutma Kabinlerimiz, \u0131slak veya nemli delillerin adli de\u011ferini riske atmadan g\u00fcvenli bir \u015fekilde kurutulmas\u0131 i\u00e7in titizlikle tasarlanm\u0131\u015ft\u0131r. Geli\u015fmi\u015f HEPA ve Karbon filtreleme sistemleri ile donat\u0131lan kabinlerimiz; biyolojik tehlikeler, vir\u00fcsler ve zararl\u0131 bakterileri etkin bir \u015fekilde...","protected":false},"author":1,"featured_media":0,"parent":0,"menu_order":0,"comment_status":"closed","ping_status":"closed","template":"","meta":{"footnotes":""},"class_list":["post-9289","page","type-page","status-publish","hentry"],"_links":{"self":[{"href":"https:\/\/emtelectronics.com\/tr\/wp-json\/wp\/v2\/pages\/9289","targetHints":{"allow":["GET"]}}],"collection":[{"href":"https:\/\/emtelectronics.com\/tr\/wp-json\/wp\/v2\/pages"}],"about":[{"href":"https:\/\/emtelectronics.com\/tr\/wp-json\/wp\/v2\/types\/page"}],"author":[{"embeddable":true,"href":"https:\/\/emtelectronics.com\/tr\/wp-json\/wp\/v2\/users\/1"}],"replies":[{"embeddable":true,"href":"https:\/\/emtelectronics.com\/tr\/wp-json\/wp\/v2\/comments?post=9289"}],"version-history":[{"count":12,"href":"https:\/\/emtelectronics.com\/tr\/wp-json\/wp\/v2\/pages\/9289\/revisions"}],"predecessor-version":[{"id":10315,"href":"https:\/\/emtelectronics.com\/tr\/wp-json\/wp\/v2\/pages\/9289\/revisions\/10315"}],"wp:attachment":[{"href":"https:\/\/emtelectronics.com\/tr\/wp-json\/wp\/v2\/media?parent=9289"}],"curies":[{"name":"wp","href":"https:\/\/api.w.org\/{rel}","templated":true}]}}