{"id":9312,"date":"2025-01-29T15:44:28","date_gmt":"2025-01-29T12:44:28","guid":{"rendered":"https:\/\/emtelectronics.com\/?page_id=9312"},"modified":"2025-05-14T19:21:23","modified_gmt":"2025-05-14T16:21:23","slug":"xs-800-dk","status":"publish","type":"page","link":"https:\/\/emtelectronics.com\/tr\/xs-800-dk\/","title":{"rendered":"XS 800 DK"},"content":{"rendered":"<section class=\"l-section wpb_row us_custom_619d8aa9 height_auto with_img\"><div class=\"l-section-img\" style=\"background-image: url(https:\/\/emtelectronics.com\/wp-content\/uploads\/2022\/05\/header-01.jpg);background-repeat: no-repeat;\" data-img-width=\"1923\" data-img-height=\"478\"><\/div><div class=\"l-section-h i-cf\"><div class=\"g-cols vc_row via_flex valign_top type_default stacking_default\"><div class=\"vc_col-sm-12 wpb_column vc_column_container\"><div class=\"vc_column-inner\"><div class=\"wpb_wrapper\"><div class=\"w-separator size_custom\" style=\"height:200px\" id=\"z57d\"><style>@media(max-width:1024px){ #z57d{height:140px!important}}@media(max-width:600px){ #z57d{height:40px!important}}<\/style><\/div><\/div><\/div><\/div><\/div><\/div><\/section><section class=\"l-section wpb_row height_small\"><div class=\"l-section-h i-cf\"><div class=\"g-cols vc_row via_flex valign_top type_default stacking_default\"><div class=\"vc_col-sm-6 wpb_column vc_column_container\"><div class=\"vc_column-inner\"><div class=\"wpb_wrapper\"><div class=\"w-separator us_custom_1f92799d has_text_color size_small with_line width_default thick_5 style_solid color_border align_center\"><div class=\"w-separator-h\"><\/div><\/div><h2 class=\"w-post-elm post_title align_left entry-title color_link_inherit\">XS 800 DK<\/h2><div class=\"wpb_text_column\"><div class=\"wpb_wrapper\"><table style=\"border-width: 0px; border-style: solid; border-image: initial; min-width: 100%; width: 100%; display: table;\" role=\"table\" data-reconstraction=\"1\" data-wptb-table-tds-sum-max-width=\"236\" data-wptb-cells-width-auto-count=\"2\" data-table-columns=\"2\" data-wptb-table-alignment=\"center\" data-wptb-header-background-color=\"#bcbcbc\" data-wptb-apply-table-container-max-width=\"1\" data-wptb-table-container-max-width=\"1358\" data-wptb-td-width-auto=\"80\" data-wptb-extra-styles=\"LyogRW50ZXIgeW91ciBjdXN0b20gQ1NTIHJ1bGVzIGhlcmUgKi8=\">\n<tbody>\n<tr class=\"wptb-row\" style=\"background-color: #bcbcbc;\">\n<td class=\"wptb-cell\" style=\"border-width: 1px; background-color: rgba(0, 0, 0, 0); padding: 19px;\" data-y-index=\"0\" data-x-index=\"0\" data-wptb-css-td-auto-width=\"true\" data-sorted-vertical=\"desk-disabled\" data-sorted-horizontal=\"ask-disabled\">\n<div style=\"color: #e30613; font-size: 21px;\">\n<div class=\"\" style=\"position: relative;\">\n<p><strong>F\u0130Z\u0130KSEL \u00d6ZELL\u0130KLER<\/strong><\/p>\n<\/div>\n<\/div>\n<\/td>\n<td class=\"wptb-cell\" style=\"border-width: 1px; background-color: rgba(0, 0, 0, 0); padding: 19px;\" data-y-index=\"0\" data-x-index=\"1\" data-wptb-css-td-auto-width=\"true\" data-sorted-vertical=\"ask-disabled\"><\/td>\n<\/tr>\n<tr class=\"wptb-row\" style=\"background-color: #fcfcfc;\">\n<td class=\"wptb-cell\" style=\"border-width: 1px; background-color: rgba(0, 0, 0, 0); padding: 19px;\" data-y-index=\"1\" data-x-index=\"0\" data-wptb-css-td-auto-width=\"true\" data-sorted-horizontal=\"ask-disabled\">\n<div style=\"color: #000f5b;\">\n<div class=\"\" style=\"position: relative;\">\n<p>D\u0131\u015f Boyutlar (GxYxD)<\/p>\n<\/div>\n<\/div>\n<\/td>\n<td class=\"wptb-cell\" style=\"border-width: 1px; background-color: rgba(0, 0, 0, 0); padding: 19px;\" data-y-index=\"1\" data-x-index=\"1\" data-wptb-css-td-auto-width=\"true\">\n<div>\n<div class=\"\" style=\"position: relative;\">\n<p>1000 x 1800 x 750 mm<\/p>\n<\/div>\n<\/div>\n<\/td>\n<\/tr>\n<tr class=\"wptb-row\" style=\"background-color: #eeeeee;\">\n<td class=\"wptb-cell\" style=\"border-width: 1px; background-color: rgba(0, 0, 0, 0); padding: 19px;\" data-y-index=\"2\" data-x-index=\"0\" data-wptb-css-td-auto-width=\"true\" data-sorted-horizontal=\"ask-disabled\">\n<div style=\"color: #000f5b;\">\n<div class=\"\" style=\"position: relative;\">\n<p>\u0130\u00e7 Boyutlar (GxYxD)<\/p>\n<\/div>\n<\/div>\n<\/td>\n<td class=\"wptb-cell\" style=\"border-width: 1px; background-color: rgba(0, 0, 0, 0); padding: 19px;\" data-y-index=\"2\" data-x-index=\"1\" data-wptb-css-td-auto-width=\"true\">\n<div>\n<div class=\"\" style=\"position: relative;\">\n<p>977 x 1454 x 630 mm<\/p>\n<\/div>\n<\/div>\n<\/td>\n<\/tr>\n<tr class=\"wptb-row\" style=\"background-color: #fcfcfc;\">\n<td class=\"wptb-cell\" style=\"border-width: 1px; background-color: rgba(0, 0, 0, 0); padding: 19px;\" data-y-index=\"3\" data-x-index=\"0\" data-wptb-css-td-auto-width=\"true\" data-sorted-horizontal=\"ask-disabled\">\n<div style=\"color: #000f5b;\">\n<div class=\"\" style=\"position: relative;\">\n<p>Net Hacim<\/p>\n<\/div>\n<\/div>\n<\/td>\n<td class=\"wptb-cell\" style=\"border-width: 1px; background-color: rgba(0, 0, 0, 0); padding: 19px;\" data-y-index=\"3\" data-x-index=\"1\" data-wptb-css-td-auto-width=\"true\">\n<div>\n<div class=\"\" style=\"position: relative;\">\n<p>800 lt<\/p>\n<\/div>\n<\/div>\n<\/td>\n<\/tr>\n<tr class=\"wptb-row\" style=\"background-color: #eeeeee;\">\n<td class=\"wptb-cell\" style=\"border-width: 1px; background-color: rgba(0, 0, 0, 0); padding: 19px;\" data-y-index=\"4\" data-x-index=\"0\" data-wptb-css-td-auto-width=\"true\" data-sorted-horizontal=\"ask-disabled\">\n<div style=\"color: #000f5b;\">\n<div class=\"\" style=\"position: relative;\">\n<p>A\u011f\u0131rl\u0131k (Konfig\u00fcrasyona G\u00f6re De\u011fi\u015febilir)<\/p>\n<\/div>\n<\/div>\n<\/td>\n<td class=\"wptb-cell\" style=\"border-width: 1px; background-color: rgba(0, 0, 0, 0); padding: 19px;\" data-y-index=\"4\" data-x-index=\"1\" data-wptb-css-td-auto-width=\"true\">\n<div>\n<div class=\"\" style=\"position: relative;\">\n<p>250 KG<\/p>\n<\/div>\n<\/div>\n<\/td>\n<\/tr>\n<tr class=\"wptb-row\" style=\"background-color: #fcfcfc;\">\n<td class=\"wptb-cell\" style=\"border-width: 1px; background-color: rgba(0, 0, 0, 0); padding: 19px;\" data-y-index=\"5\" data-x-index=\"0\" data-wptb-css-td-auto-width=\"true\" data-sorted-horizontal=\"ask-disabled\">\n<div style=\"color: #000f5b;\">\n<div class=\"\" style=\"position: relative;\">\n<p>Raf Ba\u015f\u0131na Maksimum Y\u00fck Kapasitesi<\/p>\n<\/div>\n<\/div>\n<\/td>\n<td class=\"wptb-cell\" style=\"border-width: 1px; background-color: rgba(0, 0, 0, 0); padding: 19px;\" data-y-index=\"5\" data-x-index=\"1\" data-wptb-css-td-auto-width=\"true\">\n<div>\n<div class=\"\" style=\"position: relative;\">\n<p>25 Kg<\/p>\n<\/div>\n<\/div>\n<\/td>\n<\/tr>\n<tr class=\"wptb-row\" style=\"background-color: #eeeeee;\">\n<td class=\"wptb-cell\" style=\"border-width: 1px; background-color: rgba(0, 0, 0, 0); padding: 19px;\" data-y-index=\"6\" data-x-index=\"0\" data-wptb-css-td-auto-width=\"true\" data-sorted-horizontal=\"ask-disabled\">\n<div style=\"color: #000f5b;\">\n<div class=\"\" style=\"position: relative;\">\n<p>Yerden Y\u00fckseklik<\/p>\n<\/div>\n<\/div>\n<\/td>\n<td class=\"wptb-cell\" style=\"border-width: 1px; background-color: rgba(0, 0, 0, 0); padding: 19px;\" data-y-index=\"6\" data-x-index=\"1\" data-wptb-css-td-auto-width=\"true\">\n<div>\n<div class=\"\" style=\"position: relative;\">\n<p>30 mm<\/p>\n<\/div>\n<\/div>\n<\/td>\n<\/tr>\n<tr class=\"wptb-row\" style=\"background-color: #fcfcfc;\">\n<td class=\"wptb-cell\" style=\"border-width: 1px; background-color: rgba(0, 0, 0, 0); padding: 19px;\" data-y-index=\"7\" data-x-index=\"0\" data-wptb-css-td-auto-width=\"true\" data-sorted-horizontal=\"ask-disabled\">\n<div style=\"color: #000f5b;\">\n<div class=\"\" style=\"position: relative;\">\n<p>G\u00f6vde Malzemesi<\/p>\n<\/div>\n<\/div>\n<\/td>\n<td class=\"wptb-cell\" style=\"border-width: 1px; background-color: rgba(0, 0, 0, 0); padding: 19px;\" data-y-index=\"7\" data-x-index=\"1\" data-wptb-css-td-auto-width=\"true\">\n<div>\n<div class=\"\" style=\"position: relative;\">\n<p>Elektrostatik Boyal\u0131 \u00c7elik (AISI 430), Paslanmaz \u00c7elik \u0130\u00e7 Panel (AISI 430)<\/p>\n<\/div>\n<\/div>\n<\/td>\n<\/tr>\n<tr class=\"wptb-row\" style=\"background-color: #eeeeee;\">\n<td class=\"wptb-cell\" style=\"border-width: 1px; background-color: rgba(0, 0, 0, 0); padding: 19px;\" data-y-index=\"8\" data-x-index=\"0\" data-wptb-css-td-auto-width=\"true\" data-sorted-horizontal=\"ask-disabled\">\n<div style=\"color: #000f5b;\">\n<div class=\"\" style=\"position: relative;\">\n<p>Kap\u0131 Cam\u0131<\/p>\n<\/div>\n<\/div>\n<\/td>\n<td class=\"wptb-cell\" style=\"border-width: 1px; background-color: rgba(0, 0, 0, 0); padding: 19px;\" data-y-index=\"8\" data-x-index=\"1\" data-wptb-css-td-auto-width=\"true\">\n<div>\n<div class=\"\" style=\"position: relative;\">\n<p>24 mm Is\u0131cam \u0130zolasyonlu<\/p>\n<\/div>\n<\/div>\n<\/td>\n<\/tr>\n<tr class=\"wptb-row\">\n<td class=\"wptb-cell\" style=\"border-width: 1px; background-color: rgba(0, 0, 0, 0); padding: 19px;\" data-x-index=\"0\" data-y-index=\"9\" data-wptb-css-td-auto-width=\"true\">\n<div style=\"color: #000f5b;\">\n<div class=\"\" style=\"position: relative;\">\n<p>Raflar &amp; \u00c7ekmeceler<\/p>\n<\/div>\n<\/div>\n<\/td>\n<td class=\"wptb-cell\" style=\"border-width: 1px; background-color: rgba(0, 0, 0, 0); padding: 19px;\" data-x-index=\"1\" data-y-index=\"9\" data-wptb-css-td-auto-width=\"true\">\n<div>\n<div class=\"\" style=\"position: relative;\">\n<p>Paslanmaz \u00c7elik (5 adet), Delil Ask\u0131s\u0131 (1 adet)<\/p>\n<\/div>\n<\/div>\n<\/td>\n<\/tr>\n<\/tbody>\n<\/table>\n<\/div><\/div><\/div><\/div><\/div><div class=\"vc_col-sm-6 wpb_column vc_column_container\"><div class=\"vc_column-inner\"><div class=\"wpb_wrapper\"><div class=\"w-image align_none\"><div class=\"w-image-h\"><img loading=\"lazy\" decoding=\"async\" width=\"543\" height=\"1024\" src=\"https:\/\/emtelectronics.com\/wp-content\/uploads\/2025\/01\/XSC_800_DK-Evidence-Drying-Cabinet-543x1024.png\" class=\"attachment-large size-large\" alt=\"\" srcset=\"https:\/\/emtelectronics.com\/wp-content\/uploads\/2025\/01\/XSC_800_DK-Evidence-Drying-Cabinet-543x1024.png 543w, https:\/\/emtelectronics.com\/wp-content\/uploads\/2025\/01\/XSC_800_DK-Evidence-Drying-Cabinet-159x300.png 159w, https:\/\/emtelectronics.com\/wp-content\/uploads\/2025\/01\/XSC_800_DK-Evidence-Drying-Cabinet.png 573w\" sizes=\"auto, (max-width: 543px) 100vw, 543px\" \/><\/div><\/div><\/div><\/div><\/div><\/div><\/div><\/section><section class=\"l-section wpb_row height_small\"><div class=\"l-section-h i-cf\"><div class=\"g-cols vc_row via_flex valign_top type_default stacking_default\"><div class=\"vc_col-sm-12 wpb_column vc_column_container\"><div class=\"vc_column-inner\"><div class=\"wpb_wrapper\"><\/div><\/div><\/div><\/div><\/div><\/section>\n","protected":false},"excerpt":{"rendered":"XS 800 DK F\u0130Z\u0130KSEL \u00d6ZELL\u0130KLER D\u0131\u015f Boyutlar (GxYxD) 1000 x 1800 x 750 mm \u0130\u00e7 Boyutlar (GxYxD) 977 x 1454 x 630 mm Net Hacim 800 lt A\u011f\u0131rl\u0131k (Konfig\u00fcrasyona G\u00f6re De\u011fi\u015febilir) 250 KG Raf Ba\u015f\u0131na Maksimum Y\u00fck Kapasitesi 25 Kg Yerden Y\u00fckseklik 30 mm G\u00f6vde Malzemesi Elektrostatik Boyal\u0131 \u00c7elik (AISI 430), Paslanmaz \u00c7elik \u0130\u00e7 Panel...","protected":false},"author":1,"featured_media":0,"parent":0,"menu_order":0,"comment_status":"closed","ping_status":"closed","template":"","meta":{"footnotes":""},"class_list":["post-9312","page","type-page","status-publish","hentry"],"_links":{"self":[{"href":"https:\/\/emtelectronics.com\/tr\/wp-json\/wp\/v2\/pages\/9312","targetHints":{"allow":["GET"]}}],"collection":[{"href":"https:\/\/emtelectronics.com\/tr\/wp-json\/wp\/v2\/pages"}],"about":[{"href":"https:\/\/emtelectronics.com\/tr\/wp-json\/wp\/v2\/types\/page"}],"author":[{"embeddable":true,"href":"https:\/\/emtelectronics.com\/tr\/wp-json\/wp\/v2\/users\/1"}],"replies":[{"embeddable":true,"href":"https:\/\/emtelectronics.com\/tr\/wp-json\/wp\/v2\/comments?post=9312"}],"version-history":[{"count":5,"href":"https:\/\/emtelectronics.com\/tr\/wp-json\/wp\/v2\/pages\/9312\/revisions"}],"predecessor-version":[{"id":10317,"href":"https:\/\/emtelectronics.com\/tr\/wp-json\/wp\/v2\/pages\/9312\/revisions\/10317"}],"wp:attachment":[{"href":"https:\/\/emtelectronics.com\/tr\/wp-json\/wp\/v2\/media?parent=9312"}],"curies":[{"name":"wp","href":"https:\/\/api.w.org\/{rel}","templated":true}]}}