{"id":9319,"date":"2025-01-29T17:05:59","date_gmt":"2025-01-29T14:05:59","guid":{"rendered":"https:\/\/emtelectronics.com\/?page_id=9319"},"modified":"2025-05-14T19:37:41","modified_gmt":"2025-05-14T16:37:41","slug":"siyanakrilat-buharlama-kabinleri","status":"publish","type":"page","link":"https:\/\/emtelectronics.com\/tr\/siyanakrilat-buharlama-kabinleri\/","title":{"rendered":"Siyanoakrilat Buharlama Kabinleri"},"content":{"rendered":"<section class=\"l-section wpb_row us_custom_619d8aa9 height_auto with_img\"><div class=\"l-section-img\" style=\"background-image: url(https:\/\/emtelectronics.com\/wp-content\/uploads\/2022\/05\/header-01.jpg);background-repeat: no-repeat;\" data-img-width=\"1923\" data-img-height=\"478\"><\/div><div class=\"l-section-h i-cf\"><div class=\"g-cols vc_row via_flex valign_top type_default stacking_default\"><div class=\"vc_col-sm-12 wpb_column vc_column_container\"><div class=\"vc_column-inner\"><div class=\"wpb_wrapper\"><div class=\"w-separator size_custom\" style=\"height:200px\" id=\"ff2b\"><style>@media(max-width:1024px){ #ff2b{height:140px!important}}@media(max-width:600px){ #ff2b{height:40px!important}}<\/style><\/div><\/div><\/div><\/div><\/div><\/div><\/section><section class=\"l-section wpb_row height_small\"><div class=\"l-section-h i-cf\"><div class=\"g-cols vc_row via_flex valign_top type_default stacking_default\"><div class=\"vc_col-sm-12 wpb_column vc_column_container\"><div class=\"vc_column-inner\"><div class=\"wpb_wrapper\"><div class=\"w-separator us_custom_1f92799d has_text_color size_small with_line width_default thick_5 style_solid color_border align_center\"><div class=\"w-separator-h\"><\/div><\/div><h2 class=\"w-post-elm post_title align_left entry-title color_link_inherit\">Siyanoakrilat Buharlama Kabinleri<\/h2><h3 class=\"w-text us_custom_1f257949\"><span class=\"w-text-h\"><span class=\"w-text-value\">Adli Uzmanlar \u0130\u00e7in G\u00fcvenilir Parmak \u0130zi Geli\u015ftirme \u00c7\u00f6z\u00fcmleri<\/span><\/span><\/h3><div class=\"wpb_text_column\"><div class=\"wpb_wrapper\"><p><strong>M\u00fckemmel Sonu\u00e7lar \u0130\u00e7in Tasarland\u0131<\/strong><\/p>\n<p><strong>EMT Electronics Siyanoakrilat Buhar Kabinleri<\/strong>, ge\u00e7irimsiz y\u00fczeylerdeki parmak izi kal\u0131nt\u0131lar\u0131n\u0131 geli\u015ftirmek i\u00e7in ideal ortam\u0131 olu\u015fturacak \u015fekilde \u00f6zel olarak tasarlanm\u0131\u015ft\u0131r. Bu sayede, kolluk kuvvetleri ve adli uzmanlar i\u00e7in en iyi sonu\u00e7lar\u0131n elde edilmesi garanti alt\u0131na al\u0131n\u0131r.<\/p>\n<p><strong>\u0130htiyac\u0131n\u0131za Uygun 3 Farkl\u0131 Boyut Se\u00e7ene\u011fi<\/strong><\/p>\n<p>\u00dc\u00e7 farkl\u0131 boyutta sunulan modeller, i\u015fledi\u011finiz delil hacmine g\u00f6re do\u011fru se\u00e7imi yapman\u0131za olanak tan\u0131r. \u0130ster k\u00fc\u00e7\u00fck \u00f6l\u00e7ekli bir laboratuvarda, ister y\u00fcksek hacimli bir adli birimde \u00e7al\u0131\u015f\u0131yor olun, ihtiya\u00e7lar\u0131n\u0131za en uygun \u00e7\u00f6z\u00fcm\u00fc sunuyoruz.<\/p>\n<p><strong>Kullan\u0131c\u0131 Dostu ve G\u00fcvenli Tasar\u0131m<\/strong><br \/>\n\u00d6zelle\u015ftirilebilir Programlama: Geni\u015f ekran aray\u00fcz\u00fc sayesinde operat\u00f6rler, parmak izi geli\u015ftirme ko\u015fullar\u0131n\u0131 kolayl\u0131kla ayarlayabilir.<br \/>\nSa\u011fl\u0131k ve G\u00fcvenlik \u00d6zellikleri: HEPA filtreler ve i\u015flem sonunda devreye giren kap\u0131 kilitleme mekanizmas\u0131, operat\u00f6rleri zararl\u0131 maddelere kar\u015f\u0131 korur.<\/p>\n<\/div><\/div><\/div><\/div><\/div><\/div><\/div><\/section><section class=\"l-section wpb_row height_custom\"><div class=\"l-section-h i-cf\"><div class=\"g-cols vc_row via_flex valign_top type_default stacking_default\"><div class=\"vc_col-sm-12 wpb_column vc_column_container\"><div class=\"vc_column-inner\"><div class=\"wpb_wrapper\"><div class=\"wpb_text_column\"><div class=\"wpb_wrapper\"><h2 style=\"text-align: center;\">\u00d6ne \u00c7\u0131kan \u00d6zellikler<\/h2>\n<\/div><\/div><div class=\"w-separator size_small with_line width_30 thick_2 style_solid color_primary align_center\"><div class=\"w-separator-h\"><\/div><\/div><div class=\"g-cols wpb_row via_flex valign_top type_default stacking_default\"><div class=\"vc_col-sm-4 wpb_column vc_column_container\"><div class=\"vc_column-inner\"><div class=\"wpb_wrapper\"><div class=\"w-iconbox us_custom_4076faf9 has_text_color iconpos_top style_default color_primary align_center no_text\"><div class=\"w-iconbox-icon\" style=\"font-size:5rem;\"><i class=\"material-icons\">border_all<\/i><\/div><div class=\"w-iconbox-meta\"><h6 class=\"w-iconbox-title\">Dayan\u0131kl\u0131 \u00c7elik G\u00f6vde<\/h6><\/div><\/div><\/div><\/div><\/div><div class=\"vc_col-sm-4 wpb_column vc_column_container\"><div class=\"vc_column-inner\"><div class=\"wpb_wrapper\"><div class=\"w-iconbox us_custom_4076faf9 has_text_color iconpos_top style_default color_primary align_center no_text\"><div class=\"w-iconbox-icon\" style=\"font-size:4rem;\"><i class=\"material-icons\">notifications_active<\/i><\/div><div class=\"w-iconbox-meta\"><h6 class=\"w-iconbox-title\">Geli\u015ftirilmi\u015f G\u00fcvenlik Alarmlar\u0131<\/h6><\/div><\/div><\/div><\/div><\/div><div class=\"vc_col-sm-4 wpb_column vc_column_container\"><div class=\"vc_column-inner\"><div class=\"wpb_wrapper\"><div class=\"w-iconbox us_custom_4076faf9 has_text_color iconpos_top style_default color_primary align_center no_text\"><div class=\"w-iconbox-icon\" style=\"font-size:4rem;\"><i class=\"material-icons\">sensors<\/i><\/div><div class=\"w-iconbox-meta\"><h6 class=\"w-iconbox-title\">Entegre Gaz Sens\u00f6r\u00fc<\/h6><\/div><\/div><\/div><\/div><\/div><\/div><div class=\"w-separator us_custom_a574d586 has_text_color size_medium\"><\/div><div class=\"g-cols wpb_row via_flex valign_top type_default stacking_default\"><div class=\"vc_col-sm-4 wpb_column vc_column_container\"><div class=\"vc_column-inner\"><div class=\"wpb_wrapper\"><div class=\"w-iconbox us_custom_4076faf9 has_text_color iconpos_top style_default color_primary align_center no_text\"><div class=\"w-iconbox-icon\" style=\"font-size:5rem;\"><i class=\"material-icons\">system_security_update_good<\/i><\/div><div class=\"w-iconbox-meta\"><h6 class=\"w-iconbox-title\">Otomatik G\u00fcvenlik Kontrol Sistemi<\/h6><\/div><\/div><\/div><\/div><\/div><div class=\"vc_col-sm-4 wpb_column vc_column_container\"><div class=\"vc_column-inner\"><div class=\"wpb_wrapper\"><div class=\"w-iconbox us_custom_4076faf9 has_text_color iconpos_top style_default color_primary align_center no_text\"><div class=\"w-iconbox-icon\" style=\"font-size:5rem;\"><i class=\"material-icons\">folder_open<\/i><\/div><div class=\"w-iconbox-meta\"><h6 class=\"w-iconbox-title\">D\u00fczenli Delil Y\u00f6netimi<\/h6><\/div><\/div><\/div><\/div><\/div><div class=\"vc_col-sm-4 wpb_column vc_column_container\"><div class=\"vc_column-inner\"><div class=\"wpb_wrapper\"><div class=\"w-iconbox us_custom_4076faf9 has_text_color iconpos_top style_default color_primary align_center no_text\"><div class=\"w-iconbox-icon\" style=\"font-size:5rem;\"><i class=\"material-icons\">thermostat<\/i><\/div><div class=\"w-iconbox-meta\"><h6 class=\"w-iconbox-title\">S\u0131cakl\u0131k Kontroll\u00fc Siyanoakrilat H\u0131zland\u0131r\u0131c\u0131<\/h6><\/div><\/div><\/div><\/div><\/div><\/div><\/div><\/div><\/div><\/div><\/div><\/section><section class=\"l-section wpb_row height_custom\"><div class=\"l-section-h i-cf\"><div class=\"g-cols vc_row via_flex valign_top type_default stacking_default\"><div class=\"vc_col-sm-4 wpb_column vc_column_container\"><div class=\"vc_column-inner\"><div class=\"wpb_wrapper\"><div class=\"w-image align_center\"><a href=\"https:\/\/emtelectronics.com\/tr\/xt-1500-cy\" aria-label=\"Ba\u011flant\u0131\" class=\"w-image-h\"><img loading=\"lazy\" decoding=\"async\" width=\"210\" height=\"300\" src=\"https:\/\/emtelectronics.com\/wp-content\/uploads\/2025\/01\/XTC_1500_CY-Cyanoacrylate-Fuming-Cabinet-210x300.png\" class=\"attachment-medium size-medium\" alt=\"\" srcset=\"https:\/\/emtelectronics.com\/wp-content\/uploads\/2025\/01\/XTC_1500_CY-Cyanoacrylate-Fuming-Cabinet-210x300.png 210w, https:\/\/emtelectronics.com\/wp-content\/uploads\/2025\/01\/XTC_1500_CY-Cyanoacrylate-Fuming-Cabinet.png 573w\" sizes=\"auto, (max-width: 210px) 100vw, 210px\" \/><\/a><\/div><h3 class=\"w-text us_custom_eb849559\"><a href=\"https:\/\/emtelectronics.com\/tr\/xt-1500-cy\" class=\"w-text-h\"><span class=\"w-text-value\">XT-1500-CY<\/span><\/a><\/h3><\/div><\/div><\/div><div class=\"vc_col-sm-4 wpb_column vc_column_container\"><div class=\"vc_column-inner\"><div class=\"wpb_wrapper\"><div class=\"w-image align_center\"><a href=\"https:\/\/emtelectronics.com\/tr\/xs-800-cy\" aria-label=\"Ba\u011flant\u0131\" class=\"w-image-h\"><img loading=\"lazy\" decoding=\"async\" width=\"210\" height=\"300\" src=\"https:\/\/emtelectronics.com\/wp-content\/uploads\/2025\/01\/XSC_800_CY-Cyanoacrylate-Fuming-Cabinet-210x300.png\" class=\"attachment-medium size-medium\" alt=\"\" srcset=\"https:\/\/emtelectronics.com\/wp-content\/uploads\/2025\/01\/XSC_800_CY-Cyanoacrylate-Fuming-Cabinet-210x300.png 210w, https:\/\/emtelectronics.com\/wp-content\/uploads\/2025\/01\/XSC_800_CY-Cyanoacrylate-Fuming-Cabinet.png 573w\" sizes=\"auto, (max-width: 210px) 100vw, 210px\" \/><\/a><\/div><h3 class=\"w-text us_custom_eb849559\"><a href=\"https:\/\/emtelectronics.com\/tr\/xs-800-cy\" class=\"w-text-h\"><span class=\"w-text-value\">XS-800-CY<\/span><\/a><\/h3><\/div><\/div><\/div><div class=\"vc_col-sm-4 wpb_column vc_column_container\"><div class=\"vc_column-inner\"><div class=\"wpb_wrapper\"><div class=\"w-image align_center\"><a href=\"https:\/\/emtelectronics.com\/tr\/xs-250-cy\" aria-label=\"Ba\u011flant\u0131\" class=\"w-image-h\"><img loading=\"lazy\" decoding=\"async\" width=\"210\" height=\"300\" src=\"https:\/\/emtelectronics.com\/wp-content\/uploads\/2025\/01\/XSC_250_CY-Cyanoacrylate-Fuming-Cabinet-210x300.png\" class=\"attachment-medium size-medium\" alt=\"\" srcset=\"https:\/\/emtelectronics.com\/wp-content\/uploads\/2025\/01\/XSC_250_CY-Cyanoacrylate-Fuming-Cabinet-210x300.png 210w, https:\/\/emtelectronics.com\/wp-content\/uploads\/2025\/01\/XSC_250_CY-Cyanoacrylate-Fuming-Cabinet.png 573w\" sizes=\"auto, (max-width: 210px) 100vw, 210px\" \/><\/a><\/div><h3 class=\"w-text us_custom_eb849559\"><a href=\"https:\/\/emtelectronics.com\/tr\/xs-250-cy\" class=\"w-text-h\"><span class=\"w-text-value\">XS-250-CY<\/span><\/a><\/h3><\/div><\/div><\/div><\/div><\/div><\/section>\n","protected":false},"excerpt":{"rendered":"Siyanoakrilat Buharlama KabinleriAdli Uzmanlar \u0130\u00e7in G\u00fcvenilir Parmak \u0130zi Geli\u015ftirme \u00c7\u00f6z\u00fcmleriM\u00fckemmel Sonu\u00e7lar \u0130\u00e7in Tasarland\u0131 EMT Electronics Siyanoakrilat Buhar Kabinleri, ge\u00e7irimsiz y\u00fczeylerdeki parmak izi kal\u0131nt\u0131lar\u0131n\u0131 geli\u015ftirmek i\u00e7in ideal ortam\u0131 olu\u015fturacak \u015fekilde \u00f6zel olarak tasarlanm\u0131\u015ft\u0131r. Bu sayede, kolluk kuvvetleri ve adli uzmanlar i\u00e7in en iyi sonu\u00e7lar\u0131n elde edilmesi garanti alt\u0131na al\u0131n\u0131r. \u0130htiyac\u0131n\u0131za Uygun 3 Farkl\u0131 Boyut Se\u00e7ene\u011fi \u00dc\u00e7...","protected":false},"author":1,"featured_media":0,"parent":0,"menu_order":0,"comment_status":"closed","ping_status":"closed","template":"","meta":{"footnotes":""},"class_list":["post-9319","page","type-page","status-publish","hentry"],"_links":{"self":[{"href":"https:\/\/emtelectronics.com\/tr\/wp-json\/wp\/v2\/pages\/9319","targetHints":{"allow":["GET"]}}],"collection":[{"href":"https:\/\/emtelectronics.com\/tr\/wp-json\/wp\/v2\/pages"}],"about":[{"href":"https:\/\/emtelectronics.com\/tr\/wp-json\/wp\/v2\/types\/page"}],"author":[{"embeddable":true,"href":"https:\/\/emtelectronics.com\/tr\/wp-json\/wp\/v2\/users\/1"}],"replies":[{"embeddable":true,"href":"https:\/\/emtelectronics.com\/tr\/wp-json\/wp\/v2\/comments?post=9319"}],"version-history":[{"count":9,"href":"https:\/\/emtelectronics.com\/tr\/wp-json\/wp\/v2\/pages\/9319\/revisions"}],"predecessor-version":[{"id":10322,"href":"https:\/\/emtelectronics.com\/tr\/wp-json\/wp\/v2\/pages\/9319\/revisions\/10322"}],"wp:attachment":[{"href":"https:\/\/emtelectronics.com\/tr\/wp-json\/wp\/v2\/media?parent=9319"}],"curies":[{"name":"wp","href":"https:\/\/api.w.org\/{rel}","templated":true}]}}