{"id":9346,"date":"2025-01-30T01:13:37","date_gmt":"2025-01-29T22:13:37","guid":{"rendered":"https:\/\/emtelectronics.com\/?page_id=9346"},"modified":"2025-05-14T19:23:27","modified_gmt":"2025-05-14T16:23:27","slug":"ninhidrin-kabinleri","status":"publish","type":"page","link":"https:\/\/emtelectronics.com\/tr\/ninhidrin-kabinleri\/","title":{"rendered":"Ninhidrin Buhar Kabinleri"},"content":{"rendered":"<section class=\"l-section wpb_row us_custom_619d8aa9 height_auto with_img\"><div class=\"l-section-img\" style=\"background-image: url(https:\/\/emtelectronics.com\/wp-content\/uploads\/2022\/05\/header-01.jpg);background-repeat: no-repeat;\" data-img-width=\"1923\" data-img-height=\"478\"><\/div><div class=\"l-section-h i-cf\"><div class=\"g-cols vc_row via_flex valign_top type_default stacking_default\"><div class=\"vc_col-sm-12 wpb_column vc_column_container\"><div class=\"vc_column-inner\"><div class=\"wpb_wrapper\"><div class=\"w-separator size_custom\" style=\"height:200px\" id=\"l4cd\"><style>@media(max-width:1024px){ #l4cd{height:140px!important}}@media(max-width:600px){ #l4cd{height:40px!important}}<\/style><\/div><\/div><\/div><\/div><\/div><\/div><\/section><section class=\"l-section wpb_row height_small\"><div class=\"l-section-h i-cf\"><div class=\"g-cols vc_row via_flex valign_top type_default stacking_default\"><div class=\"vc_col-sm-12 wpb_column vc_column_container\"><div class=\"vc_column-inner\"><div class=\"wpb_wrapper\"><div class=\"w-separator us_custom_1f92799d has_text_color size_small with_line width_default thick_5 style_solid color_border align_center\"><div class=\"w-separator-h\"><\/div><\/div><h2 class=\"w-post-elm post_title align_left entry-title color_link_inherit\">Ninhidrin Buhar Kabinleri<\/h2><h3 class=\"w-text us_custom_1f257949\"><span class=\"w-text-h\"><span class=\"w-text-value\">Adli Parmak \u0130zi Analizinde Hassasiyet ve Netlik<\/span><\/span><\/h3><div class=\"wpb_text_column\"><div class=\"wpb_wrapper\"><p>EMT Electronics Ninhidrin Kabinleri<span style=\"font-family: 'Segoe UI','sans-serif';\">, parmak izi geli\u015ftirme s\u00fcre\u00e7lerinde g\u00fcvenilir bir \u00e7\u00f6z\u00fcm sunarak adli uzmanlar\u0131n do\u011fru sonu\u00e7lar elde etmesini sa\u011flar. Parmak izleri, parmak u\u00e7lar\u0131ndaki g\u00f6zeneklerden \u00e7\u0131kan kal\u0131nt\u0131lar\u0131n y\u00fczeylere aktar\u0131lmas\u0131yla olu\u015fur. Bu kal\u0131nt\u0131lar b\u00fcy\u00fck oranda (%98) sudan olu\u015fur; kalan k\u0131sm\u0131 ise tespit edilebilir amino asitleri i\u00e7erir. <b>EMT Electronics<\/b> taraf\u0131ndan tasarlanan Ninhidrin kabinleri, g\u00f6zenekli y\u00fczeyler (\u00f6rne\u011fin ka\u011f\u0131t ve karton) \u00fczerindeki parmak izlerinin geli\u015ftirilme s\u00fcrecini verimli bir \u015fekilde h\u0131zland\u0131rarak, ideal \u00e7al\u0131\u015fma ko\u015fullar\u0131 sunar.<\/p>\n<\/div><\/div><\/div><\/div><\/div><\/div><\/div><\/section><section class=\"l-section wpb_row height_custom\"><div class=\"l-section-h i-cf\"><div class=\"g-cols vc_row via_flex valign_top type_default stacking_default\"><div class=\"vc_col-sm-12 wpb_column vc_column_container\"><div class=\"vc_column-inner\"><div class=\"wpb_wrapper\"><div class=\"wpb_text_column\"><div class=\"wpb_wrapper\"><p><\/span><\/p>\n<h2 style=\"text-align: center;\">\u00d6ne \u00c7\u0131kan \u00d6zellikler<\/h2>\n<\/div><\/div><div class=\"w-separator size_small with_line width_30 thick_2 style_solid color_primary align_center\"><div class=\"w-separator-h\"><\/div><\/div><div class=\"g-cols wpb_row via_flex valign_top type_default stacking_default\"><div class=\"vc_col-sm-3 wpb_column vc_column_container\"><div class=\"vc_column-inner\"><div class=\"wpb_wrapper\"><div class=\"w-iconbox us_custom_4076faf9 has_text_color iconpos_top style_default color_primary align_center no_text\"><div class=\"w-iconbox-icon\" style=\"font-size:5rem;\"><i class=\"material-icons\">moving<\/i><\/div><div class=\"w-iconbox-meta\"><h6 class=\"w-iconbox-title\">H\u0131zl\u0131 Geli\u015ftirme<\/h6><\/div><\/div><\/div><\/div><\/div><div class=\"vc_col-sm-3 wpb_column vc_column_container\"><div class=\"vc_column-inner\"><div class=\"wpb_wrapper\"><div class=\"w-iconbox us_custom_4076faf9 has_text_color iconpos_top style_default color_primary align_center no_text\"><div class=\"w-iconbox-icon\" style=\"font-size:4rem;\"><i class=\"material-icons\">checklist<\/i><\/div><div class=\"w-iconbox-meta\"><h6 class=\"w-iconbox-title\">\u0130ki Boyut Se\u00e7ene\u011fi<\/h6><\/div><\/div><\/div><\/div><\/div><div class=\"vc_col-sm-3 wpb_column vc_column_container\"><div class=\"vc_column-inner\"><div class=\"wpb_wrapper\"><div class=\"w-iconbox us_custom_4076faf9 has_text_color iconpos_top style_default color_primary align_center no_text\"><div class=\"w-iconbox-icon\" style=\"font-size:4rem;\"><i class=\"material-icons\">spoke<\/i><\/div><div class=\"w-iconbox-meta\"><h6 class=\"w-iconbox-title\">Homojen Da\u011f\u0131l\u0131m<\/h6><\/div><\/div><\/div><\/div><\/div><div class=\"vc_col-sm-3 wpb_column vc_column_container\"><div class=\"vc_column-inner\"><div class=\"wpb_wrapper\"><div class=\"w-iconbox us_custom_4076faf9 has_text_color iconpos_top style_default color_primary align_center no_text\"><div class=\"w-iconbox-icon\" style=\"font-size:4rem;\"><i class=\"material-icons\">lock_outline<\/i><\/div><div class=\"w-iconbox-meta\"><h6 class=\"w-iconbox-title\">Otomatik Kap\u0131 Kilitleri<\/h6><\/div><\/div><\/div><\/div><\/div><\/div><div class=\"w-separator us_custom_a574d586 has_text_color size_medium\"><\/div><div class=\"g-cols wpb_row via_flex valign_top type_default stacking_default\"><div class=\"vc_col-sm-3 wpb_column vc_column_container\"><div class=\"vc_column-inner\"><div class=\"wpb_wrapper\"><div class=\"w-iconbox us_custom_4076faf9 has_text_color iconpos_top style_default color_primary align_center no_text\"><div class=\"w-iconbox-icon\" style=\"font-size:5rem;\"><i class=\"material-icons\">do_not_touch<\/i><\/div><div class=\"w-iconbox-meta\"><h6 class=\"w-iconbox-title\">Yetkisiz Eri\u015fim \u00d6nleme \u2013 RFID<\/h6><\/div><\/div><\/div><\/div><\/div><div class=\"vc_col-sm-3 wpb_column vc_column_container\"><div class=\"vc_column-inner\"><div class=\"wpb_wrapper\"><div class=\"w-iconbox us_custom_4076faf9 has_text_color iconpos_top style_default color_primary align_center no_text\"><div class=\"w-iconbox-icon\" style=\"font-size:5rem;\"><i class=\"material-icons\">password<\/i><\/div><div class=\"w-iconbox-meta\"><h6 class=\"w-iconbox-title\">Ak\u0131ll\u0131 G\u00fcvenlik Sistemi<\/h6><\/div><\/div><\/div><\/div><\/div><div class=\"vc_col-sm-3 wpb_column vc_column_container\"><div class=\"vc_column-inner\"><div class=\"wpb_wrapper\"><div class=\"w-iconbox us_custom_4076faf9 has_text_color iconpos_top style_default color_primary align_center no_text\"><div class=\"w-iconbox-icon\" style=\"font-size:5rem;\"><i class=\"material-icons\">eject<\/i><\/div><div class=\"w-iconbox-meta\"><h6 class=\"w-iconbox-title\">Havaland\u0131rma\/\u00c7eki\u015f Se\u00e7ene\u011fi<\/h6><\/div><\/div><\/div><\/div><\/div><div class=\"vc_col-sm-3 wpb_column vc_column_container\"><div class=\"vc_column-inner\"><div class=\"wpb_wrapper\"><\/div><\/div><\/div><\/div><div class=\"w-separator us_custom_a574d586 has_text_color size_large\"><\/div><\/div><\/div><\/div><\/div><\/div><\/section><section class=\"l-section wpb_row height_auto\"><div class=\"l-section-h i-cf\"><div class=\"g-cols vc_row via_flex valign_top type_default stacking_default\"><div class=\"vc_col-sm-12 wpb_column vc_column_container\"><div class=\"vc_column-inner\"><div class=\"wpb_wrapper\"><div class=\"wpb_text_column us_custom_ee1837a3 has_text_color\"><div class=\"wpb_wrapper\"><p style=\"text-align: center;\"><strong>Delillerinizi G\u00fcvence Alt\u0131na Al\u0131n, Verimlili\u011fi Art\u0131r\u0131n. <\/strong><\/p>\n<\/div><\/div><\/div><\/div><\/div><\/div><\/div><\/section><section class=\"l-section wpb_row height_custom\"><div class=\"l-section-h i-cf\"><div class=\"g-cols vc_row via_flex valign_top type_default stacking_default\"><div class=\"vc_col-sm-6 wpb_column vc_column_container\"><div class=\"vc_column-inner\"><div class=\"wpb_wrapper\"><div class=\"w-image align_center\"><a href=\"https:\/\/emtelectronics.com\/tr\/xs-600-nd\" aria-label=\"Ba\u011flant\u0131\" class=\"w-image-h\"><img loading=\"lazy\" decoding=\"async\" width=\"175\" height=\"300\" src=\"https:\/\/emtelectronics.com\/wp-content\/uploads\/2025\/01\/XSC_600_ND-Ninhydrin-Cabinet-175x300.png\" class=\"attachment-medium size-medium\" alt=\"\" srcset=\"https:\/\/emtelectronics.com\/wp-content\/uploads\/2025\/01\/XSC_600_ND-Ninhydrin-Cabinet-175x300.png 175w, https:\/\/emtelectronics.com\/wp-content\/uploads\/2025\/01\/XSC_600_ND-Ninhydrin-Cabinet.png 573w\" sizes=\"auto, (max-width: 175px) 100vw, 175px\" \/><\/a><\/div><h3 class=\"w-text us_custom_eb849559\"><a href=\"https:\/\/emtelectronics.com\/tr\/xs-600-nd\" class=\"w-text-h\"><span class=\"w-text-value\">XS-600-ND<\/span><\/a><\/h3><div class=\"wpb_text_column\"><div class=\"wpb_wrapper\"><p style=\"text-align: center;\">Ninhidrin Kabinleri<\/p>\n<\/div><\/div><\/div><\/div><\/div><div class=\"vc_col-sm-6 wpb_column vc_column_container\"><div class=\"vc_column-inner\"><div class=\"wpb_wrapper\"><div class=\"w-image align_center\"><a href=\"https:\/\/emtelectronics.com\/tr\/xs-300-nd\" aria-label=\"Ba\u011flant\u0131\" class=\"w-image-h\"><img loading=\"lazy\" decoding=\"async\" width=\"175\" height=\"300\" src=\"https:\/\/emtelectronics.com\/wp-content\/uploads\/2025\/01\/XSC_300_ND-Ninhydrin-Cabinet-175x300.png\" class=\"attachment-medium size-medium\" alt=\"\" srcset=\"https:\/\/emtelectronics.com\/wp-content\/uploads\/2025\/01\/XSC_300_ND-Ninhydrin-Cabinet-175x300.png 175w, https:\/\/emtelectronics.com\/wp-content\/uploads\/2025\/01\/XSC_300_ND-Ninhydrin-Cabinet.png 573w\" sizes=\"auto, (max-width: 175px) 100vw, 175px\" \/><\/a><\/div><h3 class=\"w-text us_custom_eb849559\"><a href=\"https:\/\/emtelectronics.com\/tr\/xs-300-nd\" class=\"w-text-h\"><span class=\"w-text-value\">XS-300-ND<\/span><\/a><\/h3><div class=\"wpb_text_column\"><div class=\"wpb_wrapper\"><p style=\"text-align: center;\">Ninhidrin Kabinleri<\/p>\n<\/div><\/div><\/div><\/div><\/div><\/div><\/div><\/section>\n","protected":false},"excerpt":{"rendered":"Ninhidrin Buhar KabinleriAdli Parmak \u0130zi Analizinde Hassasiyet ve NetlikEMT Electronics Ninhidrin Kabinleri, parmak izi geli\u015ftirme s\u00fcre\u00e7lerinde g\u00fcvenilir bir \u00e7\u00f6z\u00fcm sunarak adli uzmanlar\u0131n do\u011fru sonu\u00e7lar elde etmesini sa\u011flar. Parmak izleri, parmak u\u00e7lar\u0131ndaki g\u00f6zeneklerden \u00e7\u0131kan kal\u0131nt\u0131lar\u0131n y\u00fczeylere aktar\u0131lmas\u0131yla olu\u015fur. Bu kal\u0131nt\u0131lar b\u00fcy\u00fck oranda (%98) sudan olu\u015fur; kalan k\u0131sm\u0131 ise tespit edilebilir amino asitleri i\u00e7erir. EMT Electronics taraf\u0131ndan...","protected":false},"author":1,"featured_media":0,"parent":0,"menu_order":0,"comment_status":"closed","ping_status":"closed","template":"","meta":{"footnotes":""},"class_list":["post-9346","page","type-page","status-publish","hentry"],"_links":{"self":[{"href":"https:\/\/emtelectronics.com\/tr\/wp-json\/wp\/v2\/pages\/9346","targetHints":{"allow":["GET"]}}],"collection":[{"href":"https:\/\/emtelectronics.com\/tr\/wp-json\/wp\/v2\/pages"}],"about":[{"href":"https:\/\/emtelectronics.com\/tr\/wp-json\/wp\/v2\/types\/page"}],"author":[{"embeddable":true,"href":"https:\/\/emtelectronics.com\/tr\/wp-json\/wp\/v2\/users\/1"}],"replies":[{"embeddable":true,"href":"https:\/\/emtelectronics.com\/tr\/wp-json\/wp\/v2\/comments?post=9346"}],"version-history":[{"count":10,"href":"https:\/\/emtelectronics.com\/tr\/wp-json\/wp\/v2\/pages\/9346\/revisions"}],"predecessor-version":[{"id":10319,"href":"https:\/\/emtelectronics.com\/tr\/wp-json\/wp\/v2\/pages\/9346\/revisions\/10319"}],"wp:attachment":[{"href":"https:\/\/emtelectronics.com\/tr\/wp-json\/wp\/v2\/media?parent=9346"}],"curies":[{"name":"wp","href":"https:\/\/api.w.org\/{rel}","templated":true}]}}