{"id":9390,"date":"2025-01-30T11:37:16","date_gmt":"2025-01-30T08:37:16","guid":{"rendered":"https:\/\/emtelectronics.com\/?page_id=9390"},"modified":"2025-05-14T19:43:43","modified_gmt":"2025-05-14T16:43:43","slug":"bwt-250","status":"publish","type":"page","link":"https:\/\/emtelectronics.com\/tr\/bwt-250\/","title":{"rendered":"BWT-250"},"content":{"rendered":"<section class=\"l-section wpb_row us_custom_619d8aa9 height_auto with_img\"><div class=\"l-section-img\" style=\"background-image: url(https:\/\/emtelectronics.com\/wp-content\/uploads\/2022\/05\/header-01.jpg);background-repeat: no-repeat;\" data-img-width=\"1923\" data-img-height=\"478\"><\/div><div class=\"l-section-h i-cf\"><div class=\"g-cols vc_row via_flex valign_top type_default stacking_default\"><div class=\"vc_col-sm-12 wpb_column vc_column_container\"><div class=\"vc_column-inner\"><div class=\"wpb_wrapper\"><div class=\"w-separator size_custom\" style=\"height:200px\" id=\"m273\"><style>@media(max-width:1024px){ #m273{height:140px!important}}@media(max-width:600px){ #m273{height:40px!important}}<\/style><\/div><\/div><\/div><\/div><\/div><\/div><\/section><section class=\"l-section wpb_row height_small\"><div class=\"l-section-h i-cf\"><div class=\"g-cols vc_row via_flex valign_top type_default stacking_default\"><div class=\"vc_col-sm-6 wpb_column vc_column_container\"><div class=\"vc_column-inner\"><div class=\"wpb_wrapper\"><div class=\"w-separator us_custom_1f92799d has_text_color size_small with_line width_default thick_5 style_solid color_border align_center\"><div class=\"w-separator-h\"><\/div><\/div><h2 class=\"w-post-elm post_title align_left entry-title color_link_inherit\">BWT-250<\/h2><h4 class=\"w-text\"><span class=\"w-text-h\"><span class=\"w-text-value\">Y\u00fcksek Kalibreli Ate\u015fli Silahlar \u0130\u00e7in Etkili ve Y\u00fcksek Performansl\u0131 \u00c7\u00f6z\u00fcm<\/span><\/span><\/h4><div class=\"wpb_text_column\"><div class=\"wpb_wrapper\"><p><strong>BWT-250<\/strong>, tabanca ve t\u00fcfekler de dahil olmak \u00fczere farkl\u0131 ate\u015fli silahlardan kar\u015f\u0131la\u015ft\u0131rmal\u0131 mermilerin g\u00fcvenli, h\u0131zl\u0131 ve y\u00fcksek performansla elde edilmesini sa\u011flayan bir sistemdir.<\/p>\n<p><strong>Geleneksel mermi yakalama y\u00f6ntemleriyle<\/strong> (pamuk t\u00fcp veya ke\u00e7e katmanlar\u0131na at\u0131\u015f gibi) kar\u015f\u0131la\u015ft\u0131r\u0131ld\u0131\u011f\u0131nda, <strong>BWT-250<\/strong>, \u00e7ok daha h\u0131zl\u0131, g\u00fcvenli, dayan\u0131kl\u0131 ve kullan\u0131c\u0131 dostu \u00f6zellikleriyle balistik uzmanlar\u0131na \u00fcst\u00fcn do\u011frulukta sonu\u00e7lar sunar<\/p>\n<\/div><\/div><div class=\"wpb_text_column us_custom_cc14dd8c\"><div class=\"wpb_wrapper\"><table>\n<thead>\n<tr class=\"table-header\">\n<th id=\"\" class=\"\" colspan=\"\"><span class=\"data-table-header-text\">F\u0130Z\u0130KSEL \u00d6ZELL\u0130KLER<\/span><\/th>\n<th id=\"\" class=\"\" colspan=\"\"><\/th>\n<\/tr>\n<\/thead>\n<tbody>\n<tr>\n<td id=\"\" class=\"\" colspan=\"\" rowspan=\"\">\n<div class=\"td-content-wrapper\">\n<div class=\"td-content\">D\u0131\u015f Boyutlar (GxYxD)<\/div>\n<\/div>\n<\/td>\n<td id=\"\" class=\"\" colspan=\"\" rowspan=\"\">\n<div class=\"td-content-wrapper\">\n<div class=\"td-content\">124x163x335 cm<\/div>\n<\/div>\n<\/td>\n<\/tr>\n<tr>\n<td id=\"\" class=\"\" colspan=\"\" rowspan=\"\">\n<div class=\"td-content-wrapper\">\n<div class=\"td-content\">\u0130\u00e7 Boyutlar (GxYxD)<\/div>\n<\/div>\n<\/td>\n<td id=\"\" class=\"\" colspan=\"\" rowspan=\"\">\n<div class=\"td-content-wrapper\">\n<div class=\"td-content\">71.5x122x224 cm<\/div>\n<\/div>\n<\/td>\n<\/tr>\n<\/tbody>\n<\/table>\n<\/div><\/div><\/div><\/div><\/div><div class=\"vc_col-sm-6 wpb_column vc_column_container\"><div class=\"vc_column-inner\"><div class=\"wpb_wrapper\"><div id=\"ult-carousel-239171659769e763bbe5668\" class=\"ult-carousel-wrapper   ult_horizontal\" data-gutter=\"15\" data-rtl=\"false\" ><div class=\"ult-carousel-257638622269e763bbe5623 \" ><div class=\"ult-item-wrap\" data-animation=\"animated no-animation\"><div class=\"w-image align_none\"><div class=\"w-image-h\"><img loading=\"lazy\" decoding=\"async\" width=\"1024\" height=\"1024\" src=\"https:\/\/emtelectronics.com\/wp-content\/uploads\/2025\/03\/bwt250_12-1024x1024.webp\" class=\"attachment-large size-large\" alt=\"\" srcset=\"https:\/\/emtelectronics.com\/wp-content\/uploads\/2025\/03\/bwt250_12-1024x1024.webp 1024w, https:\/\/emtelectronics.com\/wp-content\/uploads\/2025\/03\/bwt250_12-300x300.webp 300w, https:\/\/emtelectronics.com\/wp-content\/uploads\/2025\/03\/bwt250_12-150x150.webp 150w, https:\/\/emtelectronics.com\/wp-content\/uploads\/2025\/03\/bwt250_12.webp 1500w\" sizes=\"auto, (max-width: 1024px) 100vw, 1024px\" \/><\/div><\/div><\/div><div class=\"ult-item-wrap\" data-animation=\"animated no-animation\"><div class=\"w-image align_none\"><div class=\"w-image-h\"><img loading=\"lazy\" decoding=\"async\" width=\"1024\" height=\"1024\" src=\"https:\/\/emtelectronics.com\/wp-content\/uploads\/2025\/03\/bwt250_13-1024x1024.webp\" class=\"attachment-large size-large\" alt=\"\" srcset=\"https:\/\/emtelectronics.com\/wp-content\/uploads\/2025\/03\/bwt250_13-1024x1024.webp 1024w, https:\/\/emtelectronics.com\/wp-content\/uploads\/2025\/03\/bwt250_13-300x300.webp 300w, https:\/\/emtelectronics.com\/wp-content\/uploads\/2025\/03\/bwt250_13-150x150.webp 150w, https:\/\/emtelectronics.com\/wp-content\/uploads\/2025\/03\/bwt250_13.webp 1500w\" sizes=\"auto, (max-width: 1024px) 100vw, 1024px\" \/><\/div><\/div><\/div><div class=\"ult-item-wrap\" data-animation=\"animated no-animation\"><div class=\"w-image align_none\"><div class=\"w-image-h\"><img loading=\"lazy\" decoding=\"async\" width=\"1024\" height=\"1024\" src=\"https:\/\/emtelectronics.com\/wp-content\/uploads\/2025\/03\/bwt250_15-1024x1024.webp\" class=\"attachment-large size-large\" alt=\"\" srcset=\"https:\/\/emtelectronics.com\/wp-content\/uploads\/2025\/03\/bwt250_15-1024x1024.webp 1024w, https:\/\/emtelectronics.com\/wp-content\/uploads\/2025\/03\/bwt250_15-300x300.webp 300w, https:\/\/emtelectronics.com\/wp-content\/uploads\/2025\/03\/bwt250_15-150x150.webp 150w, https:\/\/emtelectronics.com\/wp-content\/uploads\/2025\/03\/bwt250_15.webp 1500w\" sizes=\"auto, (max-width: 1024px) 100vw, 1024px\" \/><\/div><\/div><\/div><\/div><\/div>\t\t\t<script type=\"text\/javascript\">\r\n\t\t\t\tjQuery(document).ready(function ($) {\r\n\t\t\t\t\tif( typeof jQuery('.ult-carousel-257638622269e763bbe5623').slick == \"function\"){\r\n\t\t\t\t\t\t$('.ult-carousel-257638622269e763bbe5623').slick({dots: true,autoplay: true,autoplaySpeed: 5000,speed: 300,infinite: true,arrows: true,nextArrow: '<button type=\"button\" role=\"button\" aria-label=\"Next\" style=\"color:#333333; font-size:20px;\" class=\"slick-next default\"><i class=\"ultsl-arrow-right4\"><\/i><\/button>',prevArrow: '<button type=\"button\" role=\"button\" aria-label=\"Previous\" style=\"color:#333333; font-size:20px;\" class=\"slick-prev default\"><i class=\"ultsl-arrow-left4\"><\/i><\/button>',slidesToScroll:1,slidesToShow:1,swipe: true,draggable: true,touchMove: true,pauseOnHover: true,pauseOnFocus: false,responsive: [\r\n\t\t\t\t\t\t\t{\r\n\t\t\t\t\t\t\t  breakpoint: 1026,\r\n\t\t\t\t\t\t\t  settings: {\r\n\t\t\t\t\t\t\t\tslidesToShow: 1,\r\n\t\t\t\t\t\t\t\tslidesToScroll: 1,  \r\n\t\t\t\t\t\t\t  }\r\n\t\t\t\t\t\t\t},\r\n\t\t\t\t\t\t\t{\r\n\t\t\t\t\t\t\t  breakpoint: 1025,\r\n\t\t\t\t\t\t\t  settings: {\r\n\t\t\t\t\t\t\t\tslidesToShow: 1,\r\n\t\t\t\t\t\t\t\tslidesToScroll: 1\r\n\t\t\t\t\t\t\t  }\r\n\t\t\t\t\t\t\t},\r\n\t\t\t\t\t\t\t{\r\n\t\t\t\t\t\t\t  breakpoint: 760,\r\n\t\t\t\t\t\t\t  settings: {\r\n\t\t\t\t\t\t\t\tslidesToShow: 1,\r\n\t\t\t\t\t\t\t\tslidesToScroll: 1\r\n\t\t\t\t\t\t\t  }\r\n\t\t\t\t\t\t\t}\r\n\t\t\t\t\t\t],pauseOnDotsHover: true,customPaging: function(slider, i) {\r\n                   return '<i type=\"button\" style= \"color:#333333;\" class=\"ultsl-record\" data-role=\"none\"><\/i>';\r\n                },});\r\n\t\t\t\t\t}\r\n\t\t\t\t});\r\n\t\t\t<\/script>\r\n\t\t\t<\/div><\/div><\/div><\/div><\/div><\/section><section class=\"l-section wpb_row us_custom_4af741be height_small\"><div class=\"l-section-h i-cf\"><div class=\"g-cols vc_row via_flex valign_middle type_default stacking_default\"><div class=\"vc_col-sm-6 wpb_column vc_column_container\"><div class=\"vc_column-inner\"><div class=\"wpb_wrapper\"><h3 class=\"w-text us_custom_a574d586 has_text_color\"><span class=\"w-text-h\"><span class=\"w-text-value\">Tek Par\u00e7a G\u00f6vde<\/span><\/span><\/h3><div class=\"wpb_text_column\"><div class=\"wpb_wrapper\"><p><strong>BWT-250<\/strong>, 12.7 mm (.50 BMG) gibi y\u00fcksek kalibreli ate\u015fli silahlar i\u00e7in at\u0131\u015f yap\u0131lmas\u0131na olanak tan\u0131yan tek par\u00e7a bir g\u00f6vde yap\u0131s\u0131yla tasarlanm\u0131\u015ft\u0131r. Y\u00fcksek bas\u0131n\u00e7l\u0131 at\u0131\u015f ko\u015fullar\u0131na dayan\u0131kl\u0131 olup, tank\u0131n alt\u0131nda \u015fok emiciler bulunmaktad\u0131r. \u00c7oklu at\u0131\u015f g\u00f6revleri i\u00e7in uygundur.<\/p>\n<\/div><\/div><\/div><\/div><\/div><div class=\"vc_col-sm-6 wpb_column vc_column_container\"><div class=\"vc_column-inner\"><div class=\"wpb_wrapper\"><div class=\"w-image align_none\"><div class=\"w-image-h\"><img loading=\"lazy\" decoding=\"async\" width=\"1024\" height=\"590\" src=\"https:\/\/emtelectronics.com\/wp-content\/uploads\/2025\/01\/solid-1-1024x590.png\" class=\"attachment-large size-large\" alt=\"\" srcset=\"https:\/\/emtelectronics.com\/wp-content\/uploads\/2025\/01\/solid-1-1024x590.png 1024w, https:\/\/emtelectronics.com\/wp-content\/uploads\/2025\/01\/solid-1-300x173.png 300w, https:\/\/emtelectronics.com\/wp-content\/uploads\/2025\/01\/solid-1.png 1376w\" sizes=\"auto, (max-width: 1024px) 100vw, 1024px\" \/><\/div><\/div><\/div><\/div><\/div><\/div><\/div><\/section><section class=\"l-section wpb_row us_custom_4af741be height_small\"><div class=\"l-section-overlay\" style=\"background:#f5f5f5\"><\/div><div class=\"l-section-h i-cf\"><div class=\"g-cols vc_row via_flex valign_middle type_default stacking_default\"><div class=\"vc_col-sm-6 wpb_column vc_column_container\"><div class=\"vc_column-inner\"><div class=\"wpb_wrapper\"><div class=\"w-image align_none\"><div class=\"w-image-h\"><img loading=\"lazy\" decoding=\"async\" width=\"1024\" height=\"590\" src=\"https:\/\/emtelectronics.com\/wp-content\/uploads\/2025\/01\/pressure-1-1024x590.png\" class=\"attachment-large size-large\" alt=\"\" srcset=\"https:\/\/emtelectronics.com\/wp-content\/uploads\/2025\/01\/pressure-1-1024x590.png 1024w, https:\/\/emtelectronics.com\/wp-content\/uploads\/2025\/01\/pressure-1-300x173.png 300w, https:\/\/emtelectronics.com\/wp-content\/uploads\/2025\/01\/pressure-1.png 1376w\" sizes=\"auto, (max-width: 1024px) 100vw, 1024px\" \/><\/div><\/div><\/div><\/div><\/div><div class=\"vc_col-sm-6 wpb_column vc_column_container\"><div class=\"vc_column-inner\"><div class=\"wpb_wrapper\"><h3 class=\"w-text us_custom_a574d586 has_text_color\"><span class=\"w-text-h\"><span class=\"w-text-value\">Ak\u0131ll\u0131 Bas\u0131n\u00e7 Tahliye Sistemi<\/span><\/span><\/h3><div class=\"wpb_text_column\"><div class=\"wpb_wrapper\"><p>Mermi yakalama su tanklar\u0131nda ate\u015fli silahlar \u00e7ok y\u00fcksek bas\u0131n\u00e7 olu\u015fturur. Bu bas\u0131nc\u0131n g\u00fcvenli bir \u015fekilde tahliye edilmesi gerekir. <strong>Ak\u0131ll\u0131 Bas\u0131n\u00e7 Tahliye Sistemimiz<\/strong>, olu\u015fan bas\u0131nc\u0131 etkili bir \u015fekilde y\u00f6nlendirerek operat\u00f6rlerin kesintisiz olarak at\u0131\u015f yapmas\u0131n\u0131 sa\u011flar.<\/p>\n<\/div><\/div><\/div><\/div><\/div><\/div><\/div><\/section><section class=\"l-section wpb_row us_custom_4af741be height_small\"><div class=\"l-section-h i-cf\"><div class=\"g-cols vc_row via_flex valign_middle type_default stacking_default\"><div class=\"vc_col-sm-6 wpb_column vc_column_container\"><div class=\"vc_column-inner\"><div class=\"wpb_wrapper\"><h3 class=\"w-text us_custom_a574d586 has_text_color\"><span class=\"w-text-h\"><span class=\"w-text-value\">Vakum \u00c7ubu\u011fu<\/span><\/span><\/h3><div class=\"wpb_text_column\"><div class=\"wpb_wrapper\"><p>At\u0131\u015f sonras\u0131 mermilerin toplanmas\u0131 i\u00e7in vakum \u00e7ubu\u011fu kullan\u0131lmaktad\u0131r. Y\u00fcksek bas\u0131nca dayan\u0131m gereksinimi nedeniyle <strong>BWT-250<\/strong>, tek g\u00f6vde tasar\u0131m\u0131yla geli\u015ftirilmi\u015ftir. Vakum \u00e7ubu\u011fu aktive edilerek ate\u015flenen mermiler ve par\u00e7alar sadece birka\u00e7 dakika i\u00e7inde toplanabilir.<\/p>\n<\/div><\/div><\/div><\/div><\/div><div class=\"vc_col-sm-6 wpb_column vc_column_container\"><div class=\"vc_column-inner\"><div class=\"wpb_wrapper\"><div class=\"w-image align_none\"><div class=\"w-image-h\"><img loading=\"lazy\" decoding=\"async\" width=\"1024\" height=\"590\" src=\"https:\/\/emtelectronics.com\/wp-content\/uploads\/2025\/01\/solid-1-1024x590.png\" class=\"attachment-large size-large\" alt=\"\" srcset=\"https:\/\/emtelectronics.com\/wp-content\/uploads\/2025\/01\/solid-1-1024x590.png 1024w, https:\/\/emtelectronics.com\/wp-content\/uploads\/2025\/01\/solid-1-300x173.png 300w, https:\/\/emtelectronics.com\/wp-content\/uploads\/2025\/01\/solid-1.png 1376w\" sizes=\"auto, (max-width: 1024px) 100vw, 1024px\" \/><\/div><\/div><\/div><\/div><\/div><\/div><\/div><\/section><section class=\"l-section wpb_row height_small\"><div class=\"l-section-overlay\" style=\"background:#f5f5f5\"><\/div><div class=\"l-section-h i-cf\"><div class=\"g-cols vc_row via_flex valign_middle type_default stacking_default\"><div class=\"vc_col-sm-12 wpb_column vc_column_container\"><div class=\"vc_column-inner\"><div class=\"wpb_wrapper\"><h3 class=\"w-text us_custom_4edec70e has_text_color\"><span class=\"w-text-h\"><span class=\"w-text-value\">Desteklenen M\u00fchimmat<\/span><\/span><\/h3><div class=\"g-cols wpb_row via_flex valign_top type_default stacking_default\"><div class=\"vc_col-sm-6 wpb_column vc_column_container\"><div class=\"vc_column-inner\"><div class=\"wpb_wrapper\"><div class=\"w-iconbox us_custom_43d836d8 iconpos_left style_default color_primary align_left no_title\"><div class=\"w-iconbox-icon\" style=\"font-size:2rem;\"><i class=\"fas fa-check\"><\/i><\/div><div class=\"w-iconbox-meta\"><div class=\"w-iconbox-text\"><p>9 mm CZ-75 B Tabanca &#8211; 9x19mm<\/p>\n<\/div><\/div><\/div><div class=\"w-iconbox us_custom_43d836d8 iconpos_left style_default color_primary align_left no_title\"><div class=\"w-iconbox-icon\" style=\"font-size:2rem;\"><i class=\"fas fa-check\"><\/i><\/div><div class=\"w-iconbox-meta\"><div class=\"w-iconbox-text\"><p>9 mm MP-5 Hafif Makineli T\u00fcfek &#8211; 9x19mm<\/p>\n<\/div><\/div><\/div><div class=\"w-iconbox us_custom_43d836d8 iconpos_left style_default color_primary align_left no_title\"><div class=\"w-iconbox-icon\" style=\"font-size:2rem;\"><i class=\"fas fa-check\"><\/i><\/div><div class=\"w-iconbox-meta\"><div class=\"w-iconbox-text\"><p>7.62 mm AK-47 Sald\u0131r\u0131 T\u00fcfe\u011fi &#8211; 7.62x 39mm<\/p>\n<\/div><\/div><\/div><\/div><\/div><\/div><div class=\"vc_col-sm-6 wpb_column vc_column_container\"><div class=\"vc_column-inner\"><div class=\"wpb_wrapper\"><div class=\"w-iconbox us_custom_43d836d8 iconpos_left style_default color_primary align_left no_title\"><div class=\"w-iconbox-icon\" style=\"font-size:2rem;\"><i class=\"fas fa-check\"><\/i><\/div><div class=\"w-iconbox-meta\"><div class=\"w-iconbox-text\"><p>7.62 mm G-3 Sald\u0131r\u0131 T\u00fcfe\u011fi &#8211; 7.62x 51mm<\/p>\n<\/div><\/div><\/div><div class=\"w-iconbox us_custom_43d836d8 iconpos_left style_default color_primary align_left no_title\"><div class=\"w-iconbox-icon\" style=\"font-size:2rem;\"><i class=\"fas fa-check\"><\/i><\/div><div class=\"w-iconbox-meta\"><div class=\"w-iconbox-text\"><p>7.62 mm Dragunov Keskin Ni\u015fanc\u0131 T\u00fcfe\u011fi &#8211; 7.62x 54mm<\/p>\n<\/div><\/div><\/div><div class=\"w-iconbox us_custom_43d836d8 iconpos_left style_default color_primary align_left no_title\"><div class=\"w-iconbox-icon\" style=\"font-size:2rem;\"><i class=\"fas fa-check\"><\/i><\/div><div class=\"w-iconbox-meta\"><div class=\"w-iconbox-text\"><p>5.56 mm M-16 Sald\u0131r\u0131 T\u00fcfe\u011fi \u2013 5.56x45mm<\/p>\n<\/div><\/div><\/div><div class=\"w-iconbox us_custom_43d836d8 iconpos_left style_default color_primary align_left no_title\"><div class=\"w-iconbox-icon\" style=\"font-size:2rem;\"><i class=\"fas fa-check\"><\/i><\/div><div class=\"w-iconbox-meta\"><div class=\"w-iconbox-text\"><p>12.7 x 0.99 mm &#8211; .50 BMG<\/p>\n<\/div><\/div><\/div><\/div><\/div><\/div><\/div><\/div><\/div><\/div><\/div><\/div><\/section>\n","protected":false},"excerpt":{"rendered":"BWT-250Y\u00fcksek Kalibreli Ate\u015fli Silahlar \u0130\u00e7in Etkili ve Y\u00fcksek Performansl\u0131 \u00c7\u00f6z\u00fcmBWT-250, tabanca ve t\u00fcfekler de dahil olmak \u00fczere farkl\u0131 ate\u015fli silahlardan kar\u015f\u0131la\u015ft\u0131rmal\u0131 mermilerin g\u00fcvenli, h\u0131zl\u0131 ve y\u00fcksek performansla elde edilmesini sa\u011flayan bir sistemdir. Geleneksel mermi yakalama y\u00f6ntemleriyle (pamuk t\u00fcp veya ke\u00e7e katmanlar\u0131na at\u0131\u015f gibi) kar\u015f\u0131la\u015ft\u0131r\u0131ld\u0131\u011f\u0131nda, BWT-250, \u00e7ok daha h\u0131zl\u0131, g\u00fcvenli, dayan\u0131kl\u0131 ve kullan\u0131c\u0131 dostu \u00f6zellikleriyle balistik...","protected":false},"author":1,"featured_media":0,"parent":0,"menu_order":0,"comment_status":"closed","ping_status":"closed","template":"","meta":{"footnotes":""},"class_list":["post-9390","page","type-page","status-publish","hentry"],"_links":{"self":[{"href":"https:\/\/emtelectronics.com\/tr\/wp-json\/wp\/v2\/pages\/9390","targetHints":{"allow":["GET"]}}],"collection":[{"href":"https:\/\/emtelectronics.com\/tr\/wp-json\/wp\/v2\/pages"}],"about":[{"href":"https:\/\/emtelectronics.com\/tr\/wp-json\/wp\/v2\/types\/page"}],"author":[{"embeddable":true,"href":"https:\/\/emtelectronics.com\/tr\/wp-json\/wp\/v2\/users\/1"}],"replies":[{"embeddable":true,"href":"https:\/\/emtelectronics.com\/tr\/wp-json\/wp\/v2\/comments?post=9390"}],"version-history":[{"count":9,"href":"https:\/\/emtelectronics.com\/tr\/wp-json\/wp\/v2\/pages\/9390\/revisions"}],"predecessor-version":[{"id":10332,"href":"https:\/\/emtelectronics.com\/tr\/wp-json\/wp\/v2\/pages\/9390\/revisions\/10332"}],"wp:attachment":[{"href":"https:\/\/emtelectronics.com\/tr\/wp-json\/wp\/v2\/media?parent=9390"}],"curies":[{"name":"wp","href":"https:\/\/api.w.org\/{rel}","templated":true}]}}