{"id":9902,"date":"2025-04-29T18:24:56","date_gmt":"2025-04-29T15:24:56","guid":{"rendered":"https:\/\/emtelectronics.com?page_id=9902"},"modified":"2025-05-14T19:45:39","modified_gmt":"2025-05-14T16:45:39","slug":"rts-300-uzaktan-tetikleme-sistemi","status":"publish","type":"page","link":"https:\/\/emtelectronics.com\/tr\/rts-300-uzaktan-tetikleme-sistemi\/","title":{"rendered":"RTS-300 Uzaktan Tetikleme Sistemi"},"content":{"rendered":"<section class=\"l-section wpb_row us_custom_619d8aa9 height_auto with_img\"><div class=\"l-section-img\" style=\"background-image: url(https:\/\/emtelectronics.com\/wp-content\/uploads\/2025\/01\/fts-300-bg.jpg);background-repeat: no-repeat;\" data-img-width=\"1923\" data-img-height=\"478\"><\/div><div class=\"l-section-h i-cf\"><div class=\"g-cols vc_row via_flex valign_top type_default stacking_default\"><div class=\"vc_col-sm-12 wpb_column vc_column_container\"><div class=\"vc_column-inner\"><div class=\"wpb_wrapper\"><div class=\"w-separator size_custom\" style=\"height:200px\" id=\"c3e8\"><style>@media(max-width:1024px){ #c3e8{height:140px!important}}@media(max-width:600px){ #c3e8{height:40px!important}}<\/style><\/div><\/div><\/div><\/div><\/div><\/div><\/section><section class=\"l-section wpb_row us_custom_bfa48b71 height_small\"><div class=\"l-section-h i-cf\"><div class=\"g-cols vc_row via_flex valign_middle type_default stacking_default\"><div class=\"vc_col-sm-6 wpb_column vc_column_container\"><div class=\"vc_column-inner\"><div class=\"wpb_wrapper\"><div class=\"w-separator us_custom_1f92799d has_text_color size_small with_line width_default thick_5 style_solid color_border align_center\"><div class=\"w-separator-h\"><\/div><\/div><h2 class=\"w-post-elm post_title align_left entry-title color_link_inherit\">RTS-300 Uzaktan Tetikleme Sistemi<\/h2><div class=\"wpb_text_column\"><div class=\"wpb_wrapper\"><p><strong>RTS-300 Uzaktan Tetikleme \u0130stasyonu<\/strong>, yeni geli\u015ftirilen silahlar\u0131n canl\u0131 at\u0131\u015f testleri s\u0131ras\u0131nda maksimum g\u00fcvenlik sa\u011flamak \u00fczere tasarlanm\u0131\u015ft\u0131r. \u00d6zellikle ate\u015fli silah \u00fcreticileri i\u00e7in geli\u015ftirilen bu sistem, operat\u00f6rlerin prototip modelleri do\u011frudan fiziksel temas olmadan test etmelerine olanak tan\u0131r; erken a\u015fama do\u011frulama s\u00fcre\u00e7lerinde ar\u0131za veya geri tepme kaynakl\u0131 yaralanma riskini \u00f6nemli \u00f6l\u00e7\u00fcde azalt\u0131r.<\/p>\n<p>Uzaktan kumandal\u0131 tetikleme mekanizmas\u0131yla donat\u0131lan <strong>RTS-300<\/strong>, ayarlanabilir aral\u0131klarla g\u00fcvenli ve tekrarlanabilir at\u0131\u015f dizileri sa\u011flar. Bu \u00f6zellik, dayan\u0131kl\u0131l\u0131k testleri, at\u0131\u015f d\u00f6ng\u00fcs\u00fc analizleri ve kalite kontrol protokolleri i\u00e7in idealdir.<\/p>\n<p><strong><a href=\"https:\/\/emtelectronics.com\/tr\/fts-300-m\/\">FTS-300 serisi<\/a> sistemlerle tamamen uyumlu<\/strong> olan RTS-300, hem kapal\u0131 hem de a\u00e7\u0131k at\u0131\u015f poligonlar\u0131nda ba\u011f\u0131ms\u0131z bir birim olarak da g\u00fcvenilir \u015fekilde \u00e7al\u0131\u015fabilir. \u00dcreticilerin test s\u00fcre\u00e7lerini kolayla\u015ft\u0131r\u0131rken personel g\u00fcvenli\u011fini en \u00fcst d\u00fczeyde tutar.<\/p>\n<\/div><\/div><\/div><\/div><\/div><div class=\"vc_col-sm-6 wpb_column vc_column_container\"><div class=\"vc_column-inner\"><div class=\"wpb_wrapper\"><div id=\"ult-carousel-365631629269e751c0ebf3f\" class=\"ult-carousel-wrapper   ult_horizontal\" data-gutter=\"15\" data-rtl=\"false\" ><div class=\"ult-carousel-391164607969e751c0ebef5 \" ><div class=\"ult-item-wrap\" data-animation=\"animated no-animation\"><div class=\"w-image align_none\"><div class=\"w-image-h\"><img loading=\"lazy\" decoding=\"async\" width=\"1024\" height=\"576\" src=\"https:\/\/emtelectronics.com\/wp-content\/uploads\/2025\/03\/rts_300_04-1024x576.webp\" class=\"attachment-large size-large\" alt=\"\" srcset=\"https:\/\/emtelectronics.com\/wp-content\/uploads\/2025\/03\/rts_300_04-1024x576.webp 1024w, https:\/\/emtelectronics.com\/wp-content\/uploads\/2025\/03\/rts_300_04-300x169.webp 300w, https:\/\/emtelectronics.com\/wp-content\/uploads\/2025\/03\/rts_300_04.webp 1500w\" sizes=\"auto, (max-width: 1024px) 100vw, 1024px\" \/><\/div><\/div><\/div><div class=\"ult-item-wrap\" data-animation=\"animated no-animation\"><div class=\"w-image align_none\"><div class=\"w-image-h\"><img loading=\"lazy\" decoding=\"async\" width=\"1024\" height=\"576\" src=\"https:\/\/emtelectronics.com\/wp-content\/uploads\/2025\/03\/rts_300_Silahli_01-1024x576.webp\" class=\"attachment-large size-large\" alt=\"\" srcset=\"https:\/\/emtelectronics.com\/wp-content\/uploads\/2025\/03\/rts_300_Silahli_01-1024x576.webp 1024w, https:\/\/emtelectronics.com\/wp-content\/uploads\/2025\/03\/rts_300_Silahli_01-300x169.webp 300w, https:\/\/emtelectronics.com\/wp-content\/uploads\/2025\/03\/rts_300_Silahli_01.webp 1500w\" sizes=\"auto, (max-width: 1024px) 100vw, 1024px\" \/><\/div><\/div><\/div><div class=\"ult-item-wrap\" data-animation=\"animated no-animation\"><div class=\"w-image align_none\"><div class=\"w-image-h\"><img loading=\"lazy\" decoding=\"async\" width=\"1024\" height=\"576\" src=\"https:\/\/emtelectronics.com\/wp-content\/uploads\/2025\/03\/rts_300_Silahli_06-1024x576.webp\" class=\"attachment-large size-large\" alt=\"\" srcset=\"https:\/\/emtelectronics.com\/wp-content\/uploads\/2025\/03\/rts_300_Silahli_06-1024x576.webp 1024w, https:\/\/emtelectronics.com\/wp-content\/uploads\/2025\/03\/rts_300_Silahli_06-300x169.webp 300w, https:\/\/emtelectronics.com\/wp-content\/uploads\/2025\/03\/rts_300_Silahli_06.webp 1500w\" sizes=\"auto, (max-width: 1024px) 100vw, 1024px\" \/><\/div><\/div><\/div><div class=\"ult-item-wrap\" data-animation=\"animated no-animation\"><div class=\"w-image align_none\"><div class=\"w-image-h\"><img loading=\"lazy\" decoding=\"async\" width=\"1024\" height=\"576\" src=\"https:\/\/emtelectronics.com\/wp-content\/uploads\/2025\/03\/rts_300_03_01-1024x576.webp\" class=\"attachment-large size-large\" alt=\"\" srcset=\"https:\/\/emtelectronics.com\/wp-content\/uploads\/2025\/03\/rts_300_03_01-1024x576.webp 1024w, https:\/\/emtelectronics.com\/wp-content\/uploads\/2025\/03\/rts_300_03_01-300x169.webp 300w, https:\/\/emtelectronics.com\/wp-content\/uploads\/2025\/03\/rts_300_03_01-1536x864.webp 1536w, https:\/\/emtelectronics.com\/wp-content\/uploads\/2025\/03\/rts_300_03_01.webp 1920w\" sizes=\"auto, (max-width: 1024px) 100vw, 1024px\" \/><\/div><\/div><\/div><\/div><\/div>\t\t\t<script type=\"text\/javascript\">\r\n\t\t\t\tjQuery(document).ready(function ($) {\r\n\t\t\t\t\tif( typeof jQuery('.ult-carousel-391164607969e751c0ebef5').slick == \"function\"){\r\n\t\t\t\t\t\t$('.ult-carousel-391164607969e751c0ebef5').slick({dots: true,autoplay: true,autoplaySpeed: 5000,speed: 300,infinite: true,arrows: true,nextArrow: '<button type=\"button\" role=\"button\" aria-label=\"Next\" style=\"color:#333333; font-size:20px;\" class=\"slick-next default\"><i class=\"ultsl-arrow-right4\"><\/i><\/button>',prevArrow: '<button type=\"button\" role=\"button\" aria-label=\"Previous\" style=\"color:#333333; font-size:20px;\" class=\"slick-prev default\"><i class=\"ultsl-arrow-left4\"><\/i><\/button>',slidesToScroll:1,slidesToShow:1,swipe: true,draggable: true,touchMove: true,pauseOnHover: true,pauseOnFocus: false,responsive: [\r\n\t\t\t\t\t\t\t{\r\n\t\t\t\t\t\t\t  breakpoint: 1026,\r\n\t\t\t\t\t\t\t  settings: {\r\n\t\t\t\t\t\t\t\tslidesToShow: 1,\r\n\t\t\t\t\t\t\t\tslidesToScroll: 1,  \r\n\t\t\t\t\t\t\t  }\r\n\t\t\t\t\t\t\t},\r\n\t\t\t\t\t\t\t{\r\n\t\t\t\t\t\t\t  breakpoint: 1025,\r\n\t\t\t\t\t\t\t  settings: {\r\n\t\t\t\t\t\t\t\tslidesToShow: 1,\r\n\t\t\t\t\t\t\t\tslidesToScroll: 1\r\n\t\t\t\t\t\t\t  }\r\n\t\t\t\t\t\t\t},\r\n\t\t\t\t\t\t\t{\r\n\t\t\t\t\t\t\t  breakpoint: 760,\r\n\t\t\t\t\t\t\t  settings: {\r\n\t\t\t\t\t\t\t\tslidesToShow: 1,\r\n\t\t\t\t\t\t\t\tslidesToScroll: 1\r\n\t\t\t\t\t\t\t  }\r\n\t\t\t\t\t\t\t}\r\n\t\t\t\t\t\t],pauseOnDotsHover: true,customPaging: function(slider, i) {\r\n                   return '<i type=\"button\" style= \"color:#333333;\" class=\"ultsl-record\" data-role=\"none\"><\/i>';\r\n                },});\r\n\t\t\t\t\t}\r\n\t\t\t\t});\r\n\t\t\t<\/script>\r\n\t\t\t<\/div><\/div><\/div><\/div><\/div><\/section><section class=\"l-section wpb_row us_custom_de366d1c us_animate_this height_small\"><div class=\"l-section-h i-cf\"><div class=\"g-cols vc_row via_flex valign_top type_default stacking_default\"><div class=\"vc_col-sm-12 wpb_column vc_column_container\"><div class=\"vc_column-inner\"><div class=\"wpb_wrapper\"><div class=\"wpb_text_column us_custom_cef352cb has_text_color us_animate_this\"><div class=\"wpb_wrapper\"><p style=\"text-align: center;\">Ba\u015fl\u0131ca Avantajlar<\/p>\n<\/div><\/div><div class=\"w-separator size_small with_line width_50 thick_2 style_solid color_primary align_center\"><div class=\"w-separator-h\"><\/div><\/div><\/div><\/div><\/div><\/div><\/div><\/section><section class=\"l-section wpb_row us_custom_b74f6679 us_animate_this height_small\"><div class=\"l-section-h i-cf\"><div class=\"g-cols vc_row via_flex valign_top type_default stacking_default\"><div class=\"vc_col-sm-3 wpb_column vc_column_container\"><div class=\"vc_column-inner\"><div class=\"wpb_wrapper\"><div class=\"w-iconbox iconpos_top style_default color_primary align_center no_text icontype_img\"><div class=\"w-iconbox-icon\" style=\"font-size:9rem;\"><img loading=\"lazy\" decoding=\"async\" width=\"838\" height=\"838\" src=\"https:\/\/emtelectronics.com\/wp-content\/uploads\/2025\/01\/Risk-1-1.png\" class=\"attachment-full size-full\" alt=\"\" srcset=\"https:\/\/emtelectronics.com\/wp-content\/uploads\/2025\/01\/Risk-1-1.png 838w, https:\/\/emtelectronics.com\/wp-content\/uploads\/2025\/01\/Risk-1-1-300x300.png 300w, https:\/\/emtelectronics.com\/wp-content\/uploads\/2025\/01\/Risk-1-1-150x150.png 150w\" sizes=\"auto, (max-width: 838px) 100vw, 838px\" \/><\/div><div class=\"w-iconbox-meta\"><h6 class=\"w-iconbox-title\">Sekme Riskini Ortadan Kald\u0131r\u0131r<\/h6><\/div><\/div><\/div><\/div><\/div><div class=\"vc_col-sm-3 wpb_column vc_column_container\"><div class=\"vc_column-inner\"><div class=\"wpb_wrapper\"><div class=\"w-iconbox iconpos_top style_default color_primary align_center no_text icontype_img\"><div class=\"w-iconbox-icon\" style=\"font-size:9rem;\"><img loading=\"lazy\" decoding=\"async\" width=\"833\" height=\"833\" src=\"https:\/\/emtelectronics.com\/wp-content\/uploads\/2025\/01\/hearing-1.png\" class=\"attachment-full size-full\" alt=\"\" srcset=\"https:\/\/emtelectronics.com\/wp-content\/uploads\/2025\/01\/hearing-1.png 833w, https:\/\/emtelectronics.com\/wp-content\/uploads\/2025\/01\/hearing-1-300x300.png 300w, https:\/\/emtelectronics.com\/wp-content\/uploads\/2025\/01\/hearing-1-150x150.png 150w\" sizes=\"auto, (max-width: 833px) 100vw, 833px\" \/><\/div><div class=\"w-iconbox-meta\"><h6 class=\"w-iconbox-title\">Operat\u00f6r G\u00fcvenli\u011fini Sa\u011flar<\/h6><\/div><\/div><\/div><\/div><\/div><div class=\"vc_col-sm-3 wpb_column vc_column_container\"><div class=\"vc_column-inner\"><div class=\"wpb_wrapper\"><div class=\"w-iconbox iconpos_top style_default color_primary align_center no_text icontype_img\"><div class=\"w-iconbox-icon\" style=\"font-size:9rem;\"><img loading=\"lazy\" decoding=\"async\" width=\"833\" height=\"833\" src=\"https:\/\/emtelectronics.com\/wp-content\/uploads\/2025\/01\/Robust.png\" class=\"attachment-full size-full\" alt=\"\" srcset=\"https:\/\/emtelectronics.com\/wp-content\/uploads\/2025\/01\/Robust.png 833w, https:\/\/emtelectronics.com\/wp-content\/uploads\/2025\/01\/Robust-300x300.png 300w, https:\/\/emtelectronics.com\/wp-content\/uploads\/2025\/01\/Robust-150x150.png 150w\" sizes=\"auto, (max-width: 833px) 100vw, 833px\" \/><\/div><div class=\"w-iconbox-meta\"><h6 class=\"w-iconbox-title\">Operasyon S\u00fcresinden Tasarruf<\/h6><\/div><\/div><\/div><\/div><\/div><div class=\"vc_col-sm-3 wpb_column vc_column_container\"><div class=\"vc_column-inner\"><div class=\"wpb_wrapper\"><div class=\"w-iconbox iconpos_top style_default color_primary align_center no_text icontype_img\"><div class=\"w-iconbox-icon\" style=\"font-size:9rem;\"><img loading=\"lazy\" decoding=\"async\" width=\"833\" height=\"833\" src=\"https:\/\/emtelectronics.com\/wp-content\/uploads\/2025\/01\/Wide.png\" class=\"attachment-full size-full\" alt=\"\" srcset=\"https:\/\/emtelectronics.com\/wp-content\/uploads\/2025\/01\/Wide.png 833w, https:\/\/emtelectronics.com\/wp-content\/uploads\/2025\/01\/Wide-300x300.png 300w, https:\/\/emtelectronics.com\/wp-content\/uploads\/2025\/01\/Wide-150x150.png 150w\" sizes=\"auto, (max-width: 833px) 100vw, 833px\" \/><\/div><div class=\"w-iconbox-meta\"><h6 class=\"w-iconbox-title\">Geni\u015f Ate\u015fli Silah ve M\u00fchimmat Uyumlulu\u011fu<\/h6><\/div><\/div><\/div><\/div><\/div><\/div><\/div><\/section><section class=\"l-section wpb_row us_custom_b74f6679 us_animate_this height_small\"><div class=\"l-section-h i-cf\"><div class=\"g-cols vc_row via_flex valign_top type_default stacking_default\"><div class=\"vc_col-sm-3 wpb_column vc_column_container\"><div class=\"vc_column-inner\"><div class=\"wpb_wrapper\"><div class=\"w-iconbox iconpos_top style_default color_primary align_center no_text icontype_img\"><div class=\"w-iconbox-icon\" style=\"font-size:9rem;\"><img loading=\"lazy\" decoding=\"async\" width=\"833\" height=\"833\" src=\"https:\/\/emtelectronics.com\/wp-content\/uploads\/2025\/01\/Continuous.png\" class=\"attachment-full size-full\" alt=\"\" srcset=\"https:\/\/emtelectronics.com\/wp-content\/uploads\/2025\/01\/Continuous.png 833w, https:\/\/emtelectronics.com\/wp-content\/uploads\/2025\/01\/Continuous-300x300.png 300w, https:\/\/emtelectronics.com\/wp-content\/uploads\/2025\/01\/Continuous-150x150.png 150w\" sizes=\"auto, (max-width: 833px) 100vw, 833px\" \/><\/div><div class=\"w-iconbox-meta\"><h6 class=\"w-iconbox-title\">S\u00fcrekli At\u0131\u015f Yetene\u011fi<\/h6><\/div><\/div><\/div><\/div><\/div><div class=\"vc_col-sm-3 wpb_column vc_column_container\"><div class=\"vc_column-inner\"><div class=\"wpb_wrapper\"><div class=\"w-iconbox iconpos_top style_default color_primary align_center no_text icontype_img\"><div class=\"w-iconbox-icon\" style=\"font-size:9rem;\"><img loading=\"lazy\" decoding=\"async\" width=\"833\" height=\"833\" src=\"https:\/\/emtelectronics.com\/wp-content\/uploads\/2025\/01\/Angle.png\" class=\"attachment-full size-full\" alt=\"\" srcset=\"https:\/\/emtelectronics.com\/wp-content\/uploads\/2025\/01\/Angle.png 833w, https:\/\/emtelectronics.com\/wp-content\/uploads\/2025\/01\/Angle-300x300.png 300w, https:\/\/emtelectronics.com\/wp-content\/uploads\/2025\/01\/Angle-150x150.png 150w\" sizes=\"auto, (max-width: 833px) 100vw, 833px\" \/><\/div><div class=\"w-iconbox-meta\"><h6 class=\"w-iconbox-title\">Ayarlanabilir At\u0131\u015f A\u00e7\u0131s\u0131 (0\u00b0\u201320\u00b0)<\/h6><\/div><\/div><\/div><\/div><\/div><div class=\"vc_col-sm-3 wpb_column vc_column_container\"><div class=\"vc_column-inner\"><div class=\"wpb_wrapper\"><div class=\"w-iconbox iconpos_top style_default color_primary align_center no_text icontype_img\"><div class=\"w-iconbox-icon\" style=\"font-size:9rem;\"><img loading=\"lazy\" decoding=\"async\" width=\"833\" height=\"833\" src=\"https:\/\/emtelectronics.com\/wp-content\/uploads\/2025\/01\/Steel.png\" class=\"attachment-full size-full\" alt=\"\" srcset=\"https:\/\/emtelectronics.com\/wp-content\/uploads\/2025\/01\/Steel.png 833w, https:\/\/emtelectronics.com\/wp-content\/uploads\/2025\/01\/Steel-300x300.png 300w, https:\/\/emtelectronics.com\/wp-content\/uploads\/2025\/01\/Steel-150x150.png 150w\" sizes=\"auto, (max-width: 833px) 100vw, 833px\" \/><\/div><div class=\"w-iconbox-meta\"><h6 class=\"w-iconbox-title\">Dayan\u0131kl\u0131 \u00c7elik Konstr\u00fcksiyon<\/h6><\/div><\/div><\/div><\/div><\/div><div class=\"vc_col-sm-3 wpb_column vc_column_container\"><div class=\"vc_column-inner\"><div class=\"wpb_wrapper\"><div class=\"w-iconbox iconpos_top style_default color_primary align_center no_text icontype_img\"><div class=\"w-iconbox-icon\" style=\"font-size:9rem;\"><img loading=\"lazy\" decoding=\"async\" width=\"833\" height=\"833\" src=\"https:\/\/emtelectronics.com\/wp-content\/uploads\/2025\/01\/Reload.png\" class=\"attachment-full size-full\" alt=\"\" srcset=\"https:\/\/emtelectronics.com\/wp-content\/uploads\/2025\/01\/Reload.png 833w, https:\/\/emtelectronics.com\/wp-content\/uploads\/2025\/01\/Reload-300x300.png 300w, https:\/\/emtelectronics.com\/wp-content\/uploads\/2025\/01\/Reload-150x150.png 150w\" sizes=\"auto, (max-width: 833px) 100vw, 833px\" \/><\/div><div class=\"w-iconbox-meta\"><h6 class=\"w-iconbox-title\">Silah\u0131 \u00c7\u0131karmadan Yeniden Y\u00fckleme \u0130mkan\u0131<\/h6><\/div><\/div><\/div><\/div><\/div><\/div><\/div><\/section><section class=\"l-section wpb_row height_custom color_primary\"><div class=\"l-section-overlay\" style=\"background:linear-gradient(90deg,#ed1c24,#5c0000)\"><\/div><div class=\"l-section-h i-cf\"><div class=\"g-cols vc_row via_flex valign_top type_default stacking_default\"><div class=\"vc_col-sm-2 wpb_column vc_column_container\"><div class=\"vc_column-inner\"><div class=\"wpb_wrapper\"><\/div><\/div><\/div><div class=\"vc_col-sm-8 wpb_column vc_column_container\"><div class=\"vc_column-inner\"><div class=\"wpb_wrapper\"><div class=\"w-html\"><video width=\"100%\" height=\"auto\" controls>\n  <source src=\"https:\/\/epikman.com.tr\/emtelectronics\/wp-content\/uploads\/2025\/01\/Fts-300-Rts-100-S-1.m4v\" type=\"video\/mp4\">\n  Your browser does not support the video tag.\n<\/video><\/div><\/div><\/div><\/div><div class=\"vc_col-sm-2 wpb_column vc_column_container\"><div class=\"vc_column-inner\"><div class=\"wpb_wrapper\"><\/div><\/div><\/div><\/div><\/div><\/section>\n","protected":false},"excerpt":{"rendered":"RTS-300 Uzaktan Tetikleme SistemiRTS-300 Uzaktan Tetikleme \u0130stasyonu, yeni geli\u015ftirilen silahlar\u0131n canl\u0131 at\u0131\u015f testleri s\u0131ras\u0131nda maksimum g\u00fcvenlik sa\u011flamak \u00fczere tasarlanm\u0131\u015ft\u0131r. \u00d6zellikle ate\u015fli silah \u00fcreticileri i\u00e7in geli\u015ftirilen bu sistem, operat\u00f6rlerin prototip modelleri do\u011frudan fiziksel temas olmadan test etmelerine olanak tan\u0131r; erken a\u015fama do\u011frulama s\u00fcre\u00e7lerinde ar\u0131za veya geri tepme kaynakl\u0131 yaralanma riskini \u00f6nemli \u00f6l\u00e7\u00fcde azalt\u0131r. Uzaktan kumandal\u0131 tetikleme...","protected":false},"author":1,"featured_media":0,"parent":0,"menu_order":0,"comment_status":"closed","ping_status":"closed","template":"","meta":{"footnotes":""},"class_list":["post-9902","page","type-page","status-publish","hentry"],"_links":{"self":[{"href":"https:\/\/emtelectronics.com\/tr\/wp-json\/wp\/v2\/pages\/9902","targetHints":{"allow":["GET"]}}],"collection":[{"href":"https:\/\/emtelectronics.com\/tr\/wp-json\/wp\/v2\/pages"}],"about":[{"href":"https:\/\/emtelectronics.com\/tr\/wp-json\/wp\/v2\/types\/page"}],"author":[{"embeddable":true,"href":"https:\/\/emtelectronics.com\/tr\/wp-json\/wp\/v2\/users\/1"}],"replies":[{"embeddable":true,"href":"https:\/\/emtelectronics.com\/tr\/wp-json\/wp\/v2\/comments?post=9902"}],"version-history":[{"count":4,"href":"https:\/\/emtelectronics.com\/tr\/wp-json\/wp\/v2\/pages\/9902\/revisions"}],"predecessor-version":[{"id":10335,"href":"https:\/\/emtelectronics.com\/tr\/wp-json\/wp\/v2\/pages\/9902\/revisions\/10335"}],"wp:attachment":[{"href":"https:\/\/emtelectronics.com\/tr\/wp-json\/wp\/v2\/media?parent=9902"}],"curies":[{"name":"wp","href":"https:\/\/api.w.org\/{rel}","templated":true}]}}